{"id":7320,"date":"2021-03-08T13:38:15","date_gmt":"2021-08-13T12:36:57","guid":{"rendered":"http:\/\/slacktivity.com\/shop\/hangover-s-screw-gate\/"},"modified":"2025-01-28T15:47:03","modified_gmt":"2025-01-28T15:47:03","slug":"hangover-screw-gate","status":"publish","type":"product","link":"https:\/\/slacktivity.com\/pt-pt\/shop\/hangover-screw-gate\/","title":{"rendered":"HangOver-S | Screw-gate 2.0"},"content":{"rendered":"<h2>The Screw-gate HangOver &#8211; Mosquet\u00e3o de highline com trinco<\/h2>\n<p>O <strong>HangOver da SLACKTIVITY <\/strong> demorou mais de uma ano a desenvolver, in\u00fameros prot\u00f3tipos, c\u00e1lculos, e testes para criar o<strong>primeiro mosquet\u00e3o de slackline com rolamentos<\/strong>. O <strong>Screw-gate<\/strong><strong>HangOver, <\/strong>assim como as outras vers\u00f5es, \u00e9 um <strong>mosquet\u00e3o de highline<\/strong> que tamb\u00e9m pode ser usado para tensionar slacklines de 25mm de largura ou para rolar ao longo de uma slackline de 25mm com quase nenhuma fric\u00e7\u00e3o. O HangOver foi desenhado ergonomicamente para uma utiliza\u00e7\u00e3o pr\u00e1tica e f\u00e1cil. O<a href=\"https:\/\/slacktivity.com\/pt-pt\/category\/pecas-de-tensionamento\/hangovers\/\">HangOver<\/a> tem uma superf\u00edcie suave que assegura que a linha n\u00e3o \u00e9 danificada com a sua utiliza\u00e7\u00e3o. A linha passa sobre os rolamentos, com uma largura de 27.5mm, e HangOVer mantem-se sempre alinhado.<\/p>\n<p>A<strong>screw-gate<\/strong>, que permite trancar abertura, confere seguran\u00e7a extra \u00e0 pe\u00e7a enquanto \u00e9 usada para deslizar em highlines, prevenindo quedas na leash. Especialmente pare resgastes, pode ser usado como dispositivo de seguran\u00e7a pessoal. Com a abertura trancada \u00e9 imposs\u00edvel que, <a>acidentalmente,<\/a> o HangOver se possa prender\/engatar na linha durante uma queda na leash.<\/p>\n<p><strong>Apresentando o Hangover Screw Gate 2.0<\/strong>, agora com recursos aprimorados para uma experi\u00eancia ainda mais suave. Fizemos algumas melhorias para oferecer um produto excepcional. Veja o que h\u00e1 de novo:  <\/p>\n<ul>\n<li><strong>Abertura mais larga para desempenho superior<\/strong>: Ampli\u00e1mos a abertura dos rolamentos para 28,7mm, em compara\u00e7\u00e3o com os 27,5mm anteriores. Esse ajuste garante maior estabilidade e precis\u00e3o, facilitando o rolamento sobre fitas, T-Loops, conex\u00f5es costuradas ou fitas enroladas. <\/li>\n<li><strong>Rolamentos<\/strong>: Os rolamentos de esferas do Hangover 2.0 foram projetados para se alinhar de maneira praticamente perfeita um ao lado do outro. Essa caracter\u00edstica de design elimina qualquer interfer\u00eancia e garante um movimento consistente e suave. Com isso, voc\u00ea pode manusear as fitas de slackline sem esfor\u00e7o, sem o risco de ficarem presas, oferecendo mais controle e liberdade durante as sess\u00f5es de highline.  <\/li>\n<\/ul>\n<h2>Aplica\u00e7\u00f5es<\/h2>\n<ul>\n<li>Serve para deslizar em highlines<\/li>\n<li>Serve como multiplicador em sistemas de tensionamento Ellington\/primitivos.<\/li>\n<li>Construa um HangOver <a href=\"https:\/\/slacktivity.com\/pt-pt\/category\/pecas-de-tensionamento\/\">Pulley System<\/a><\/li>\n<li>Tamb\u00e9m pode ser usado com uma roldana simples.<\/li>\n<\/ul>\n<h2>Especifica\u00e7\u00f5es<\/h2>\n<ul>\n<li><a href=\"https:\/\/www.psacertified.org\/certified-products\/\" target=\"_blank\" rel=\"noopener\">Certificado PSA CE 0194<\/a><\/li>\n<li>Largura dos rolamentos: 27.8 mm<\/li>\n<li>Minimum Breaking Strength (MBS) Eixo Maior: 22 kN<\/li>\n<li>MBS com porta aberta: 6 kN<\/li>\n<li>MBS Eixo Menos: 7 kN<\/li>\n<li>Max. Working Load Limit (WLL): 4 kN<\/li>\n<li>Dimens\u00f5es: 124 x 62 x 28 mm<\/li>\n<li>Peso: 157 g<\/li>\n<li>Material: alum\u00ednio forjado a quente para aeronaves 7075-T6, anodizado verde<\/li>\n<li>Rolamentos: 19mm; Sealing: 2RS; Cr: 2.80 kN, Cor: 1.06 kN<\/li>\n<\/ul>\n<p>O design deste produto est\u00e1 protegido pela lei internacional (Design registado internacionalmente &#8211; <a href=\"https:\/\/www3.wipo.int\/designdb\/en\/showData.jsp?ID=HAGUE.D095081\" target=\"_blank\" rel=\"noopener\">WIPO<\/a> DM \/ 095081)<\/p>\n","protected":false},"excerpt":{"rendered":"<p>Indispens\u00e1vel para qualquer highliner e sistemas de tensionamento leves (HangOver Pulley Systems). O primeiro equipamento desenvolvido especificamente para highline, com certifica\u00e7\u00e3o PSA. O HangOver screw-gate oferece seguran\u00e7a adicional.<\/p>\n","protected":false},"featured_media":14233,"comment_status":"open","ping_status":"closed","template":"","meta":{"_acf_changed":false,"_joinchat":[]},"product_cat":[513,529,890,528],"product_tag":[552,555],"class_list":{"0":"post-7320","1":"product","2":"type-product","3":"status-publish","4":"has-post-thumbnail","6":"product_cat-equipamento-de-highline","7":"product_cat-hangovers","8":"product_cat-mosquetoes-de-slackline","9":"product_cat-pecas-de-tensionamento","10":"product_tag-highline","11":"product_tag-longline","13":"first","14":"instock","15":"taxable","16":"shipping-taxable","17":"purchasable","18":"product-type-variable","swatches":"rey-swatches","show_selected":""},"acf":[],"yoast_head":"<!-- This site is optimized with the Yoast SEO plugin v27.4 - https:\/\/yoast.com\/product\/yoast-seo-wordpress\/ -->\n<title>HangOver-S: Hangover com Screw Gate | SLACKTIVITY<\/title>\n<meta name=\"description\" content=\"O HangOver-S Screw-gate \u00e9 mosquet\u00e3o de slackline com rolamentos e trinco. Pode ser usado para deslizar sobre highline ou opera\u00e7\u00f5es de resgate.\" \/>\n<meta name=\"robots\" content=\"index, follow, max-snippet:-1, max-image-preview:large, max-video-preview:-1\" \/>\n<link rel=\"canonical\" href=\"https:\/\/slacktivity.com\/pt-pt\/shop\/hangover-screw-gate\/\" \/>\n<meta property=\"og:locale\" content=\"pt_PT\" \/>\n<meta property=\"og:type\" content=\"article\" \/>\n<meta property=\"og:title\" content=\"HangOver-S: Hangover com Screw Gate | SLACKTIVITY\" \/>\n<meta property=\"og:description\" content=\"O HangOver-S Screw-gate \u00e9 mosquet\u00e3o de slackline com rolamentos e trinco. Pode ser usado para deslizar sobre highline ou opera\u00e7\u00f5es de resgate.\" \/>\n<meta property=\"og:url\" content=\"https:\/\/slacktivity.com\/pt-pt\/shop\/hangover-screw-gate\/\" \/>\n<meta property=\"og:site_name\" content=\"Slacktivity Slacklines International Shop\" \/>\n<meta property=\"article:publisher\" content=\"https:\/\/www.facebook.com\/SLACKTIVITY\/\" \/>\n<meta property=\"article:modified_time\" content=\"2025-01-28T15:47:03+00:00\" \/>\n<meta property=\"og:image\" content=\"https:\/\/slacktivity.com\/wp-content\/uploads\/2024\/07\/hangover-screw-gate-highline-carabiner.jpg\" \/>\n\t<meta property=\"og:image:width\" content=\"1180\" \/>\n\t<meta property=\"og:image:height\" content=\"1377\" \/>\n\t<meta property=\"og:image:type\" content=\"image\/jpeg\" \/>\n<meta name=\"twitter:card\" content=\"summary_large_image\" \/>\n<meta name=\"twitter:label1\" content=\"Tempo estimado de leitura\" \/>\n\t<meta name=\"twitter:data1\" content=\"2 minutos\" \/>\n<script type=\"application\/ld+json\" class=\"yoast-schema-graph\">{\"@context\":\"https:\\\/\\\/schema.org\",\"@graph\":[{\"@type\":\"WebPage\",\"@id\":\"https:\\\/\\\/slacktivity.com\\\/pt-pt\\\/shop\\\/hangover-screw-gate\\\/\",\"url\":\"https:\\\/\\\/slacktivity.com\\\/pt-pt\\\/shop\\\/hangover-screw-gate\\\/\",\"name\":\"HangOver-S: Hangover com Screw Gate | SLACKTIVITY\",\"isPartOf\":{\"@id\":\"https:\\\/\\\/slacktivity.com\\\/pt-pt\\\/#website\"},\"primaryImageOfPage\":{\"@id\":\"https:\\\/\\\/slacktivity.com\\\/pt-pt\\\/shop\\\/hangover-screw-gate\\\/#primaryimage\"},\"image\":{\"@id\":\"https:\\\/\\\/slacktivity.com\\\/pt-pt\\\/shop\\\/hangover-screw-gate\\\/#primaryimage\"},\"thumbnailUrl\":\"https:\\\/\\\/slacktivity.com\\\/wp-content\\\/uploads\\\/2024\\\/07\\\/hangover-screw-gate-highline-carabiner.jpg\",\"datePublished\":\"2021-08-13T12:36:57+00:00\",\"dateModified\":\"2025-01-28T15:47:03+00:00\",\"description\":\"O HangOver-S Screw-gate \u00e9 mosquet\u00e3o de slackline com rolamentos e trinco. Pode ser usado para deslizar sobre highline ou opera\u00e7\u00f5es de resgate.\",\"breadcrumb\":{\"@id\":\"https:\\\/\\\/slacktivity.com\\\/pt-pt\\\/shop\\\/hangover-screw-gate\\\/#breadcrumb\"},\"inLanguage\":\"pt-PT\",\"potentialAction\":[{\"@type\":\"ReadAction\",\"target\":[\"https:\\\/\\\/slacktivity.com\\\/pt-pt\\\/shop\\\/hangover-screw-gate\\\/\"]}]},{\"@type\":\"ImageObject\",\"inLanguage\":\"pt-PT\",\"@id\":\"https:\\\/\\\/slacktivity.com\\\/pt-pt\\\/shop\\\/hangover-screw-gate\\\/#primaryimage\",\"url\":\"https:\\\/\\\/slacktivity.com\\\/wp-content\\\/uploads\\\/2024\\\/07\\\/hangover-screw-gate-highline-carabiner.jpg\",\"contentUrl\":\"https:\\\/\\\/slacktivity.com\\\/wp-content\\\/uploads\\\/2024\\\/07\\\/hangover-screw-gate-highline-carabiner.jpg\",\"width\":1180,\"height\":1377,\"caption\":\"Compressed by jpeg-recompress Created with GIMP\"},{\"@type\":\"BreadcrumbList\",\"@id\":\"https:\\\/\\\/slacktivity.com\\\/pt-pt\\\/shop\\\/hangover-screw-gate\\\/#breadcrumb\",\"itemListElement\":[{\"@type\":\"ListItem\",\"position\":1,\"name\":\"Home\",\"item\":\"https:\\\/\\\/slacktivity.com\\\/pt-pt\\\/\"},{\"@type\":\"ListItem\",\"position\":2,\"name\":\"loja\",\"item\":\"https:\\\/\\\/slacktivity.com\\\/pt-pt\\\/loja\\\/\"},{\"@type\":\"ListItem\",\"position\":3,\"name\":\"HangOver-S | Screw-gate 2.0\"}]},{\"@type\":\"WebSite\",\"@id\":\"https:\\\/\\\/slacktivity.com\\\/pt-pt\\\/#website\",\"url\":\"https:\\\/\\\/slacktivity.com\\\/pt-pt\\\/\",\"name\":\"Slacktivity Slacklines International Shop\",\"description\":\"Discover the innovative products of Slacktivity. Swiss designed premium slackline gear. Advice from our experts for the best and a safe slackline experience.\",\"publisher\":{\"@id\":\"https:\\\/\\\/slacktivity.com\\\/pt-pt\\\/#organization\"},\"potentialAction\":[{\"@type\":\"SearchAction\",\"target\":{\"@type\":\"EntryPoint\",\"urlTemplate\":\"https:\\\/\\\/slacktivity.com\\\/pt-pt\\\/?s={search_term_string}\"},\"query-input\":{\"@type\":\"PropertyValueSpecification\",\"valueRequired\":true,\"valueName\":\"search_term_string\"}}],\"inLanguage\":\"pt-PT\"},{\"@type\":\"Organization\",\"@id\":\"https:\\\/\\\/slacktivity.com\\\/pt-pt\\\/#organization\",\"name\":\"Slacktivity Slacklines\",\"url\":\"https:\\\/\\\/slacktivity.com\\\/pt-pt\\\/\",\"logo\":{\"@type\":\"ImageObject\",\"inLanguage\":\"pt-PT\",\"@id\":\"https:\\\/\\\/slacktivity.com\\\/pt-pt\\\/#\\\/schema\\\/logo\\\/image\\\/\",\"url\":\"https:\\\/\\\/slacktivity.com\\\/wp-content\\\/uploads\\\/2021\\\/01\\\/slacktivity-slackline-online-shop-1.png\",\"contentUrl\":\"https:\\\/\\\/slacktivity.com\\\/wp-content\\\/uploads\\\/2021\\\/01\\\/slacktivity-slackline-online-shop-1.png\",\"width\":200,\"height\":77,\"caption\":\"Slacktivity Slacklines\"},\"image\":{\"@id\":\"https:\\\/\\\/slacktivity.com\\\/pt-pt\\\/#\\\/schema\\\/logo\\\/image\\\/\"},\"sameAs\":[\"https:\\\/\\\/www.facebook.com\\\/SLACKTIVITY\\\/\",\"https:\\\/\\\/www.instagram.com\\\/slacktivity\\\/\"]}]}<\/script>\n<!-- \/ Yoast SEO plugin. -->","yoast_head_json":{"title":"HangOver-S: Hangover com Screw Gate | SLACKTIVITY","description":"O HangOver-S Screw-gate \u00e9 mosquet\u00e3o de slackline com rolamentos e trinco. Pode ser usado para deslizar sobre highline ou opera\u00e7\u00f5es de resgate.","robots":{"index":"index","follow":"follow","max-snippet":"max-snippet:-1","max-image-preview":"max-image-preview:large","max-video-preview":"max-video-preview:-1"},"canonical":"https:\/\/slacktivity.com\/pt-pt\/shop\/hangover-screw-gate\/","og_locale":"pt_PT","og_type":"article","og_title":"HangOver-S: Hangover com Screw Gate | SLACKTIVITY","og_description":"O HangOver-S Screw-gate \u00e9 mosquet\u00e3o de slackline com rolamentos e trinco. Pode ser usado para deslizar sobre highline ou opera\u00e7\u00f5es de resgate.","og_url":"https:\/\/slacktivity.com\/pt-pt\/shop\/hangover-screw-gate\/","og_site_name":"Slacktivity Slacklines International Shop","article_publisher":"https:\/\/www.facebook.com\/SLACKTIVITY\/","article_modified_time":"2025-01-28T15:47:03+00:00","og_image":[{"width":1180,"height":1377,"url":"https:\/\/slacktivity.com\/wp-content\/uploads\/2024\/07\/hangover-screw-gate-highline-carabiner.jpg","type":"image\/jpeg"}],"twitter_card":"summary_large_image","twitter_misc":{"Tempo estimado de leitura":"2 minutos"},"schema":{"@context":"https:\/\/schema.org","@graph":[{"@type":"WebPage","@id":"https:\/\/slacktivity.com\/pt-pt\/shop\/hangover-screw-gate\/","url":"https:\/\/slacktivity.com\/pt-pt\/shop\/hangover-screw-gate\/","name":"HangOver-S: Hangover com Screw Gate | SLACKTIVITY","isPartOf":{"@id":"https:\/\/slacktivity.com\/pt-pt\/#website"},"primaryImageOfPage":{"@id":"https:\/\/slacktivity.com\/pt-pt\/shop\/hangover-screw-gate\/#primaryimage"},"image":{"@id":"https:\/\/slacktivity.com\/pt-pt\/shop\/hangover-screw-gate\/#primaryimage"},"thumbnailUrl":"https:\/\/slacktivity.com\/wp-content\/uploads\/2024\/07\/hangover-screw-gate-highline-carabiner.jpg","datePublished":"2021-08-13T12:36:57+00:00","dateModified":"2025-01-28T15:47:03+00:00","description":"O HangOver-S Screw-gate \u00e9 mosquet\u00e3o de slackline com rolamentos e trinco. Pode ser usado para deslizar sobre highline ou opera\u00e7\u00f5es de resgate.","breadcrumb":{"@id":"https:\/\/slacktivity.com\/pt-pt\/shop\/hangover-screw-gate\/#breadcrumb"},"inLanguage":"pt-PT","potentialAction":[{"@type":"ReadAction","target":["https:\/\/slacktivity.com\/pt-pt\/shop\/hangover-screw-gate\/"]}]},{"@type":"ImageObject","inLanguage":"pt-PT","@id":"https:\/\/slacktivity.com\/pt-pt\/shop\/hangover-screw-gate\/#primaryimage","url":"https:\/\/slacktivity.com\/wp-content\/uploads\/2024\/07\/hangover-screw-gate-highline-carabiner.jpg","contentUrl":"https:\/\/slacktivity.com\/wp-content\/uploads\/2024\/07\/hangover-screw-gate-highline-carabiner.jpg","width":1180,"height":1377,"caption":"Compressed by jpeg-recompress Created with GIMP"},{"@type":"BreadcrumbList","@id":"https:\/\/slacktivity.com\/pt-pt\/shop\/hangover-screw-gate\/#breadcrumb","itemListElement":[{"@type":"ListItem","position":1,"name":"Home","item":"https:\/\/slacktivity.com\/pt-pt\/"},{"@type":"ListItem","position":2,"name":"loja","item":"https:\/\/slacktivity.com\/pt-pt\/loja\/"},{"@type":"ListItem","position":3,"name":"HangOver-S | Screw-gate 2.0"}]},{"@type":"WebSite","@id":"https:\/\/slacktivity.com\/pt-pt\/#website","url":"https:\/\/slacktivity.com\/pt-pt\/","name":"Slacktivity Slacklines International Shop","description":"Discover the innovative products of Slacktivity. Swiss designed premium slackline gear. Advice from our experts for the best and a safe slackline experience.","publisher":{"@id":"https:\/\/slacktivity.com\/pt-pt\/#organization"},"potentialAction":[{"@type":"SearchAction","target":{"@type":"EntryPoint","urlTemplate":"https:\/\/slacktivity.com\/pt-pt\/?s={search_term_string}"},"query-input":{"@type":"PropertyValueSpecification","valueRequired":true,"valueName":"search_term_string"}}],"inLanguage":"pt-PT"},{"@type":"Organization","@id":"https:\/\/slacktivity.com\/pt-pt\/#organization","name":"Slacktivity Slacklines","url":"https:\/\/slacktivity.com\/pt-pt\/","logo":{"@type":"ImageObject","inLanguage":"pt-PT","@id":"https:\/\/slacktivity.com\/pt-pt\/#\/schema\/logo\/image\/","url":"https:\/\/slacktivity.com\/wp-content\/uploads\/2021\/01\/slacktivity-slackline-online-shop-1.png","contentUrl":"https:\/\/slacktivity.com\/wp-content\/uploads\/2021\/01\/slacktivity-slackline-online-shop-1.png","width":200,"height":77,"caption":"Slacktivity Slacklines"},"image":{"@id":"https:\/\/slacktivity.com\/pt-pt\/#\/schema\/logo\/image\/"},"sameAs":["https:\/\/www.facebook.com\/SLACKTIVITY\/","https:\/\/www.instagram.com\/slacktivity\/"]}]}},"_links":{"self":[{"href":"https:\/\/slacktivity.com\/pt-pt\/wp-json\/wp\/v2\/product\/7320","targetHints":{"allow":["GET"]}}],"collection":[{"href":"https:\/\/slacktivity.com\/pt-pt\/wp-json\/wp\/v2\/product"}],"about":[{"href":"https:\/\/slacktivity.com\/pt-pt\/wp-json\/wp\/v2\/types\/product"}],"replies":[{"embeddable":true,"href":"https:\/\/slacktivity.com\/pt-pt\/wp-json\/wp\/v2\/comments?post=7320"}],"wp:featuredmedia":[{"embeddable":true,"href":"https:\/\/slacktivity.com\/pt-pt\/wp-json\/wp\/v2\/media\/14233"}],"wp:attachment":[{"href":"https:\/\/slacktivity.com\/pt-pt\/wp-json\/wp\/v2\/media?parent=7320"}],"wp:term":[{"taxonomy":"product_cat","embeddable":true,"href":"https:\/\/slacktivity.com\/pt-pt\/wp-json\/wp\/v2\/product_cat?post=7320"},{"taxonomy":"product_tag","embeddable":true,"href":"https:\/\/slacktivity.com\/pt-pt\/wp-json\/wp\/v2\/product_tag?post=7320"}],"curies":[{"name":"wp","href":"https:\/\/api.w.org\/{rel}","templated":true}]}}