{"id":7323,"date":"2023-11-09T09:00:15","date_gmt":"2021-08-13T13:06:40","guid":{"rendered":"http:\/\/slacktivity.com\/shop\/hangover-royal-pulley-carabiner\/"},"modified":"2025-01-28T15:49:32","modified_gmt":"2025-01-28T15:49:32","slug":"hangover-royal-pulley-carabiner","status":"publish","type":"product","link":"https:\/\/slacktivity.com\/pt-pt\/shop\/hangover-royal-pulley-carabiner\/","title":{"rendered":"HangOver Royal | Pulley Carabiner"},"content":{"rendered":"<h2>HangOver Royal: Pulley Carabiner<\/h2>\n<p>Est\u00e1 no nome \u2013 sem concess\u00f5es, o <strong>HangOver <\/strong>foi aprimorado para a vers\u00e3o real &#8220;<strong>Royal<\/strong>&#8220;.<\/p>\n<p> Os rolamentos de a\u00e7o inoxid\u00e1vel t\u00eam um alinhamento perfeito! Isso \u00e9 super f\u00e1cil de manusear com fitas de slackline de malha fina ou solta.<\/p>\n<p> Nunca mais ver\u00e1s o teu <strong>pulley carabiner<\/strong> ficar preso. Podes deslizar facilmente sobre qualquer tipo de slackline!<\/p>\n<p>O encaixe com os rolamentos tamb\u00e9m \u00e9 ligeiramente mais largo (28.7mm em vez de 27.5mm). O que torna f\u00e1cil rolar sobre fitas, <a href=\"\/shop\/pinktube-30m-200m\/\">T-Loops<\/a>, \u00e1reas costuradas de <a href=\"https:\/\/slacktivity.com\/pt-pt\/category\/linhas-de-slackline\/\">linhas <\/a>Tipo C e grandes conex\u00f5es com la\u00e7os e <a href=\"https:\/\/slacktivity.com\/pt-pt\/category\/quicklinks-para-slackline\/\">quicklinks<\/a>. Ele cativa n\u00e3o apenas externamente com a cor azul royal, mas tamb\u00e9m pelos rolamentos de esferas de a\u00e7o inoxid\u00e1vel alinhados de maneira praticamente perfeita um ao lado do outro.<\/p>\n<p>  O que, refor\u00e7amos, o torna ideal para usar com linhas ultra-finas.<\/p>\n<p>A guia tamb\u00e9m \u00e9 ligeiramente mais larga (28.7 em vez de 27.5mm), permitindo rolar facilmente sobre pontos de conex\u00e3o com os backups de highline, com fita-cola, T-Loops e zonas cozidas.<\/p>\n<h2>Uso:<\/h2>\n<ul>\n<li>Para deslizar sobre highlines<\/li>\n<li>Este pulley carabiner tamb\u00e9m pode ser usado como multiplicador em sistemas primitivos.<\/li>\n<li>Integrado como roldana num HangOverPulley system<\/li>\n<li>Pode ser usado como uma roldana simples, para cordas.<\/li>\n<li>Pode ser usado em ambientes h\u00famidos e pr\u00f3ximos do mar!<\/li>\n<\/ul>\n<h2>Especif\u00edca\u00e7\u00f5es<\/h2>\n<ul>\n<li>Largura dos rolamentos: 28.7 mm<\/li>\n<li>Minimum breaking strength (MBS): 18 kN<\/li>\n<li>MBS Aberto: 5 kN<\/li>\n<li>MBS &#8211; Eixo menor : 7 kN<\/li>\n<li>Working Load Limit (WLL): 4 kN<\/li>\n<li>Dimens\u00f5es: 124 x 62 x 28 mm<\/li>\n<li>Peso: 154 g<\/li>\n<li>Material: Aircraft aluminium<\/li>\n<li>Rolamentos: Stainless steel D=19.05mm; Seal: 2RS; Cr: 2.80 kN, Cr0: 1.06kN<\/li>\n<\/ul>\n<p>O design deste produto est\u00e1 protegido (registered international design- <a href=\"https:\/\/www.wipo.int\/reference\/en\/designdb\/\" target=\"_blank\" rel=\"noopener\">WIPO<\/a> DM\/095081)<\/p>\n","protected":false},"excerpt":{"rendered":"<p>&#8220;Desliza como um Rei&#8221; com o novo HangOver \u00abRoyal\u00bb da SLACKTIVITY &#8211; sem folgas, n\u00e3o enferruja. Perfeito para deslizar sobre highlines perto do mar ou como pulley carabiner, para tensionar a sua linha.<\/p>\n","protected":false},"featured_media":13206,"comment_status":"open","ping_status":"closed","template":"","meta":{"_acf_changed":false,"_joinchat":[]},"product_cat":[513,529,890],"product_tag":[552,555],"class_list":{"0":"post-7323","1":"product","2":"type-product","3":"status-publish","4":"has-post-thumbnail","6":"product_cat-equipamento-de-highline","7":"product_cat-hangovers","8":"product_cat-mosquetoes-de-slackline","9":"product_tag-highline","10":"product_tag-longline","11":"pa_brand-slacktivity-pt-pt","13":"first","14":"instock","15":"featured","16":"taxable","17":"shipping-taxable","18":"purchasable","19":"product-type-simple","swatches":"rey-swatches","show_selected":""},"acf":[],"yoast_head":"<!-- This site is optimized with the Yoast SEO plugin v27.4 - https:\/\/yoast.com\/product\/yoast-seo-wordpress\/ -->\n<title>HangOver Royal | Pulley Carabiner | A\u00e7o inoxid\u00e1vel<\/title>\n<meta name=\"description\" content=\"O Hangover Royal \u00e9 um mosquet\u00e3o de slackline e highline com rolamentos de a\u00e7o inoxid\u00e1vel. Para deslizar em highlines e tensionar linhas.\" \/>\n<meta name=\"robots\" content=\"index, follow, max-snippet:-1, max-image-preview:large, max-video-preview:-1\" \/>\n<link rel=\"canonical\" href=\"https:\/\/slacktivity.com\/pt-pt\/shop\/hangover-royal-pulley-carabiner\/\" \/>\n<meta property=\"og:locale\" content=\"pt_PT\" \/>\n<meta property=\"og:type\" content=\"article\" \/>\n<meta property=\"og:title\" content=\"HangOver Royal | Pulley Carabiner | A\u00e7o inoxid\u00e1vel\" \/>\n<meta property=\"og:description\" content=\"O Hangover Royal \u00e9 um mosquet\u00e3o de slackline e highline com rolamentos de a\u00e7o inoxid\u00e1vel. Para deslizar em highlines e tensionar linhas.\" \/>\n<meta property=\"og:url\" content=\"https:\/\/slacktivity.com\/pt-pt\/shop\/hangover-royal-pulley-carabiner\/\" \/>\n<meta property=\"og:site_name\" content=\"Slacktivity Slacklines International Shop\" \/>\n<meta property=\"article:publisher\" content=\"https:\/\/www.facebook.com\/SLACKTIVITY\/\" \/>\n<meta property=\"article:modified_time\" content=\"2025-01-28T15:49:32+00:00\" \/>\n<meta property=\"og:image\" content=\"https:\/\/slacktivity.com\/wp-content\/uploads\/2023\/11\/hangover-royal-highlining-roller-and-pulley-carabiner-1.jpg\" \/>\n\t<meta property=\"og:image:width\" content=\"1180\" \/>\n\t<meta property=\"og:image:height\" content=\"1377\" \/>\n\t<meta property=\"og:image:type\" content=\"image\/jpeg\" \/>\n<meta name=\"twitter:card\" content=\"summary_large_image\" \/>\n<meta name=\"twitter:label1\" content=\"Tempo estimado de leitura\" \/>\n\t<meta name=\"twitter:data1\" content=\"1 minuto\" \/>\n<script type=\"application\/ld+json\" class=\"yoast-schema-graph\">{\"@context\":\"https:\\\/\\\/schema.org\",\"@graph\":[{\"@type\":\"WebPage\",\"@id\":\"https:\\\/\\\/slacktivity.com\\\/pt-pt\\\/shop\\\/hangover-royal-pulley-carabiner\\\/\",\"url\":\"https:\\\/\\\/slacktivity.com\\\/pt-pt\\\/shop\\\/hangover-royal-pulley-carabiner\\\/\",\"name\":\"HangOver Royal | Pulley Carabiner | A\u00e7o inoxid\u00e1vel\",\"isPartOf\":{\"@id\":\"https:\\\/\\\/slacktivity.com\\\/pt-pt\\\/#website\"},\"primaryImageOfPage\":{\"@id\":\"https:\\\/\\\/slacktivity.com\\\/pt-pt\\\/shop\\\/hangover-royal-pulley-carabiner\\\/#primaryimage\"},\"image\":{\"@id\":\"https:\\\/\\\/slacktivity.com\\\/pt-pt\\\/shop\\\/hangover-royal-pulley-carabiner\\\/#primaryimage\"},\"thumbnailUrl\":\"https:\\\/\\\/slacktivity.com\\\/wp-content\\\/uploads\\\/2023\\\/11\\\/hangover-royal-highlining-roller-and-pulley-carabiner-1.jpg\",\"datePublished\":\"2021-08-13T13:06:40+00:00\",\"dateModified\":\"2025-01-28T15:49:32+00:00\",\"description\":\"O Hangover Royal \u00e9 um mosquet\u00e3o de slackline e highline com rolamentos de a\u00e7o inoxid\u00e1vel. Para deslizar em highlines e tensionar linhas.\",\"breadcrumb\":{\"@id\":\"https:\\\/\\\/slacktivity.com\\\/pt-pt\\\/shop\\\/hangover-royal-pulley-carabiner\\\/#breadcrumb\"},\"inLanguage\":\"pt-PT\",\"potentialAction\":[{\"@type\":\"ReadAction\",\"target\":[\"https:\\\/\\\/slacktivity.com\\\/pt-pt\\\/shop\\\/hangover-royal-pulley-carabiner\\\/\"]}]},{\"@type\":\"ImageObject\",\"inLanguage\":\"pt-PT\",\"@id\":\"https:\\\/\\\/slacktivity.com\\\/pt-pt\\\/shop\\\/hangover-royal-pulley-carabiner\\\/#primaryimage\",\"url\":\"https:\\\/\\\/slacktivity.com\\\/wp-content\\\/uploads\\\/2023\\\/11\\\/hangover-royal-highlining-roller-and-pulley-carabiner-1.jpg\",\"contentUrl\":\"https:\\\/\\\/slacktivity.com\\\/wp-content\\\/uploads\\\/2023\\\/11\\\/hangover-royal-highlining-roller-and-pulley-carabiner-1.jpg\",\"width\":1180,\"height\":1377,\"caption\":\"hangover royal highlining roller and pulley carabiner\"},{\"@type\":\"BreadcrumbList\",\"@id\":\"https:\\\/\\\/slacktivity.com\\\/pt-pt\\\/shop\\\/hangover-royal-pulley-carabiner\\\/#breadcrumb\",\"itemListElement\":[{\"@type\":\"ListItem\",\"position\":1,\"name\":\"Home\",\"item\":\"https:\\\/\\\/slacktivity.com\\\/pt-pt\\\/\"},{\"@type\":\"ListItem\",\"position\":2,\"name\":\"loja\",\"item\":\"https:\\\/\\\/slacktivity.com\\\/pt-pt\\\/loja\\\/\"},{\"@type\":\"ListItem\",\"position\":3,\"name\":\"HangOver Royal | Pulley Carabiner\"}]},{\"@type\":\"WebSite\",\"@id\":\"https:\\\/\\\/slacktivity.com\\\/pt-pt\\\/#website\",\"url\":\"https:\\\/\\\/slacktivity.com\\\/pt-pt\\\/\",\"name\":\"Slacktivity Slacklines International Shop\",\"description\":\"Discover the innovative products of Slacktivity. Swiss designed premium slackline gear. Advice from our experts for the best and a safe slackline experience.\",\"publisher\":{\"@id\":\"https:\\\/\\\/slacktivity.com\\\/pt-pt\\\/#organization\"},\"potentialAction\":[{\"@type\":\"SearchAction\",\"target\":{\"@type\":\"EntryPoint\",\"urlTemplate\":\"https:\\\/\\\/slacktivity.com\\\/pt-pt\\\/?s={search_term_string}\"},\"query-input\":{\"@type\":\"PropertyValueSpecification\",\"valueRequired\":true,\"valueName\":\"search_term_string\"}}],\"inLanguage\":\"pt-PT\"},{\"@type\":\"Organization\",\"@id\":\"https:\\\/\\\/slacktivity.com\\\/pt-pt\\\/#organization\",\"name\":\"Slacktivity Slacklines\",\"url\":\"https:\\\/\\\/slacktivity.com\\\/pt-pt\\\/\",\"logo\":{\"@type\":\"ImageObject\",\"inLanguage\":\"pt-PT\",\"@id\":\"https:\\\/\\\/slacktivity.com\\\/pt-pt\\\/#\\\/schema\\\/logo\\\/image\\\/\",\"url\":\"https:\\\/\\\/slacktivity.com\\\/wp-content\\\/uploads\\\/2021\\\/01\\\/slacktivity-slackline-online-shop-1.png\",\"contentUrl\":\"https:\\\/\\\/slacktivity.com\\\/wp-content\\\/uploads\\\/2021\\\/01\\\/slacktivity-slackline-online-shop-1.png\",\"width\":200,\"height\":77,\"caption\":\"Slacktivity Slacklines\"},\"image\":{\"@id\":\"https:\\\/\\\/slacktivity.com\\\/pt-pt\\\/#\\\/schema\\\/logo\\\/image\\\/\"},\"sameAs\":[\"https:\\\/\\\/www.facebook.com\\\/SLACKTIVITY\\\/\",\"https:\\\/\\\/www.instagram.com\\\/slacktivity\\\/\"]}]}<\/script>\n<!-- \/ Yoast SEO plugin. -->","yoast_head_json":{"title":"HangOver Royal | Pulley Carabiner | A\u00e7o inoxid\u00e1vel","description":"O Hangover Royal \u00e9 um mosquet\u00e3o de slackline e highline com rolamentos de a\u00e7o inoxid\u00e1vel. Para deslizar em highlines e tensionar linhas.","robots":{"index":"index","follow":"follow","max-snippet":"max-snippet:-1","max-image-preview":"max-image-preview:large","max-video-preview":"max-video-preview:-1"},"canonical":"https:\/\/slacktivity.com\/pt-pt\/shop\/hangover-royal-pulley-carabiner\/","og_locale":"pt_PT","og_type":"article","og_title":"HangOver Royal | Pulley Carabiner | A\u00e7o inoxid\u00e1vel","og_description":"O Hangover Royal \u00e9 um mosquet\u00e3o de slackline e highline com rolamentos de a\u00e7o inoxid\u00e1vel. Para deslizar em highlines e tensionar linhas.","og_url":"https:\/\/slacktivity.com\/pt-pt\/shop\/hangover-royal-pulley-carabiner\/","og_site_name":"Slacktivity Slacklines International Shop","article_publisher":"https:\/\/www.facebook.com\/SLACKTIVITY\/","article_modified_time":"2025-01-28T15:49:32+00:00","og_image":[{"width":1180,"height":1377,"url":"https:\/\/slacktivity.com\/wp-content\/uploads\/2023\/11\/hangover-royal-highlining-roller-and-pulley-carabiner-1.jpg","type":"image\/jpeg"}],"twitter_card":"summary_large_image","twitter_misc":{"Tempo estimado de leitura":"1 minuto"},"schema":{"@context":"https:\/\/schema.org","@graph":[{"@type":"WebPage","@id":"https:\/\/slacktivity.com\/pt-pt\/shop\/hangover-royal-pulley-carabiner\/","url":"https:\/\/slacktivity.com\/pt-pt\/shop\/hangover-royal-pulley-carabiner\/","name":"HangOver Royal | Pulley Carabiner | A\u00e7o inoxid\u00e1vel","isPartOf":{"@id":"https:\/\/slacktivity.com\/pt-pt\/#website"},"primaryImageOfPage":{"@id":"https:\/\/slacktivity.com\/pt-pt\/shop\/hangover-royal-pulley-carabiner\/#primaryimage"},"image":{"@id":"https:\/\/slacktivity.com\/pt-pt\/shop\/hangover-royal-pulley-carabiner\/#primaryimage"},"thumbnailUrl":"https:\/\/slacktivity.com\/wp-content\/uploads\/2023\/11\/hangover-royal-highlining-roller-and-pulley-carabiner-1.jpg","datePublished":"2021-08-13T13:06:40+00:00","dateModified":"2025-01-28T15:49:32+00:00","description":"O Hangover Royal \u00e9 um mosquet\u00e3o de slackline e highline com rolamentos de a\u00e7o inoxid\u00e1vel. Para deslizar em highlines e tensionar linhas.","breadcrumb":{"@id":"https:\/\/slacktivity.com\/pt-pt\/shop\/hangover-royal-pulley-carabiner\/#breadcrumb"},"inLanguage":"pt-PT","potentialAction":[{"@type":"ReadAction","target":["https:\/\/slacktivity.com\/pt-pt\/shop\/hangover-royal-pulley-carabiner\/"]}]},{"@type":"ImageObject","inLanguage":"pt-PT","@id":"https:\/\/slacktivity.com\/pt-pt\/shop\/hangover-royal-pulley-carabiner\/#primaryimage","url":"https:\/\/slacktivity.com\/wp-content\/uploads\/2023\/11\/hangover-royal-highlining-roller-and-pulley-carabiner-1.jpg","contentUrl":"https:\/\/slacktivity.com\/wp-content\/uploads\/2023\/11\/hangover-royal-highlining-roller-and-pulley-carabiner-1.jpg","width":1180,"height":1377,"caption":"hangover royal highlining roller and pulley carabiner"},{"@type":"BreadcrumbList","@id":"https:\/\/slacktivity.com\/pt-pt\/shop\/hangover-royal-pulley-carabiner\/#breadcrumb","itemListElement":[{"@type":"ListItem","position":1,"name":"Home","item":"https:\/\/slacktivity.com\/pt-pt\/"},{"@type":"ListItem","position":2,"name":"loja","item":"https:\/\/slacktivity.com\/pt-pt\/loja\/"},{"@type":"ListItem","position":3,"name":"HangOver Royal | Pulley Carabiner"}]},{"@type":"WebSite","@id":"https:\/\/slacktivity.com\/pt-pt\/#website","url":"https:\/\/slacktivity.com\/pt-pt\/","name":"Slacktivity Slacklines International Shop","description":"Discover the innovative products of Slacktivity. Swiss designed premium slackline gear. Advice from our experts for the best and a safe slackline experience.","publisher":{"@id":"https:\/\/slacktivity.com\/pt-pt\/#organization"},"potentialAction":[{"@type":"SearchAction","target":{"@type":"EntryPoint","urlTemplate":"https:\/\/slacktivity.com\/pt-pt\/?s={search_term_string}"},"query-input":{"@type":"PropertyValueSpecification","valueRequired":true,"valueName":"search_term_string"}}],"inLanguage":"pt-PT"},{"@type":"Organization","@id":"https:\/\/slacktivity.com\/pt-pt\/#organization","name":"Slacktivity Slacklines","url":"https:\/\/slacktivity.com\/pt-pt\/","logo":{"@type":"ImageObject","inLanguage":"pt-PT","@id":"https:\/\/slacktivity.com\/pt-pt\/#\/schema\/logo\/image\/","url":"https:\/\/slacktivity.com\/wp-content\/uploads\/2021\/01\/slacktivity-slackline-online-shop-1.png","contentUrl":"https:\/\/slacktivity.com\/wp-content\/uploads\/2021\/01\/slacktivity-slackline-online-shop-1.png","width":200,"height":77,"caption":"Slacktivity Slacklines"},"image":{"@id":"https:\/\/slacktivity.com\/pt-pt\/#\/schema\/logo\/image\/"},"sameAs":["https:\/\/www.facebook.com\/SLACKTIVITY\/","https:\/\/www.instagram.com\/slacktivity\/"]}]}},"_links":{"self":[{"href":"https:\/\/slacktivity.com\/pt-pt\/wp-json\/wp\/v2\/product\/7323","targetHints":{"allow":["GET"]}}],"collection":[{"href":"https:\/\/slacktivity.com\/pt-pt\/wp-json\/wp\/v2\/product"}],"about":[{"href":"https:\/\/slacktivity.com\/pt-pt\/wp-json\/wp\/v2\/types\/product"}],"replies":[{"embeddable":true,"href":"https:\/\/slacktivity.com\/pt-pt\/wp-json\/wp\/v2\/comments?post=7323"}],"wp:featuredmedia":[{"embeddable":true,"href":"https:\/\/slacktivity.com\/pt-pt\/wp-json\/wp\/v2\/media\/13206"}],"wp:attachment":[{"href":"https:\/\/slacktivity.com\/pt-pt\/wp-json\/wp\/v2\/media?parent=7323"}],"wp:term":[{"taxonomy":"product_cat","embeddable":true,"href":"https:\/\/slacktivity.com\/pt-pt\/wp-json\/wp\/v2\/product_cat?post=7323"},{"taxonomy":"product_tag","embeddable":true,"href":"https:\/\/slacktivity.com\/pt-pt\/wp-json\/wp\/v2\/product_tag?post=7323"}],"curies":[{"name":"wp","href":"https:\/\/api.w.org\/{rel}","templated":true}]}}