{"id":7337,"date":"2021-03-08T13:38:11","date_gmt":"2021-08-13T13:20:14","guid":{"rendered":"http:\/\/slacktivity.com\/shop\/hangover-stainless\/"},"modified":"2023-01-27T12:16:45","modified_gmt":"2023-01-27T12:16:45","slug":"hangover-stainless","status":"publish","type":"product","link":"https:\/\/slacktivity.com\/pt-pt\/shop\/hangover-stainless\/","title":{"rendered":"HangOver Stainless"},"content":{"rendered":"<h2>HangOver Stainless<\/h2>\n<p>O HangOver Stainless \u00e9 uma evolu\u00e7\u00e3o da vers\u00e3o cl\u00e1ssica do HangOver. Tem rolamentos em a\u00e7o inoxid\u00e1vel, para ser usado perto do mar.<\/p>\n<h2>Destaques<\/h2>\n<ul>\n<li>Ferramenta para deslizar em <a href=\"\/?product_cat=highline-equipement\">Highlines<\/a><\/li>\n<li>Multiplicador para sistemas Ellington<\/li>\n<li>Permite construir um sistema de tensinamento completo<\/li>\n<li>Faltando uma roldana simples, o HangOver pode ser usado como alternativa.<\/li>\n<\/ul>\n<h2>Especif\u00edca\u00e7\u00f5es do HangOver Stainless<\/h2>\n<ul>\n<li>Largura dos rolamentos: 27.8 mm<\/li>\n<li>Longitudinal breaking load: 22 kN<\/li>\n<li>breaking load quando aberto: 6 kN<\/li>\n<li>breaking load transverse: 7 kN<\/li>\n<li>max. Workload (WLL): 4 kN<\/li>\n<li>Dimens\u00f5es: 124 x 62 x 28 mm<\/li>\n<li>Peso: 152 g<\/li>\n<li>Material: alum\u00ednio forjado a quente para aeronaves 7075-T6, anodizado preto<\/li>\n<li>Rolamentos: 19mm; resistente \u00e0 \u00e1gua: 2RS; Cr: 2.80 kN, Cor: 1.06kNu, feito em a\u00e7o inoxid\u00e1vel<\/li>\n<li>Abertura em verde anodizado<\/li>\n<\/ul>\n<p>Este HangOver n\u00e3o tem certifica\u00e7\u00e3o PSA mas foi desenvolvido de acordo com os requisitos de fabrico do HangOver certificado.<\/p>\n<p>Design protegido pela lei internacional (registered international design &#8211; <a href=\"https:\/\/www.wipo.int\/reference\/en\/designdb\/\" target=\"_blank\" rel=\"noopener\">WIPO<\/a> DM \/ 095081).<\/p>\n","protected":false},"excerpt":{"rendered":"<p>Indispens\u00e1vel para qualquer highliner e para slackliners que querem ter um kit de tensionamento eficiente e leve (HangOverPulley). NOVO, agora com rolamentos de a\u00e7o inoxid\u00e1vel.<\/p>\n","protected":false},"featured_media":7338,"comment_status":"open","ping_status":"closed","template":"","meta":{"_acf_changed":false,"_joinchat":[]},"product_cat":[513,529,890,528],"product_tag":[552,555],"class_list":{"0":"post-7337","1":"product","2":"type-product","3":"status-publish","4":"has-post-thumbnail","6":"product_cat-equipamento-de-highline","7":"product_cat-hangovers","8":"product_cat-mosquetoes-de-slackline","9":"product_cat-pecas-de-tensionamento","10":"product_tag-highline","11":"product_tag-longline","12":"pa_brand-slacktivity-pt-pt","14":"first","15":"instock","16":"taxable","17":"shipping-taxable","18":"purchasable","19":"product-type-simple","swatches":"rey-swatches","show_selected":""},"acf":[],"yoast_head":"<!-- This site is optimized with the Yoast SEO plugin v27.4 - https:\/\/yoast.com\/product\/yoast-seo-wordpress\/ -->\n<title>HangOver Stainless | SLACKTIVITY Online Shop<\/title>\n<meta name=\"description\" content=\"O HangOver Stainless \u00e9 uma evolu\u00e7\u00e3o da vers\u00e3o cl\u00e1ssica do HangOver. Tem rolamentos em a\u00e7o inoxid\u00e1vel, para ser usado perto do mar.\" \/>\n<meta name=\"robots\" content=\"index, follow, max-snippet:-1, max-image-preview:large, max-video-preview:-1\" \/>\n<link rel=\"canonical\" href=\"https:\/\/slacktivity.com\/pt-pt\/shop\/hangover-stainless\/\" \/>\n<meta property=\"og:locale\" content=\"pt_PT\" \/>\n<meta property=\"og:type\" content=\"article\" \/>\n<meta property=\"og:title\" content=\"HangOver Stainless | SLACKTIVITY Online Shop\" \/>\n<meta property=\"og:description\" content=\"O HangOver Stainless \u00e9 uma evolu\u00e7\u00e3o da vers\u00e3o cl\u00e1ssica do HangOver. Tem rolamentos em a\u00e7o inoxid\u00e1vel, para ser usado perto do mar.\" \/>\n<meta property=\"og:url\" content=\"https:\/\/slacktivity.com\/pt-pt\/shop\/hangover-stainless\/\" \/>\n<meta property=\"og:site_name\" content=\"Slacktivity Slacklines International Shop\" \/>\n<meta property=\"article:publisher\" content=\"https:\/\/www.facebook.com\/SLACKTIVITY\/\" \/>\n<meta property=\"article:modified_time\" content=\"2023-01-27T12:16:45+00:00\" \/>\n<meta property=\"og:image\" content=\"https:\/\/slacktivity.com\/wp-content\/uploads\/2021\/02\/slacktivity-hangover-stainless-black.jpg\" \/>\n\t<meta property=\"og:image:width\" content=\"1180\" \/>\n\t<meta property=\"og:image:height\" content=\"1377\" \/>\n\t<meta property=\"og:image:type\" content=\"image\/jpeg\" \/>\n<meta name=\"twitter:card\" content=\"summary_large_image\" \/>\n<meta name=\"twitter:label1\" content=\"Tempo estimado de leitura\" \/>\n\t<meta name=\"twitter:data1\" content=\"1 minuto\" \/>\n<script type=\"application\/ld+json\" class=\"yoast-schema-graph\">{\"@context\":\"https:\\\/\\\/schema.org\",\"@graph\":[{\"@type\":\"WebPage\",\"@id\":\"https:\\\/\\\/slacktivity.com\\\/pt-pt\\\/shop\\\/hangover-stainless\\\/\",\"url\":\"https:\\\/\\\/slacktivity.com\\\/pt-pt\\\/shop\\\/hangover-stainless\\\/\",\"name\":\"HangOver Stainless | SLACKTIVITY Online Shop\",\"isPartOf\":{\"@id\":\"https:\\\/\\\/slacktivity.com\\\/pt-pt\\\/#website\"},\"primaryImageOfPage\":{\"@id\":\"https:\\\/\\\/slacktivity.com\\\/pt-pt\\\/shop\\\/hangover-stainless\\\/#primaryimage\"},\"image\":{\"@id\":\"https:\\\/\\\/slacktivity.com\\\/pt-pt\\\/shop\\\/hangover-stainless\\\/#primaryimage\"},\"thumbnailUrl\":\"https:\\\/\\\/slacktivity.com\\\/wp-content\\\/uploads\\\/2021\\\/02\\\/slacktivity-hangover-stainless-black.jpg\",\"datePublished\":\"2021-08-13T13:20:14+00:00\",\"dateModified\":\"2023-01-27T12:16:45+00:00\",\"description\":\"O HangOver Stainless \u00e9 uma evolu\u00e7\u00e3o da vers\u00e3o cl\u00e1ssica do HangOver. Tem rolamentos em a\u00e7o inoxid\u00e1vel, para ser usado perto do mar.\",\"breadcrumb\":{\"@id\":\"https:\\\/\\\/slacktivity.com\\\/pt-pt\\\/shop\\\/hangover-stainless\\\/#breadcrumb\"},\"inLanguage\":\"pt-PT\",\"potentialAction\":[{\"@type\":\"ReadAction\",\"target\":[\"https:\\\/\\\/slacktivity.com\\\/pt-pt\\\/shop\\\/hangover-stainless\\\/\"]}]},{\"@type\":\"ImageObject\",\"inLanguage\":\"pt-PT\",\"@id\":\"https:\\\/\\\/slacktivity.com\\\/pt-pt\\\/shop\\\/hangover-stainless\\\/#primaryimage\",\"url\":\"https:\\\/\\\/slacktivity.com\\\/wp-content\\\/uploads\\\/2021\\\/02\\\/slacktivity-hangover-stainless-black.jpg\",\"contentUrl\":\"https:\\\/\\\/slacktivity.com\\\/wp-content\\\/uploads\\\/2021\\\/02\\\/slacktivity-hangover-stainless-black.jpg\",\"width\":1180,\"height\":1377,\"caption\":\"HangOver Stainless\"},{\"@type\":\"BreadcrumbList\",\"@id\":\"https:\\\/\\\/slacktivity.com\\\/pt-pt\\\/shop\\\/hangover-stainless\\\/#breadcrumb\",\"itemListElement\":[{\"@type\":\"ListItem\",\"position\":1,\"name\":\"Home\",\"item\":\"https:\\\/\\\/slacktivity.com\\\/pt-pt\\\/\"},{\"@type\":\"ListItem\",\"position\":2,\"name\":\"loja\",\"item\":\"https:\\\/\\\/slacktivity.com\\\/pt-pt\\\/loja\\\/\"},{\"@type\":\"ListItem\",\"position\":3,\"name\":\"HangOver Stainless\"}]},{\"@type\":\"WebSite\",\"@id\":\"https:\\\/\\\/slacktivity.com\\\/pt-pt\\\/#website\",\"url\":\"https:\\\/\\\/slacktivity.com\\\/pt-pt\\\/\",\"name\":\"Slacktivity Slacklines International Shop\",\"description\":\"Discover the innovative products of Slacktivity. Swiss designed premium slackline gear. Advice from our experts for the best and a safe slackline experience.\",\"publisher\":{\"@id\":\"https:\\\/\\\/slacktivity.com\\\/pt-pt\\\/#organization\"},\"potentialAction\":[{\"@type\":\"SearchAction\",\"target\":{\"@type\":\"EntryPoint\",\"urlTemplate\":\"https:\\\/\\\/slacktivity.com\\\/pt-pt\\\/?s={search_term_string}\"},\"query-input\":{\"@type\":\"PropertyValueSpecification\",\"valueRequired\":true,\"valueName\":\"search_term_string\"}}],\"inLanguage\":\"pt-PT\"},{\"@type\":\"Organization\",\"@id\":\"https:\\\/\\\/slacktivity.com\\\/pt-pt\\\/#organization\",\"name\":\"Slacktivity Slacklines\",\"url\":\"https:\\\/\\\/slacktivity.com\\\/pt-pt\\\/\",\"logo\":{\"@type\":\"ImageObject\",\"inLanguage\":\"pt-PT\",\"@id\":\"https:\\\/\\\/slacktivity.com\\\/pt-pt\\\/#\\\/schema\\\/logo\\\/image\\\/\",\"url\":\"https:\\\/\\\/slacktivity.com\\\/wp-content\\\/uploads\\\/2021\\\/01\\\/slacktivity-slackline-online-shop-1.png\",\"contentUrl\":\"https:\\\/\\\/slacktivity.com\\\/wp-content\\\/uploads\\\/2021\\\/01\\\/slacktivity-slackline-online-shop-1.png\",\"width\":200,\"height\":77,\"caption\":\"Slacktivity Slacklines\"},\"image\":{\"@id\":\"https:\\\/\\\/slacktivity.com\\\/pt-pt\\\/#\\\/schema\\\/logo\\\/image\\\/\"},\"sameAs\":[\"https:\\\/\\\/www.facebook.com\\\/SLACKTIVITY\\\/\",\"https:\\\/\\\/www.instagram.com\\\/slacktivity\\\/\"]}]}<\/script>\n<!-- \/ Yoast SEO plugin. -->","yoast_head_json":{"title":"HangOver Stainless | SLACKTIVITY Online Shop","description":"O HangOver Stainless \u00e9 uma evolu\u00e7\u00e3o da vers\u00e3o cl\u00e1ssica do HangOver. Tem rolamentos em a\u00e7o inoxid\u00e1vel, para ser usado perto do mar.","robots":{"index":"index","follow":"follow","max-snippet":"max-snippet:-1","max-image-preview":"max-image-preview:large","max-video-preview":"max-video-preview:-1"},"canonical":"https:\/\/slacktivity.com\/pt-pt\/shop\/hangover-stainless\/","og_locale":"pt_PT","og_type":"article","og_title":"HangOver Stainless | SLACKTIVITY Online Shop","og_description":"O HangOver Stainless \u00e9 uma evolu\u00e7\u00e3o da vers\u00e3o cl\u00e1ssica do HangOver. Tem rolamentos em a\u00e7o inoxid\u00e1vel, para ser usado perto do mar.","og_url":"https:\/\/slacktivity.com\/pt-pt\/shop\/hangover-stainless\/","og_site_name":"Slacktivity Slacklines International Shop","article_publisher":"https:\/\/www.facebook.com\/SLACKTIVITY\/","article_modified_time":"2023-01-27T12:16:45+00:00","og_image":[{"width":1180,"height":1377,"url":"https:\/\/slacktivity.com\/wp-content\/uploads\/2021\/02\/slacktivity-hangover-stainless-black.jpg","type":"image\/jpeg"}],"twitter_card":"summary_large_image","twitter_misc":{"Tempo estimado de leitura":"1 minuto"},"schema":{"@context":"https:\/\/schema.org","@graph":[{"@type":"WebPage","@id":"https:\/\/slacktivity.com\/pt-pt\/shop\/hangover-stainless\/","url":"https:\/\/slacktivity.com\/pt-pt\/shop\/hangover-stainless\/","name":"HangOver Stainless | SLACKTIVITY Online Shop","isPartOf":{"@id":"https:\/\/slacktivity.com\/pt-pt\/#website"},"primaryImageOfPage":{"@id":"https:\/\/slacktivity.com\/pt-pt\/shop\/hangover-stainless\/#primaryimage"},"image":{"@id":"https:\/\/slacktivity.com\/pt-pt\/shop\/hangover-stainless\/#primaryimage"},"thumbnailUrl":"https:\/\/slacktivity.com\/wp-content\/uploads\/2021\/02\/slacktivity-hangover-stainless-black.jpg","datePublished":"2021-08-13T13:20:14+00:00","dateModified":"2023-01-27T12:16:45+00:00","description":"O HangOver Stainless \u00e9 uma evolu\u00e7\u00e3o da vers\u00e3o cl\u00e1ssica do HangOver. Tem rolamentos em a\u00e7o inoxid\u00e1vel, para ser usado perto do mar.","breadcrumb":{"@id":"https:\/\/slacktivity.com\/pt-pt\/shop\/hangover-stainless\/#breadcrumb"},"inLanguage":"pt-PT","potentialAction":[{"@type":"ReadAction","target":["https:\/\/slacktivity.com\/pt-pt\/shop\/hangover-stainless\/"]}]},{"@type":"ImageObject","inLanguage":"pt-PT","@id":"https:\/\/slacktivity.com\/pt-pt\/shop\/hangover-stainless\/#primaryimage","url":"https:\/\/slacktivity.com\/wp-content\/uploads\/2021\/02\/slacktivity-hangover-stainless-black.jpg","contentUrl":"https:\/\/slacktivity.com\/wp-content\/uploads\/2021\/02\/slacktivity-hangover-stainless-black.jpg","width":1180,"height":1377,"caption":"HangOver Stainless"},{"@type":"BreadcrumbList","@id":"https:\/\/slacktivity.com\/pt-pt\/shop\/hangover-stainless\/#breadcrumb","itemListElement":[{"@type":"ListItem","position":1,"name":"Home","item":"https:\/\/slacktivity.com\/pt-pt\/"},{"@type":"ListItem","position":2,"name":"loja","item":"https:\/\/slacktivity.com\/pt-pt\/loja\/"},{"@type":"ListItem","position":3,"name":"HangOver Stainless"}]},{"@type":"WebSite","@id":"https:\/\/slacktivity.com\/pt-pt\/#website","url":"https:\/\/slacktivity.com\/pt-pt\/","name":"Slacktivity Slacklines International Shop","description":"Discover the innovative products of Slacktivity. Swiss designed premium slackline gear. Advice from our experts for the best and a safe slackline experience.","publisher":{"@id":"https:\/\/slacktivity.com\/pt-pt\/#organization"},"potentialAction":[{"@type":"SearchAction","target":{"@type":"EntryPoint","urlTemplate":"https:\/\/slacktivity.com\/pt-pt\/?s={search_term_string}"},"query-input":{"@type":"PropertyValueSpecification","valueRequired":true,"valueName":"search_term_string"}}],"inLanguage":"pt-PT"},{"@type":"Organization","@id":"https:\/\/slacktivity.com\/pt-pt\/#organization","name":"Slacktivity Slacklines","url":"https:\/\/slacktivity.com\/pt-pt\/","logo":{"@type":"ImageObject","inLanguage":"pt-PT","@id":"https:\/\/slacktivity.com\/pt-pt\/#\/schema\/logo\/image\/","url":"https:\/\/slacktivity.com\/wp-content\/uploads\/2021\/01\/slacktivity-slackline-online-shop-1.png","contentUrl":"https:\/\/slacktivity.com\/wp-content\/uploads\/2021\/01\/slacktivity-slackline-online-shop-1.png","width":200,"height":77,"caption":"Slacktivity Slacklines"},"image":{"@id":"https:\/\/slacktivity.com\/pt-pt\/#\/schema\/logo\/image\/"},"sameAs":["https:\/\/www.facebook.com\/SLACKTIVITY\/","https:\/\/www.instagram.com\/slacktivity\/"]}]}},"_links":{"self":[{"href":"https:\/\/slacktivity.com\/pt-pt\/wp-json\/wp\/v2\/product\/7337","targetHints":{"allow":["GET"]}}],"collection":[{"href":"https:\/\/slacktivity.com\/pt-pt\/wp-json\/wp\/v2\/product"}],"about":[{"href":"https:\/\/slacktivity.com\/pt-pt\/wp-json\/wp\/v2\/types\/product"}],"replies":[{"embeddable":true,"href":"https:\/\/slacktivity.com\/pt-pt\/wp-json\/wp\/v2\/comments?post=7337"}],"wp:featuredmedia":[{"embeddable":true,"href":"https:\/\/slacktivity.com\/pt-pt\/wp-json\/wp\/v2\/media\/7338"}],"wp:attachment":[{"href":"https:\/\/slacktivity.com\/pt-pt\/wp-json\/wp\/v2\/media?parent=7337"}],"wp:term":[{"taxonomy":"product_cat","embeddable":true,"href":"https:\/\/slacktivity.com\/pt-pt\/wp-json\/wp\/v2\/product_cat?post=7337"},{"taxonomy":"product_tag","embeddable":true,"href":"https:\/\/slacktivity.com\/pt-pt\/wp-json\/wp\/v2\/product_tag?post=7337"}],"curies":[{"name":"wp","href":"https:\/\/api.w.org\/{rel}","templated":true}]}}