{"id":7341,"date":"2021-03-08T13:38:11","date_gmt":"2021-03-08T13:38:11","guid":{"rendered":"http:\/\/slacktivity.com\/shop\/hangover-color-edition\/"},"modified":"2026-01-20T20:56:50","modified_gmt":"2026-01-20T20:56:50","slug":"hangover-color-edition","status":"publish","type":"product","link":"https:\/\/slacktivity.com\/pt-pt\/shop\/hangover-color-edition\/","title":{"rendered":"HangOver Color-Edition"},"content":{"rendered":"<h2>HangOver Color-Edition<\/h2>\n<p>O <strong>HangOver<\/strong> demorou mais de um ano a desenvolver e foi o primeiro mosquet\u00e3o para slackline com rolamentos. O HangOver <strong>Color-Edition<\/strong>, com abertura em azul ou rosa, como as <a href=\"https:\/\/slacktivity.com\/pt-pt\/category\/pecas-de-tensionamento\/hangovers\/\">outras vers\u00f5es,<\/a> pode ser usado para tensionar linhas de 2,5cm ou para deslizar em highlines. O HangOver foi desenhado ergonomicamente para uma utiliza\u00e7\u00e3o pr\u00e1tica e f\u00e1cil. O HangOver tem uma superf\u00edcie suave que assegura que a linha n\u00e3o \u00e9 danificada com a sua utiliza\u00e7\u00e3o. A linha passa sobre os rolamentos, com uma largura de 27.5mm, e HangOVer mantem-se sempre alinhado.<\/p>\n<h2>Aplica\u00e7\u00f5es<\/h2>\n<ul>\n<li>Serve para deslizar em highlines<\/li>\n<li>Serve como multiplicador em sistemas de tensionamento Ellington\/primitivos.<\/li>\n<li>Construa um HangOver Pulley System<\/li>\n<li>Tamb\u00e9m pode ser usado com uma roldana simples.<\/li>\n<\/ul>\n<h2>Especifica\u00e7\u00f5es do HangOver Color-Edition<\/h2>\n<ul>\n<li>Certificado PSA CE 0194<\/li>\n<li>Largura dos rolamentos: 27.8 mm<\/li>\n<li>Minimum Breaking Strength (MBS) Eixo Maior: 22 kN<\/li>\n<li>MBS com porta aberta: 6 kN<\/li>\n<li>MBS Eixo Menos: 7 kN<\/li>\n<li>Max. Working Load Limit (WLL): 4 kN<\/li>\n<li>Dimens\u00f5es: 124 x 62 x 28 mm<\/li>\n<li>Peso: 152 g<\/li>\n<li>Material: alum\u00ednio forjado a quente para aeronaves 7075-T6, anodizado verde<\/li>\n<li>Rolamentos: 19mm; Sealing: 2RS; Cr: 2.80 kN, Cor: 1.06 kN<\/li>\n<li>abertura em rosa anodizado<\/li>\n<\/ul>\n<p>O design deste produto est\u00e1 protegido pela lei internacional (Design registado internacionalmente &#8211; WIPO DM \/ 095081)<\/p>\n","protected":false},"excerpt":{"rendered":"<p>Indispens\u00e1vel para qualquer highliner e sistemas de tensionamento leves (HangOver Pulley Systems). O primeiro equipamento desenvolvido especificamente para highline, com certifica\u00e7\u00e3o PSA. Agora com abertura noutras cores.<\/p>\n","protected":false},"featured_media":7342,"comment_status":"open","ping_status":"closed","template":"","meta":{"_acf_changed":false,"_joinchat":[]},"product_cat":[513,529,890,528],"product_tag":[552,555],"class_list":{"0":"post-7341","1":"product","2":"type-product","3":"status-publish","4":"has-post-thumbnail","6":"product_cat-equipamento-de-highline","7":"product_cat-hangovers","8":"product_cat-mosquetoes-de-slackline","9":"product_cat-pecas-de-tensionamento","10":"product_tag-highline","11":"product_tag-longline","12":"pa_brand-slacktivity-pt-pt","14":"first","15":"outofstock","16":"taxable","17":"shipping-taxable","18":"purchasable","19":"product-type-variable","20":"has-default-attributes","swatches":"rey-swatches","show_selected":""},"acf":[],"yoast_head":"<!-- This site is optimized with the Yoast SEO plugin v27.4 - https:\/\/yoast.com\/product\/yoast-seo-wordpress\/ -->\n<title>HangOver Color-Edition | Mosquet\u00e3o para Highliners<\/title>\n<meta name=\"description\" content=\"O Hangover Color-edition, um mosquet\u00e3o com rolamentos agora com abertura azul ou rosa, serbe para deslizar em highlines ou tensionar linhas.\" \/>\n<meta name=\"robots\" content=\"index, follow, max-snippet:-1, max-image-preview:large, max-video-preview:-1\" \/>\n<link rel=\"canonical\" href=\"\/pt-pt\/category\/hangovers\/\" \/>\n<meta property=\"og:locale\" content=\"pt_PT\" \/>\n<meta property=\"og:type\" content=\"article\" \/>\n<meta property=\"og:title\" content=\"HangOver Color-Edition | Mosquet\u00e3o para Highliners\" \/>\n<meta property=\"og:description\" content=\"O Hangover Color-edition, um mosquet\u00e3o com rolamentos agora com abertura azul ou rosa, serbe para deslizar em highlines ou tensionar linhas.\" \/>\n<meta property=\"og:url\" content=\"\/pt-pt\/category\/hangovers\/\" \/>\n<meta property=\"og:site_name\" content=\"Slacktivity Slacklines International Shop\" \/>\n<meta property=\"article:publisher\" content=\"https:\/\/www.facebook.com\/SLACKTIVITY\/\" \/>\n<meta property=\"article:modified_time\" content=\"2026-01-20T20:56:50+00:00\" \/>\n<meta property=\"og:image\" content=\"https:\/\/slacktivity.com\/wp-content\/uploads\/2021\/02\/slacktivity-hangover-carabiner-pink.jpg\" \/>\n\t<meta property=\"og:image:width\" content=\"1180\" \/>\n\t<meta property=\"og:image:height\" content=\"1377\" \/>\n\t<meta property=\"og:image:type\" content=\"image\/jpeg\" \/>\n<meta name=\"twitter:card\" content=\"summary_large_image\" \/>\n<meta name=\"twitter:label1\" content=\"Tempo estimado de leitura\" \/>\n\t<meta name=\"twitter:data1\" content=\"1 minuto\" \/>\n<script type=\"application\/ld+json\" class=\"yoast-schema-graph\">{\"@context\":\"https:\\\/\\\/schema.org\",\"@graph\":[{\"@type\":\"WebPage\",\"@id\":\"https:\\\/\\\/slacktivity.com\\\/pt-pt\\\/shop\\\/hangover-color-edition\\\/\",\"url\":\"\\\/pt-pt\\\/category\\\/hangovers\\\/\",\"name\":\"HangOver Color-Edition | Mosquet\u00e3o para Highliners\",\"isPartOf\":{\"@id\":\"https:\\\/\\\/slacktivity.com\\\/pt-pt\\\/#website\"},\"primaryImageOfPage\":{\"@id\":\"\\\/pt-pt\\\/category\\\/hangovers\\\/#primaryimage\"},\"image\":{\"@id\":\"\\\/pt-pt\\\/category\\\/hangovers\\\/#primaryimage\"},\"thumbnailUrl\":\"https:\\\/\\\/slacktivity.com\\\/wp-content\\\/uploads\\\/2021\\\/02\\\/slacktivity-hangover-carabiner-pink.jpg\",\"datePublished\":\"2021-03-08T13:38:11+00:00\",\"dateModified\":\"2026-01-20T20:56:50+00:00\",\"description\":\"O Hangover Color-edition, um mosquet\u00e3o com rolamentos agora com abertura azul ou rosa, serbe para deslizar em highlines ou tensionar linhas.\",\"breadcrumb\":{\"@id\":\"\\\/pt-pt\\\/category\\\/hangovers\\\/#breadcrumb\"},\"inLanguage\":\"pt-PT\",\"potentialAction\":[{\"@type\":\"ReadAction\",\"target\":[\"\\\/pt-pt\\\/category\\\/hangovers\\\/\"]}]},{\"@type\":\"ImageObject\",\"inLanguage\":\"pt-PT\",\"@id\":\"\\\/pt-pt\\\/category\\\/hangovers\\\/#primaryimage\",\"url\":\"https:\\\/\\\/slacktivity.com\\\/wp-content\\\/uploads\\\/2021\\\/02\\\/slacktivity-hangover-carabiner-pink.jpg\",\"contentUrl\":\"https:\\\/\\\/slacktivity.com\\\/wp-content\\\/uploads\\\/2021\\\/02\\\/slacktivity-hangover-carabiner-pink.jpg\",\"width\":1180,\"height\":1377,\"caption\":\"hangover color edition pink\"},{\"@type\":\"BreadcrumbList\",\"@id\":\"\\\/pt-pt\\\/category\\\/hangovers\\\/#breadcrumb\",\"itemListElement\":[{\"@type\":\"ListItem\",\"position\":1,\"name\":\"Home\",\"item\":\"https:\\\/\\\/slacktivity.com\\\/pt-pt\\\/\"},{\"@type\":\"ListItem\",\"position\":2,\"name\":\"loja\",\"item\":\"https:\\\/\\\/slacktivity.com\\\/pt-pt\\\/loja\\\/\"},{\"@type\":\"ListItem\",\"position\":3,\"name\":\"HangOver Color-Edition\"}]},{\"@type\":\"WebSite\",\"@id\":\"https:\\\/\\\/slacktivity.com\\\/pt-pt\\\/#website\",\"url\":\"https:\\\/\\\/slacktivity.com\\\/pt-pt\\\/\",\"name\":\"Slacktivity Slacklines International Shop\",\"description\":\"Discover the innovative products of Slacktivity. Swiss designed premium slackline gear. Advice from our experts for the best and a safe slackline experience.\",\"publisher\":{\"@id\":\"https:\\\/\\\/slacktivity.com\\\/pt-pt\\\/#organization\"},\"potentialAction\":[{\"@type\":\"SearchAction\",\"target\":{\"@type\":\"EntryPoint\",\"urlTemplate\":\"https:\\\/\\\/slacktivity.com\\\/pt-pt\\\/?s={search_term_string}\"},\"query-input\":{\"@type\":\"PropertyValueSpecification\",\"valueRequired\":true,\"valueName\":\"search_term_string\"}}],\"inLanguage\":\"pt-PT\"},{\"@type\":\"Organization\",\"@id\":\"https:\\\/\\\/slacktivity.com\\\/pt-pt\\\/#organization\",\"name\":\"Slacktivity Slacklines\",\"url\":\"https:\\\/\\\/slacktivity.com\\\/pt-pt\\\/\",\"logo\":{\"@type\":\"ImageObject\",\"inLanguage\":\"pt-PT\",\"@id\":\"https:\\\/\\\/slacktivity.com\\\/pt-pt\\\/#\\\/schema\\\/logo\\\/image\\\/\",\"url\":\"https:\\\/\\\/slacktivity.com\\\/wp-content\\\/uploads\\\/2021\\\/01\\\/slacktivity-slackline-online-shop-1.png\",\"contentUrl\":\"https:\\\/\\\/slacktivity.com\\\/wp-content\\\/uploads\\\/2021\\\/01\\\/slacktivity-slackline-online-shop-1.png\",\"width\":200,\"height\":77,\"caption\":\"Slacktivity Slacklines\"},\"image\":{\"@id\":\"https:\\\/\\\/slacktivity.com\\\/pt-pt\\\/#\\\/schema\\\/logo\\\/image\\\/\"},\"sameAs\":[\"https:\\\/\\\/www.facebook.com\\\/SLACKTIVITY\\\/\",\"https:\\\/\\\/www.instagram.com\\\/slacktivity\\\/\"]}]}<\/script>\n<!-- \/ Yoast SEO plugin. -->","yoast_head_json":{"title":"HangOver Color-Edition | Mosquet\u00e3o para Highliners","description":"O Hangover Color-edition, um mosquet\u00e3o com rolamentos agora com abertura azul ou rosa, serbe para deslizar em highlines ou tensionar linhas.","robots":{"index":"index","follow":"follow","max-snippet":"max-snippet:-1","max-image-preview":"max-image-preview:large","max-video-preview":"max-video-preview:-1"},"canonical":"\/pt-pt\/category\/hangovers\/","og_locale":"pt_PT","og_type":"article","og_title":"HangOver Color-Edition | Mosquet\u00e3o para Highliners","og_description":"O Hangover Color-edition, um mosquet\u00e3o com rolamentos agora com abertura azul ou rosa, serbe para deslizar em highlines ou tensionar linhas.","og_url":"\/pt-pt\/category\/hangovers\/","og_site_name":"Slacktivity Slacklines International Shop","article_publisher":"https:\/\/www.facebook.com\/SLACKTIVITY\/","article_modified_time":"2026-01-20T20:56:50+00:00","og_image":[{"width":1180,"height":1377,"url":"https:\/\/slacktivity.com\/wp-content\/uploads\/2021\/02\/slacktivity-hangover-carabiner-pink.jpg","type":"image\/jpeg"}],"twitter_card":"summary_large_image","twitter_misc":{"Tempo estimado de leitura":"1 minuto"},"schema":{"@context":"https:\/\/schema.org","@graph":[{"@type":"WebPage","@id":"https:\/\/slacktivity.com\/pt-pt\/shop\/hangover-color-edition\/","url":"\/pt-pt\/category\/hangovers\/","name":"HangOver Color-Edition | Mosquet\u00e3o para Highliners","isPartOf":{"@id":"https:\/\/slacktivity.com\/pt-pt\/#website"},"primaryImageOfPage":{"@id":"\/pt-pt\/category\/hangovers\/#primaryimage"},"image":{"@id":"\/pt-pt\/category\/hangovers\/#primaryimage"},"thumbnailUrl":"https:\/\/slacktivity.com\/wp-content\/uploads\/2021\/02\/slacktivity-hangover-carabiner-pink.jpg","datePublished":"2021-03-08T13:38:11+00:00","dateModified":"2026-01-20T20:56:50+00:00","description":"O Hangover Color-edition, um mosquet\u00e3o com rolamentos agora com abertura azul ou rosa, serbe para deslizar em highlines ou tensionar linhas.","breadcrumb":{"@id":"\/pt-pt\/category\/hangovers\/#breadcrumb"},"inLanguage":"pt-PT","potentialAction":[{"@type":"ReadAction","target":["\/pt-pt\/category\/hangovers\/"]}]},{"@type":"ImageObject","inLanguage":"pt-PT","@id":"\/pt-pt\/category\/hangovers\/#primaryimage","url":"https:\/\/slacktivity.com\/wp-content\/uploads\/2021\/02\/slacktivity-hangover-carabiner-pink.jpg","contentUrl":"https:\/\/slacktivity.com\/wp-content\/uploads\/2021\/02\/slacktivity-hangover-carabiner-pink.jpg","width":1180,"height":1377,"caption":"hangover color edition pink"},{"@type":"BreadcrumbList","@id":"\/pt-pt\/category\/hangovers\/#breadcrumb","itemListElement":[{"@type":"ListItem","position":1,"name":"Home","item":"https:\/\/slacktivity.com\/pt-pt\/"},{"@type":"ListItem","position":2,"name":"loja","item":"https:\/\/slacktivity.com\/pt-pt\/loja\/"},{"@type":"ListItem","position":3,"name":"HangOver Color-Edition"}]},{"@type":"WebSite","@id":"https:\/\/slacktivity.com\/pt-pt\/#website","url":"https:\/\/slacktivity.com\/pt-pt\/","name":"Slacktivity Slacklines International Shop","description":"Discover the innovative products of Slacktivity. Swiss designed premium slackline gear. Advice from our experts for the best and a safe slackline experience.","publisher":{"@id":"https:\/\/slacktivity.com\/pt-pt\/#organization"},"potentialAction":[{"@type":"SearchAction","target":{"@type":"EntryPoint","urlTemplate":"https:\/\/slacktivity.com\/pt-pt\/?s={search_term_string}"},"query-input":{"@type":"PropertyValueSpecification","valueRequired":true,"valueName":"search_term_string"}}],"inLanguage":"pt-PT"},{"@type":"Organization","@id":"https:\/\/slacktivity.com\/pt-pt\/#organization","name":"Slacktivity Slacklines","url":"https:\/\/slacktivity.com\/pt-pt\/","logo":{"@type":"ImageObject","inLanguage":"pt-PT","@id":"https:\/\/slacktivity.com\/pt-pt\/#\/schema\/logo\/image\/","url":"https:\/\/slacktivity.com\/wp-content\/uploads\/2021\/01\/slacktivity-slackline-online-shop-1.png","contentUrl":"https:\/\/slacktivity.com\/wp-content\/uploads\/2021\/01\/slacktivity-slackline-online-shop-1.png","width":200,"height":77,"caption":"Slacktivity Slacklines"},"image":{"@id":"https:\/\/slacktivity.com\/pt-pt\/#\/schema\/logo\/image\/"},"sameAs":["https:\/\/www.facebook.com\/SLACKTIVITY\/","https:\/\/www.instagram.com\/slacktivity\/"]}]}},"_links":{"self":[{"href":"https:\/\/slacktivity.com\/pt-pt\/wp-json\/wp\/v2\/product\/7341","targetHints":{"allow":["GET"]}}],"collection":[{"href":"https:\/\/slacktivity.com\/pt-pt\/wp-json\/wp\/v2\/product"}],"about":[{"href":"https:\/\/slacktivity.com\/pt-pt\/wp-json\/wp\/v2\/types\/product"}],"replies":[{"embeddable":true,"href":"https:\/\/slacktivity.com\/pt-pt\/wp-json\/wp\/v2\/comments?post=7341"}],"wp:featuredmedia":[{"embeddable":true,"href":"https:\/\/slacktivity.com\/pt-pt\/wp-json\/wp\/v2\/media\/7342"}],"wp:attachment":[{"href":"https:\/\/slacktivity.com\/pt-pt\/wp-json\/wp\/v2\/media?parent=7341"}],"wp:term":[{"taxonomy":"product_cat","embeddable":true,"href":"https:\/\/slacktivity.com\/pt-pt\/wp-json\/wp\/v2\/product_cat?post=7341"},{"taxonomy":"product_tag","embeddable":true,"href":"https:\/\/slacktivity.com\/pt-pt\/wp-json\/wp\/v2\/product_tag?post=7341"}],"curies":[{"name":"wp","href":"https:\/\/api.w.org\/{rel}","templated":true}]}}