{"id":7347,"date":"2024-02-27T01:39:21","date_gmt":"2024-02-27T01:39:21","guid":{"rendered":"http:\/\/slacktivity.com\/shop\/seahorse-weblock-para-slackline\/"},"modified":"2024-12-16T10:39:01","modified_gmt":"2024-12-16T10:39:01","slug":"seahorse-weblock-para-slackline","status":"publish","type":"product","link":"https:\/\/slacktivity.com\/pt-pt\/shop\/seahorse-weblock-para-slackline\/","title":{"rendered":"seaHorse &#8211; Weblock para Slackline"},"content":{"rendered":"<h2>seaHorse 1.5: A maior capacidade de pre-tens\u00e3o, com duplo pin.<\/h2>\n<figure id=\"attachment_7356\" aria-describedby=\"caption-attachment-7356\" style=\"width: 223px\" class=\"wp-caption alignright\"><img decoding=\"async\" class=\"wp-image-7356 no-lazyload \" src=\"https:\/\/slacktivity.com\/wp-content\/uploads\/2021\/02\/isa-approved-highline-webbing-locker.png\" alt=\"isa approved highline aproved weblocker\" width=\"223\" height=\"223\" srcset=\"https:\/\/slacktivity.com\/wp-content\/uploads\/2021\/02\/isa-approved-highline-webbing-locker.png 283w, https:\/\/slacktivity.com\/wp-content\/uploads\/2021\/02\/isa-approved-highline-webbing-locker-100x100.png 100w, https:\/\/slacktivity.com\/wp-content\/uploads\/2021\/02\/isa-approved-highline-webbing-locker-150x150.png 150w, https:\/\/slacktivity.com\/wp-content\/uploads\/2021\/02\/isa-approved-highline-webbing-locker-70x70.png 70w\" sizes=\"(max-width: 223px) 100vw, 223px\" \/><figcaption id=\"caption-attachment-7356\" class=\"wp-caption-text\">Certificado pela ISA<\/figcaption><\/figure>\n<p><em>De acordo com a norma 51 da ISA, o <strong>seaHorse<\/strong> \u00e9 um weblock para slackline, com pin duplo, testado e certificado para <strong><a href=\"https:\/\/slacktivity.com\/pt-pt\/category\/ancoragem-de-slackline\/weblocks-de-slackline\/\">highline<\/a><\/strong>. <\/em><\/p>\n<p>O seaHorse \u00e9 o weblock mais sofisticado no mercado. Com o novo design est\u00e1 ainda mais vers\u00e1til e mais leve. O seaHorse \u00e9 forjado numa pe\u00e7a \u00fanica de <strong>alum\u00ednio de aeronaves<\/strong>, que o torna super forte e leve.<\/p>\n<p>A maior inova\u00e7\u00e3o \u00e9 o <strong>hollow center diverter<\/strong> que permite a in\u00fameras conex\u00f5es. Isto torna-se extremamente \u00fatil quando usado com um <a href=\"https:\/\/slacktivity.com\/pt-pt\/category\/pecas-de-tensionamento\/hangovers\/\">HangOver<\/a> pulley system. Tem algumas <strong>reentr\u00e2ncias<\/strong> que ajudam a manter as conex\u00f5es no sitio. Nota: o hollow center diverter n\u00e3o pode ser usado para ancorar o seaHorse.<\/p>\n<p>A geometria do seaHorse \u00e9 otimizada para tornar o pre-tensionamento mais eficiente. Muitos testes tornaram-no perfeito para intergrar um HangOver pulley system. Para ver como criar o sistema 15:1 mais leve do mercado, veja o v\u00eddeo abaixo!<\/p>\n<p>Os dois pins est\u00e3o ligados por um conector de borracha que n\u00e3o se enleia durante o tensionamento.<\/p>\n<h2>Especif\u00edca\u00e7\u00f5es<\/h2>\n<ul>\n<li>Working Load Limit (WLL) 12kN, MBS:70kN<\/li>\n<li>Desenvolvido para slackline de 25-27mm de largura (20mm com espa\u00e7adores)<\/li>\n<li>ball locking pin (d=11.1mm, weight-optimized) de a\u00e7o inoxid\u00e1vel (17-4PH)<\/li>\n<li>Feito de alum\u00ednio para aeronaves 7075-T6<\/li>\n<li>Pe\u00e7a \u00fanica forjada a quente<\/li>\n<li>HollowCenterDiverter (HCD) de 36mm, funciona como uma <a href=\"https:\/\/slacktivity.com\/pt-pt\/category\/rigging-plates-para-slackline\/\">riggingplate<\/a>!<\/li>\n<li>Peso: 260g<\/li>\n<li>Testado e certificado de acordo com a norma 51 da ISA<\/li>\n<\/ul>\n<p><strong>Spacers<\/strong><\/p>\n<p>Spacers que adequam este weblock a linhas de 2CM. S\u00e3o vendidos aos pares pois cada weblock necessita de 2.<\/p>\n<h4>Antes de usar este equipamento, dever\u00e1 ler e perceber as instru\u00e7\u00f5es do seu uso. Vaja o manual (PDF) no &#8220;Manual (pdf)&#8221;. Use sempre o n\u00f3 anti-derrapagem como explicado no manual!<\/h4>\n<p>\u00c9 importante para a SLACKTIVITY transmitir o conhecimento necess\u00e1rio aos clientes, relativo ao material adquirido. \u00c9 por isso que procuramos criar manuais t\u00e3o claros, simples e apelativos. Consulte-o por favor! Se ainda tiver d\u00favidas, estamos aqui para ajudar. Encontre mais informa\u00e7\u00e3o no <a href=\"http:\/\/www.youtube.com\/user\/slacktivity\" target=\"_blank\" rel=\"noopener\">canal de Youtube<\/a>da SLACKTIVITY.<\/p>\n<p><strong>Veja no video como usar o seaHorse<\/strong><\/p>\n<div class=\"iframe-container\"><iframe title=\"YouTube video player\" src=\"https:\/\/www.youtube.com\/embed\/z3smBHxE7bI\" width=\"560\" height=\"315\" frameborder=\"0\" allowfullscreen=\"allowfullscreen\"><\/iframe><\/div>\n","protected":false},"excerpt":{"rendered":"<p>O seaHorse \u00e9 o primeiro weblock HighTech para Highline, certificado pela ISA. Feito numa \u00fanica pe\u00e7a de alum\u00ednio, tem um HollowCenterDiverter vers\u00e1til e uma super-efici\u00eancia de pre-tens\u00e3o. Este weblock tamn\u00e9m impressiona pela leveza e, ao mesmo tempo, pelas dimens\u00f5es generosas que permitem uma utiliza\u00e7\u00e3o f\u00e1cil, mesmo com slacklines com espessuras at\u00e9 8mm.<\/p>\n<p>&nbsp;<\/p>\n","protected":false},"featured_media":7348,"comment_status":"open","ping_status":"closed","template":"","meta":{"_acf_changed":false,"_joinchat":[]},"product_cat":[535,514,513,537],"product_tag":[553,552,555],"class_list":{"0":"post-7347","1":"product","2":"type-product","3":"status-publish","4":"has-post-thumbnail","6":"product_cat-ancoragem-de-slackline","7":"product_cat-certificado-pela-isa","8":"product_cat-equipamento-de-highline","9":"product_cat-weblocks-de-slackline","10":"product_tag-equipamento-certificado-pela-isa","11":"product_tag-highline","12":"product_tag-longline","13":"pa_brand-slacktivity-pt-pt","15":"first","16":"instock","17":"featured","18":"taxable","19":"shipping-taxable","20":"purchasable","21":"product-type-variable","22":"has-default-attributes","swatches":"rey-swatches","show_selected":""},"acf":[],"yoast_head":"<!-- This site is optimized with the Yoast SEO plugin v27.5 - https:\/\/yoast.com\/product\/yoast-seo-wordpress\/ -->\n<title>seaHorse | Weblock para Slackline da SLACKTIVITY<\/title>\n<meta name=\"description\" content=\"O seaHorse da SLACKTIVITY \u00e9 o primeiro weblock para slackline high-tech. Feito de uma pe\u00e7a \u00fanica de alum\u00ednio com um vers\u00e1til HollowCenterDiverter.\" \/>\n<meta name=\"robots\" content=\"index, follow, max-snippet:-1, max-image-preview:large, max-video-preview:-1\" \/>\n<link rel=\"canonical\" href=\"https:\/\/slacktivity.com\/pt-pt\/shop\/seahorse-weblock-para-slackline\/\" \/>\n<meta property=\"og:locale\" content=\"pt_PT\" \/>\n<meta property=\"og:type\" content=\"article\" \/>\n<meta property=\"og:title\" content=\"seaHorse | Weblock para Slackline da SLACKTIVITY\" \/>\n<meta property=\"og:description\" content=\"O seaHorse da SLACKTIVITY \u00e9 o primeiro weblock para slackline high-tech. Feito de uma pe\u00e7a \u00fanica de alum\u00ednio com um vers\u00e1til HollowCenterDiverter.\" \/>\n<meta property=\"og:url\" content=\"https:\/\/slacktivity.com\/pt-pt\/shop\/seahorse-weblock-para-slackline\/\" \/>\n<meta property=\"og:site_name\" content=\"Slacktivity Slacklines International Shop\" \/>\n<meta property=\"article:publisher\" content=\"https:\/\/www.facebook.com\/SLACKTIVITY\/\" \/>\n<meta property=\"article:modified_time\" content=\"2024-12-16T10:39:01+00:00\" \/>\n<meta property=\"og:image\" content=\"https:\/\/slacktivity.com\/wp-content\/uploads\/2021\/02\/slacktivity-seahorse.jpg\" \/>\n\t<meta property=\"og:image:width\" content=\"1180\" \/>\n\t<meta property=\"og:image:height\" content=\"1377\" \/>\n\t<meta property=\"og:image:type\" content=\"image\/jpeg\" \/>\n<meta name=\"twitter:card\" content=\"summary_large_image\" \/>\n<meta name=\"twitter:label1\" content=\"Tempo estimado de leitura\" \/>\n\t<meta name=\"twitter:data1\" content=\"2 minutos\" \/>\n<script type=\"application\/ld+json\" class=\"yoast-schema-graph\">{\"@context\":\"https:\\\/\\\/schema.org\",\"@graph\":[{\"@type\":\"WebPage\",\"@id\":\"https:\\\/\\\/slacktivity.com\\\/pt-pt\\\/shop\\\/seahorse-weblock-para-slackline\\\/\",\"url\":\"https:\\\/\\\/slacktivity.com\\\/pt-pt\\\/shop\\\/seahorse-weblock-para-slackline\\\/\",\"name\":\"seaHorse | Weblock para Slackline da SLACKTIVITY\",\"isPartOf\":{\"@id\":\"https:\\\/\\\/slacktivity.com\\\/pt-pt\\\/#website\"},\"primaryImageOfPage\":{\"@id\":\"https:\\\/\\\/slacktivity.com\\\/pt-pt\\\/shop\\\/seahorse-weblock-para-slackline\\\/#primaryimage\"},\"image\":{\"@id\":\"https:\\\/\\\/slacktivity.com\\\/pt-pt\\\/shop\\\/seahorse-weblock-para-slackline\\\/#primaryimage\"},\"thumbnailUrl\":\"https:\\\/\\\/slacktivity.com\\\/wp-content\\\/uploads\\\/2021\\\/02\\\/slacktivity-seahorse.jpg\",\"datePublished\":\"2024-02-27T01:39:21+00:00\",\"dateModified\":\"2024-12-16T10:39:01+00:00\",\"description\":\"O seaHorse da SLACKTIVITY \u00e9 o primeiro weblock para slackline high-tech. Feito de uma pe\u00e7a \u00fanica de alum\u00ednio com um vers\u00e1til HollowCenterDiverter.\",\"breadcrumb\":{\"@id\":\"https:\\\/\\\/slacktivity.com\\\/pt-pt\\\/shop\\\/seahorse-weblock-para-slackline\\\/#breadcrumb\"},\"inLanguage\":\"pt-PT\",\"potentialAction\":[{\"@type\":\"ReadAction\",\"target\":[\"https:\\\/\\\/slacktivity.com\\\/pt-pt\\\/shop\\\/seahorse-weblock-para-slackline\\\/\"]}]},{\"@type\":\"ImageObject\",\"inLanguage\":\"pt-PT\",\"@id\":\"https:\\\/\\\/slacktivity.com\\\/pt-pt\\\/shop\\\/seahorse-weblock-para-slackline\\\/#primaryimage\",\"url\":\"https:\\\/\\\/slacktivity.com\\\/wp-content\\\/uploads\\\/2021\\\/02\\\/slacktivity-seahorse.jpg\",\"contentUrl\":\"https:\\\/\\\/slacktivity.com\\\/wp-content\\\/uploads\\\/2021\\\/02\\\/slacktivity-seahorse.jpg\",\"width\":1180,\"height\":1377,\"caption\":\"seahorse weblock para slackline\"},{\"@type\":\"BreadcrumbList\",\"@id\":\"https:\\\/\\\/slacktivity.com\\\/pt-pt\\\/shop\\\/seahorse-weblock-para-slackline\\\/#breadcrumb\",\"itemListElement\":[{\"@type\":\"ListItem\",\"position\":1,\"name\":\"Home\",\"item\":\"https:\\\/\\\/slacktivity.com\\\/pt-pt\\\/\"},{\"@type\":\"ListItem\",\"position\":2,\"name\":\"loja\",\"item\":\"https:\\\/\\\/slacktivity.com\\\/pt-pt\\\/loja\\\/\"},{\"@type\":\"ListItem\",\"position\":3,\"name\":\"seaHorse &#8211; Weblock para Slackline\"}]},{\"@type\":\"WebSite\",\"@id\":\"https:\\\/\\\/slacktivity.com\\\/pt-pt\\\/#website\",\"url\":\"https:\\\/\\\/slacktivity.com\\\/pt-pt\\\/\",\"name\":\"Slacktivity Slacklines International Shop\",\"description\":\"Discover the innovative products of Slacktivity. Swiss designed premium slackline gear. Advice from our experts for the best and a safe slackline experience.\",\"publisher\":{\"@id\":\"https:\\\/\\\/slacktivity.com\\\/pt-pt\\\/#organization\"},\"potentialAction\":[{\"@type\":\"SearchAction\",\"target\":{\"@type\":\"EntryPoint\",\"urlTemplate\":\"https:\\\/\\\/slacktivity.com\\\/pt-pt\\\/?s={search_term_string}\"},\"query-input\":{\"@type\":\"PropertyValueSpecification\",\"valueRequired\":true,\"valueName\":\"search_term_string\"}}],\"inLanguage\":\"pt-PT\"},{\"@type\":\"Organization\",\"@id\":\"https:\\\/\\\/slacktivity.com\\\/pt-pt\\\/#organization\",\"name\":\"Slacktivity Slacklines\",\"url\":\"https:\\\/\\\/slacktivity.com\\\/pt-pt\\\/\",\"logo\":{\"@type\":\"ImageObject\",\"inLanguage\":\"pt-PT\",\"@id\":\"https:\\\/\\\/slacktivity.com\\\/pt-pt\\\/#\\\/schema\\\/logo\\\/image\\\/\",\"url\":\"https:\\\/\\\/slacktivity.com\\\/wp-content\\\/uploads\\\/2021\\\/01\\\/slacktivity-slackline-online-shop-1.png\",\"contentUrl\":\"https:\\\/\\\/slacktivity.com\\\/wp-content\\\/uploads\\\/2021\\\/01\\\/slacktivity-slackline-online-shop-1.png\",\"width\":200,\"height\":77,\"caption\":\"Slacktivity Slacklines\"},\"image\":{\"@id\":\"https:\\\/\\\/slacktivity.com\\\/pt-pt\\\/#\\\/schema\\\/logo\\\/image\\\/\"},\"sameAs\":[\"https:\\\/\\\/www.facebook.com\\\/SLACKTIVITY\\\/\",\"https:\\\/\\\/www.instagram.com\\\/slacktivity\\\/\"]}]}<\/script>\n<!-- \/ Yoast SEO plugin. -->","yoast_head_json":{"title":"seaHorse | Weblock para Slackline da SLACKTIVITY","description":"O seaHorse da SLACKTIVITY \u00e9 o primeiro weblock para slackline high-tech. Feito de uma pe\u00e7a \u00fanica de alum\u00ednio com um vers\u00e1til HollowCenterDiverter.","robots":{"index":"index","follow":"follow","max-snippet":"max-snippet:-1","max-image-preview":"max-image-preview:large","max-video-preview":"max-video-preview:-1"},"canonical":"https:\/\/slacktivity.com\/pt-pt\/shop\/seahorse-weblock-para-slackline\/","og_locale":"pt_PT","og_type":"article","og_title":"seaHorse | Weblock para Slackline da SLACKTIVITY","og_description":"O seaHorse da SLACKTIVITY \u00e9 o primeiro weblock para slackline high-tech. Feito de uma pe\u00e7a \u00fanica de alum\u00ednio com um vers\u00e1til HollowCenterDiverter.","og_url":"https:\/\/slacktivity.com\/pt-pt\/shop\/seahorse-weblock-para-slackline\/","og_site_name":"Slacktivity Slacklines International Shop","article_publisher":"https:\/\/www.facebook.com\/SLACKTIVITY\/","article_modified_time":"2024-12-16T10:39:01+00:00","og_image":[{"width":1180,"height":1377,"url":"https:\/\/slacktivity.com\/wp-content\/uploads\/2021\/02\/slacktivity-seahorse.jpg","type":"image\/jpeg"}],"twitter_card":"summary_large_image","twitter_misc":{"Tempo estimado de leitura":"2 minutos"},"schema":{"@context":"https:\/\/schema.org","@graph":[{"@type":"WebPage","@id":"https:\/\/slacktivity.com\/pt-pt\/shop\/seahorse-weblock-para-slackline\/","url":"https:\/\/slacktivity.com\/pt-pt\/shop\/seahorse-weblock-para-slackline\/","name":"seaHorse | Weblock para Slackline da SLACKTIVITY","isPartOf":{"@id":"https:\/\/slacktivity.com\/pt-pt\/#website"},"primaryImageOfPage":{"@id":"https:\/\/slacktivity.com\/pt-pt\/shop\/seahorse-weblock-para-slackline\/#primaryimage"},"image":{"@id":"https:\/\/slacktivity.com\/pt-pt\/shop\/seahorse-weblock-para-slackline\/#primaryimage"},"thumbnailUrl":"https:\/\/slacktivity.com\/wp-content\/uploads\/2021\/02\/slacktivity-seahorse.jpg","datePublished":"2024-02-27T01:39:21+00:00","dateModified":"2024-12-16T10:39:01+00:00","description":"O seaHorse da SLACKTIVITY \u00e9 o primeiro weblock para slackline high-tech. Feito de uma pe\u00e7a \u00fanica de alum\u00ednio com um vers\u00e1til HollowCenterDiverter.","breadcrumb":{"@id":"https:\/\/slacktivity.com\/pt-pt\/shop\/seahorse-weblock-para-slackline\/#breadcrumb"},"inLanguage":"pt-PT","potentialAction":[{"@type":"ReadAction","target":["https:\/\/slacktivity.com\/pt-pt\/shop\/seahorse-weblock-para-slackline\/"]}]},{"@type":"ImageObject","inLanguage":"pt-PT","@id":"https:\/\/slacktivity.com\/pt-pt\/shop\/seahorse-weblock-para-slackline\/#primaryimage","url":"https:\/\/slacktivity.com\/wp-content\/uploads\/2021\/02\/slacktivity-seahorse.jpg","contentUrl":"https:\/\/slacktivity.com\/wp-content\/uploads\/2021\/02\/slacktivity-seahorse.jpg","width":1180,"height":1377,"caption":"seahorse weblock para slackline"},{"@type":"BreadcrumbList","@id":"https:\/\/slacktivity.com\/pt-pt\/shop\/seahorse-weblock-para-slackline\/#breadcrumb","itemListElement":[{"@type":"ListItem","position":1,"name":"Home","item":"https:\/\/slacktivity.com\/pt-pt\/"},{"@type":"ListItem","position":2,"name":"loja","item":"https:\/\/slacktivity.com\/pt-pt\/loja\/"},{"@type":"ListItem","position":3,"name":"seaHorse &#8211; Weblock para Slackline"}]},{"@type":"WebSite","@id":"https:\/\/slacktivity.com\/pt-pt\/#website","url":"https:\/\/slacktivity.com\/pt-pt\/","name":"Slacktivity Slacklines International Shop","description":"Discover the innovative products of Slacktivity. Swiss designed premium slackline gear. Advice from our experts for the best and a safe slackline experience.","publisher":{"@id":"https:\/\/slacktivity.com\/pt-pt\/#organization"},"potentialAction":[{"@type":"SearchAction","target":{"@type":"EntryPoint","urlTemplate":"https:\/\/slacktivity.com\/pt-pt\/?s={search_term_string}"},"query-input":{"@type":"PropertyValueSpecification","valueRequired":true,"valueName":"search_term_string"}}],"inLanguage":"pt-PT"},{"@type":"Organization","@id":"https:\/\/slacktivity.com\/pt-pt\/#organization","name":"Slacktivity Slacklines","url":"https:\/\/slacktivity.com\/pt-pt\/","logo":{"@type":"ImageObject","inLanguage":"pt-PT","@id":"https:\/\/slacktivity.com\/pt-pt\/#\/schema\/logo\/image\/","url":"https:\/\/slacktivity.com\/wp-content\/uploads\/2021\/01\/slacktivity-slackline-online-shop-1.png","contentUrl":"https:\/\/slacktivity.com\/wp-content\/uploads\/2021\/01\/slacktivity-slackline-online-shop-1.png","width":200,"height":77,"caption":"Slacktivity Slacklines"},"image":{"@id":"https:\/\/slacktivity.com\/pt-pt\/#\/schema\/logo\/image\/"},"sameAs":["https:\/\/www.facebook.com\/SLACKTIVITY\/","https:\/\/www.instagram.com\/slacktivity\/"]}]}},"_links":{"self":[{"href":"https:\/\/slacktivity.com\/pt-pt\/wp-json\/wp\/v2\/product\/7347","targetHints":{"allow":["GET"]}}],"collection":[{"href":"https:\/\/slacktivity.com\/pt-pt\/wp-json\/wp\/v2\/product"}],"about":[{"href":"https:\/\/slacktivity.com\/pt-pt\/wp-json\/wp\/v2\/types\/product"}],"replies":[{"embeddable":true,"href":"https:\/\/slacktivity.com\/pt-pt\/wp-json\/wp\/v2\/comments?post=7347"}],"wp:featuredmedia":[{"embeddable":true,"href":"https:\/\/slacktivity.com\/pt-pt\/wp-json\/wp\/v2\/media\/7348"}],"wp:attachment":[{"href":"https:\/\/slacktivity.com\/pt-pt\/wp-json\/wp\/v2\/media?parent=7347"}],"wp:term":[{"taxonomy":"product_cat","embeddable":true,"href":"https:\/\/slacktivity.com\/pt-pt\/wp-json\/wp\/v2\/product_cat?post=7347"},{"taxonomy":"product_tag","embeddable":true,"href":"https:\/\/slacktivity.com\/pt-pt\/wp-json\/wp\/v2\/product_tag?post=7347"}],"curies":[{"name":"wp","href":"https:\/\/api.w.org\/{rel}","templated":true}]}}