{"id":7382,"date":"2021-06-06T13:38:16","date_gmt":"2021-08-16T15:44:02","guid":{"rendered":"http:\/\/slacktivity.com\/shop\/kingpin-weblock-para-slacklines-de-20mm\/"},"modified":"2023-06-07T12:48:06","modified_gmt":"2023-06-07T12:48:06","slug":"kingpin-weblock-2","status":"publish","type":"product","link":"https:\/\/slacktivity.com\/pt-pt\/shop\/kingpin-weblock-2\/","title":{"rendered":"KingPin Weblock | Para Slacklines de 20mm"},"content":{"rendered":"<h2>KingPin Weblock | Para Slacklines de 20mm<\/h2>\n<p>O Shackline de alum\u00ednio original da SLACKTIVITY &#8211; o KingPin \u2013 foi atualizado! O novo <strong>KingPin<\/strong> \u00e9 um <strong>weblock super leve para slacklines de 20mm<\/strong>. Com as mesmas funcionalidades que um <a href=\"https:\/\/slacktivity.com\/pt-pt\/category\/ancoragem-de-slackline\/weblocks-de-slackline\/\">weblock<\/a> tradicional, mas com um peso m\u00ednimo e uma capacidade de carga mais elevada (do que um n\u00f3 ou um chainlock), tamb\u00e9m permite pre-tensionar a linha.<\/p>\n<p>A linha pode facilmente ser puxada para o lado com pre-tens\u00e3o manual. Com este sistema de abertura, n\u00e3o \u00e9 necess\u00e1rio um <a href=\"https:\/\/slacktivity.com\/pt-pt\/category\/slackline-soft-release\/\">softrelease<\/a>. Ainda assim, recomendamos um softRelease quando usado com um HangOver pulley de 3: 1, j\u00e1 que com o tempo a linha poder\u00e1 sofrer desgaste durante o processo de abertura.<\/p>\n<p>A pe\u00e7a de bloqueio, o corpo do KingPin e o pin est\u00e3o conectados por um cordel de borracha, para que n\u00e3o se percam. Com o uso, a borracha poder\u00e1 sobre desgaste, mas pode ser facilmente substitu\u00edda por uma semelhante, com 2mm de di\u00e2metro.<\/p>\n<p>Outra pequena caracter\u00edstica \u00e9 a op\u00e7\u00e3o de inserir\/enfiar um cabo ou um pino de seguran\u00e7a de 2 mm nos dois orif\u00edcios nos pain\u00e9is laterais. Isto pode prevenir desalinhamentes em rodeolines ancoradas em pontos muito altos (e quando o controlo regular do weblock n\u00e3o \u00e9 poss\u00edvel).<\/p>\n<p>Pode comprar o bundle completo ou, se j\u00e1 tiver um <a href=\"https:\/\/slacktivity.com\/shop\/kingpin-aluminium-shackle\/\">KingPin<\/a>, pode comprar apenas o elemento de bloqueio.<\/p>\n<h3>Especif\u00edca\u00e7\u00f5es<\/h3>\n<ul>\n<li><strong>Maximum payload (WLL):<\/strong> 4kN, (de 17kN e acima, ligeira deforma\u00e7\u00e3o das placas laterais)<\/li>\n<li><strong>Para slacklines de 19-20mm<\/strong><\/li>\n<li><strong>BallLocking Pin<\/strong> (d = 11mm) feito de high-alloy, a\u00e7o inoxid\u00e1vel (17-4PH)<\/li>\n<li><strong>Feito de alum\u00ednio para aeronaves<\/strong> 7075-T6<\/li>\n<li><strong>Weblock:<\/strong> placas laterais feitas de a\u00e7o inoxid\u00e1vel; centre divert em formato de meia-lua, feito em alum\u00ednio para aeronaves 7075-T6<\/li>\n<li><strong>Peso:<\/strong> 153g<\/li>\n<\/ul>\n<h3>Antes de usar o KingPin Weblock<\/h3>\n<p>Por favor leia e compreenda as instru\u00e7\u00f5es!! (PDF abaixo &#8220;Manual (pdf)&#8221;). Partilhamos o know-how necess\u00e1rio e toda a informa\u00e7\u00e3o sobre os nossos equipamentos. Temos um manual de instru\u00e7\u00f5es simples, claro e apelativo. <span style=\"background-color: var(--body-bg-color); color: var(--body-color); font-family: var(--body-font-family),sans-serif; font-size: 1.125rem; font-weight: var(--body-font-weight);\">Esteja sempre pronto para a slacklife! Confira o canal de YouTube da SLACKTIVITY &#8211; onde poder\u00e1s encontrar v\u00e1rios tutoriais e dicas. Se ainda tiver d\u00favidas \u00e9 s\u00f3 dizer! Ficaremos felizes por ajudar.<\/span><\/p>\n","protected":false},"excerpt":{"rendered":"<p>O KingPin Weblock \u00e9 um solu\u00e7\u00e3o high-tech para slacklines de 20mm. \u00c9 muito leve, super forte e permite pre-tensionar as linhas.<\/p>\n<p>&nbsp;<\/p>\n","protected":false},"featured_media":13210,"comment_status":"open","ping_status":"closed","template":"","meta":{"_acf_changed":false,"_joinchat":[]},"product_cat":[535,537],"product_tag":[555,559],"class_list":{"0":"post-7382","1":"product","2":"type-product","3":"status-publish","4":"has-post-thumbnail","6":"product_cat-ancoragem-de-slackline","7":"product_cat-weblocks-de-slackline","8":"product_tag-longline","9":"product_tag-rodeoline","10":"pa_brand-slacktivity-pt-pt","12":"first","13":"instock","14":"taxable","15":"shipping-taxable","16":"purchasable","17":"product-type-variable","18":"has-default-attributes","swatches":"rey-swatches","show_selected":""},"acf":[],"yoast_head":"<!-- This site is optimized with the Yoast SEO plugin v27.4 - https:\/\/yoast.com\/product\/yoast-seo-wordpress\/ -->\n<title>KingPin Weblock - Para Slacklines de 20mm | SLACKTIVITY<\/title>\n<meta name=\"description\" content=\"O KingPin Weblock foi desenvolvido para slacklines de 20mm, \u00e9 muito leve, super forte e permite pre-tensionar o slacklines facilmente.\" \/>\n<meta name=\"robots\" content=\"index, follow, max-snippet:-1, max-image-preview:large, max-video-preview:-1\" \/>\n<link rel=\"canonical\" href=\"https:\/\/slacktivity.com\/pt-pt\/shop\/kingpin-weblock-2\/\" \/>\n<meta property=\"og:locale\" content=\"pt_PT\" \/>\n<meta property=\"og:type\" content=\"article\" \/>\n<meta property=\"og:title\" content=\"KingPin Weblock - Para Slacklines de 20mm | SLACKTIVITY\" \/>\n<meta property=\"og:description\" content=\"O KingPin Weblock foi desenvolvido para slacklines de 20mm, \u00e9 muito leve, super forte e permite pre-tensionar o slacklines facilmente.\" \/>\n<meta property=\"og:url\" content=\"https:\/\/slacktivity.com\/pt-pt\/shop\/kingpin-weblock-2\/\" \/>\n<meta property=\"og:site_name\" content=\"Slacktivity Slacklines International Shop\" \/>\n<meta property=\"article:publisher\" content=\"https:\/\/www.facebook.com\/SLACKTIVITY\/\" \/>\n<meta property=\"article:modified_time\" content=\"2023-06-07T12:48:06+00:00\" \/>\n<meta property=\"og:image\" content=\"https:\/\/slacktivity.com\/wp-content\/uploads\/2021\/02\/kingpin-weblock-20mm-webbing.jpg\" \/>\n\t<meta property=\"og:image:width\" content=\"1180\" \/>\n\t<meta property=\"og:image:height\" content=\"1377\" \/>\n\t<meta property=\"og:image:type\" content=\"image\/jpeg\" \/>\n<meta name=\"twitter:card\" content=\"summary_large_image\" \/>\n<meta name=\"twitter:label1\" content=\"Tempo estimado de leitura\" \/>\n\t<meta name=\"twitter:data1\" content=\"2 minutos\" \/>\n<script type=\"application\/ld+json\" class=\"yoast-schema-graph\">{\"@context\":\"https:\\\/\\\/schema.org\",\"@graph\":[{\"@type\":\"WebPage\",\"@id\":\"https:\\\/\\\/slacktivity.com\\\/pt-pt\\\/shop\\\/kingpin-weblock-2\\\/\",\"url\":\"https:\\\/\\\/slacktivity.com\\\/pt-pt\\\/shop\\\/kingpin-weblock-2\\\/\",\"name\":\"KingPin Weblock - Para Slacklines de 20mm | SLACKTIVITY\",\"isPartOf\":{\"@id\":\"https:\\\/\\\/slacktivity.com\\\/pt-pt\\\/#website\"},\"primaryImageOfPage\":{\"@id\":\"https:\\\/\\\/slacktivity.com\\\/pt-pt\\\/shop\\\/kingpin-weblock-2\\\/#primaryimage\"},\"image\":{\"@id\":\"https:\\\/\\\/slacktivity.com\\\/pt-pt\\\/shop\\\/kingpin-weblock-2\\\/#primaryimage\"},\"thumbnailUrl\":\"https:\\\/\\\/slacktivity.com\\\/wp-content\\\/uploads\\\/2021\\\/06\\\/kingpin-weblock-for-20mm-webbing.jpg\",\"datePublished\":\"2021-08-16T15:44:02+00:00\",\"dateModified\":\"2023-06-07T12:48:06+00:00\",\"description\":\"O KingPin Weblock foi desenvolvido para slacklines de 20mm, \u00e9 muito leve, super forte e permite pre-tensionar o slacklines facilmente.\",\"breadcrumb\":{\"@id\":\"https:\\\/\\\/slacktivity.com\\\/pt-pt\\\/shop\\\/kingpin-weblock-2\\\/#breadcrumb\"},\"inLanguage\":\"pt-PT\",\"potentialAction\":[{\"@type\":\"ReadAction\",\"target\":[\"https:\\\/\\\/slacktivity.com\\\/pt-pt\\\/shop\\\/kingpin-weblock-2\\\/\"]}]},{\"@type\":\"ImageObject\",\"inLanguage\":\"pt-PT\",\"@id\":\"https:\\\/\\\/slacktivity.com\\\/pt-pt\\\/shop\\\/kingpin-weblock-2\\\/#primaryimage\",\"url\":\"https:\\\/\\\/slacktivity.com\\\/wp-content\\\/uploads\\\/2021\\\/06\\\/kingpin-weblock-for-20mm-webbing.jpg\",\"contentUrl\":\"https:\\\/\\\/slacktivity.com\\\/wp-content\\\/uploads\\\/2021\\\/06\\\/kingpin-weblock-for-20mm-webbing.jpg\",\"width\":1180,\"height\":1377,\"caption\":\"kingpin weblock for 20mm webbing\"},{\"@type\":\"BreadcrumbList\",\"@id\":\"https:\\\/\\\/slacktivity.com\\\/pt-pt\\\/shop\\\/kingpin-weblock-2\\\/#breadcrumb\",\"itemListElement\":[{\"@type\":\"ListItem\",\"position\":1,\"name\":\"Home\",\"item\":\"https:\\\/\\\/slacktivity.com\\\/pt-pt\\\/\"},{\"@type\":\"ListItem\",\"position\":2,\"name\":\"loja\",\"item\":\"https:\\\/\\\/slacktivity.com\\\/pt-pt\\\/loja\\\/\"},{\"@type\":\"ListItem\",\"position\":3,\"name\":\"KingPin Weblock | Para Slacklines de 20mm\"}]},{\"@type\":\"WebSite\",\"@id\":\"https:\\\/\\\/slacktivity.com\\\/pt-pt\\\/#website\",\"url\":\"https:\\\/\\\/slacktivity.com\\\/pt-pt\\\/\",\"name\":\"Slacktivity Slacklines International Shop\",\"description\":\"Discover the innovative products of Slacktivity. Swiss designed premium slackline gear. Advice from our experts for the best and a safe slackline experience.\",\"publisher\":{\"@id\":\"https:\\\/\\\/slacktivity.com\\\/pt-pt\\\/#organization\"},\"potentialAction\":[{\"@type\":\"SearchAction\",\"target\":{\"@type\":\"EntryPoint\",\"urlTemplate\":\"https:\\\/\\\/slacktivity.com\\\/pt-pt\\\/?s={search_term_string}\"},\"query-input\":{\"@type\":\"PropertyValueSpecification\",\"valueRequired\":true,\"valueName\":\"search_term_string\"}}],\"inLanguage\":\"pt-PT\"},{\"@type\":\"Organization\",\"@id\":\"https:\\\/\\\/slacktivity.com\\\/pt-pt\\\/#organization\",\"name\":\"Slacktivity Slacklines\",\"url\":\"https:\\\/\\\/slacktivity.com\\\/pt-pt\\\/\",\"logo\":{\"@type\":\"ImageObject\",\"inLanguage\":\"pt-PT\",\"@id\":\"https:\\\/\\\/slacktivity.com\\\/pt-pt\\\/#\\\/schema\\\/logo\\\/image\\\/\",\"url\":\"https:\\\/\\\/slacktivity.com\\\/wp-content\\\/uploads\\\/2021\\\/01\\\/slacktivity-slackline-online-shop-1.png\",\"contentUrl\":\"https:\\\/\\\/slacktivity.com\\\/wp-content\\\/uploads\\\/2021\\\/01\\\/slacktivity-slackline-online-shop-1.png\",\"width\":200,\"height\":77,\"caption\":\"Slacktivity Slacklines\"},\"image\":{\"@id\":\"https:\\\/\\\/slacktivity.com\\\/pt-pt\\\/#\\\/schema\\\/logo\\\/image\\\/\"},\"sameAs\":[\"https:\\\/\\\/www.facebook.com\\\/SLACKTIVITY\\\/\",\"https:\\\/\\\/www.instagram.com\\\/slacktivity\\\/\"]}]}<\/script>\n<!-- \/ Yoast SEO plugin. -->","yoast_head_json":{"title":"KingPin Weblock - Para Slacklines de 20mm | SLACKTIVITY","description":"O KingPin Weblock foi desenvolvido para slacklines de 20mm, \u00e9 muito leve, super forte e permite pre-tensionar o slacklines facilmente.","robots":{"index":"index","follow":"follow","max-snippet":"max-snippet:-1","max-image-preview":"max-image-preview:large","max-video-preview":"max-video-preview:-1"},"canonical":"https:\/\/slacktivity.com\/pt-pt\/shop\/kingpin-weblock-2\/","og_locale":"pt_PT","og_type":"article","og_title":"KingPin Weblock - Para Slacklines de 20mm | SLACKTIVITY","og_description":"O KingPin Weblock foi desenvolvido para slacklines de 20mm, \u00e9 muito leve, super forte e permite pre-tensionar o slacklines facilmente.","og_url":"https:\/\/slacktivity.com\/pt-pt\/shop\/kingpin-weblock-2\/","og_site_name":"Slacktivity Slacklines International Shop","article_publisher":"https:\/\/www.facebook.com\/SLACKTIVITY\/","article_modified_time":"2023-06-07T12:48:06+00:00","og_image":[{"width":1180,"height":1377,"url":"https:\/\/slacktivity.com\/wp-content\/uploads\/2021\/02\/kingpin-weblock-20mm-webbing.jpg","type":"image\/jpeg"}],"twitter_card":"summary_large_image","twitter_misc":{"Tempo estimado de leitura":"2 minutos"},"schema":{"@context":"https:\/\/schema.org","@graph":[{"@type":"WebPage","@id":"https:\/\/slacktivity.com\/pt-pt\/shop\/kingpin-weblock-2\/","url":"https:\/\/slacktivity.com\/pt-pt\/shop\/kingpin-weblock-2\/","name":"KingPin Weblock - Para Slacklines de 20mm | SLACKTIVITY","isPartOf":{"@id":"https:\/\/slacktivity.com\/pt-pt\/#website"},"primaryImageOfPage":{"@id":"https:\/\/slacktivity.com\/pt-pt\/shop\/kingpin-weblock-2\/#primaryimage"},"image":{"@id":"https:\/\/slacktivity.com\/pt-pt\/shop\/kingpin-weblock-2\/#primaryimage"},"thumbnailUrl":"https:\/\/slacktivity.com\/wp-content\/uploads\/2021\/06\/kingpin-weblock-for-20mm-webbing.jpg","datePublished":"2021-08-16T15:44:02+00:00","dateModified":"2023-06-07T12:48:06+00:00","description":"O KingPin Weblock foi desenvolvido para slacklines de 20mm, \u00e9 muito leve, super forte e permite pre-tensionar o slacklines facilmente.","breadcrumb":{"@id":"https:\/\/slacktivity.com\/pt-pt\/shop\/kingpin-weblock-2\/#breadcrumb"},"inLanguage":"pt-PT","potentialAction":[{"@type":"ReadAction","target":["https:\/\/slacktivity.com\/pt-pt\/shop\/kingpin-weblock-2\/"]}]},{"@type":"ImageObject","inLanguage":"pt-PT","@id":"https:\/\/slacktivity.com\/pt-pt\/shop\/kingpin-weblock-2\/#primaryimage","url":"https:\/\/slacktivity.com\/wp-content\/uploads\/2021\/06\/kingpin-weblock-for-20mm-webbing.jpg","contentUrl":"https:\/\/slacktivity.com\/wp-content\/uploads\/2021\/06\/kingpin-weblock-for-20mm-webbing.jpg","width":1180,"height":1377,"caption":"kingpin weblock for 20mm webbing"},{"@type":"BreadcrumbList","@id":"https:\/\/slacktivity.com\/pt-pt\/shop\/kingpin-weblock-2\/#breadcrumb","itemListElement":[{"@type":"ListItem","position":1,"name":"Home","item":"https:\/\/slacktivity.com\/pt-pt\/"},{"@type":"ListItem","position":2,"name":"loja","item":"https:\/\/slacktivity.com\/pt-pt\/loja\/"},{"@type":"ListItem","position":3,"name":"KingPin Weblock | Para Slacklines de 20mm"}]},{"@type":"WebSite","@id":"https:\/\/slacktivity.com\/pt-pt\/#website","url":"https:\/\/slacktivity.com\/pt-pt\/","name":"Slacktivity Slacklines International Shop","description":"Discover the innovative products of Slacktivity. Swiss designed premium slackline gear. Advice from our experts for the best and a safe slackline experience.","publisher":{"@id":"https:\/\/slacktivity.com\/pt-pt\/#organization"},"potentialAction":[{"@type":"SearchAction","target":{"@type":"EntryPoint","urlTemplate":"https:\/\/slacktivity.com\/pt-pt\/?s={search_term_string}"},"query-input":{"@type":"PropertyValueSpecification","valueRequired":true,"valueName":"search_term_string"}}],"inLanguage":"pt-PT"},{"@type":"Organization","@id":"https:\/\/slacktivity.com\/pt-pt\/#organization","name":"Slacktivity Slacklines","url":"https:\/\/slacktivity.com\/pt-pt\/","logo":{"@type":"ImageObject","inLanguage":"pt-PT","@id":"https:\/\/slacktivity.com\/pt-pt\/#\/schema\/logo\/image\/","url":"https:\/\/slacktivity.com\/wp-content\/uploads\/2021\/01\/slacktivity-slackline-online-shop-1.png","contentUrl":"https:\/\/slacktivity.com\/wp-content\/uploads\/2021\/01\/slacktivity-slackline-online-shop-1.png","width":200,"height":77,"caption":"Slacktivity Slacklines"},"image":{"@id":"https:\/\/slacktivity.com\/pt-pt\/#\/schema\/logo\/image\/"},"sameAs":["https:\/\/www.facebook.com\/SLACKTIVITY\/","https:\/\/www.instagram.com\/slacktivity\/"]}]}},"_links":{"self":[{"href":"https:\/\/slacktivity.com\/pt-pt\/wp-json\/wp\/v2\/product\/7382","targetHints":{"allow":["GET"]}}],"collection":[{"href":"https:\/\/slacktivity.com\/pt-pt\/wp-json\/wp\/v2\/product"}],"about":[{"href":"https:\/\/slacktivity.com\/pt-pt\/wp-json\/wp\/v2\/types\/product"}],"replies":[{"embeddable":true,"href":"https:\/\/slacktivity.com\/pt-pt\/wp-json\/wp\/v2\/comments?post=7382"}],"wp:featuredmedia":[{"embeddable":true,"href":"https:\/\/slacktivity.com\/pt-pt\/wp-json\/wp\/v2\/media\/13210"}],"wp:attachment":[{"href":"https:\/\/slacktivity.com\/pt-pt\/wp-json\/wp\/v2\/media?parent=7382"}],"wp:term":[{"taxonomy":"product_cat","embeddable":true,"href":"https:\/\/slacktivity.com\/pt-pt\/wp-json\/wp\/v2\/product_cat?post=7382"},{"taxonomy":"product_tag","embeddable":true,"href":"https:\/\/slacktivity.com\/pt-pt\/wp-json\/wp\/v2\/product_tag?post=7382"}],"curies":[{"name":"wp","href":"https:\/\/api.w.org\/{rel}","templated":true}]}}