{"id":9572,"date":"2023-05-03T14:49:35","date_gmt":"2023-05-03T14:49:35","guid":{"rendered":"https:\/\/slacktivity.com\/shop\/protecao-de-leash-ring\/"},"modified":"2025-03-21T14:05:27","modified_gmt":"2025-03-21T14:05:27","slug":"protecao-para-highline-leash-ring","status":"publish","type":"product","link":"https:\/\/slacktivity.com\/pt-pt\/shop\/protecao-para-highline-leash-ring\/","title":{"rendered":"Prote\u00e7\u00e3o de Leash Ring"},"content":{"rendered":"<p><span lang=\"en-US\">Prote\u00e7\u00e3o para <strong>anel de Leash<\/strong>, desenvolvido pelo membro da nossa equipa<\/span><span style=\"background-color: var(--body-bg-color); color: var(--body-color); font-family: var(--body-font-family),sans-serif; font-size: 1.125rem; font-weight: var(--body-font-weight);\"><strong>Tjmen van Dieren, <\/strong>para proteger<\/span><span lang=\"en-US\">dos impactos no anel da leash.<\/span><span style=\"background-color: var(--body-bg-color); color: var(--body-color); font-family: var(--body-font-family),sans-serif; font-size: 1.125rem; font-weight: var(--body-font-weight);\">. As vers\u00f5es<strong>single e double encaixam perfeitamente no <a href=\"https:\/\/slacktivity.com\/shop\/highline-ring\/\">an\u00e9is de highline<\/a> da Slacktivity<\/strong>. Existe uma vers\u00e3o para 1 e uma vers\u00e3o para 2 an\u00e9is. A prote\u00e7\u00e3o pode simplesmente ser pressionada nos an\u00e9is e, em seguida, mant\u00e9m-se fixa, na posi\u00e7\u00e3o correta. Recomendamos adicionar uma leash cover de 10 a 15 cm de comprimento (por exemplo, um pequeno peda\u00e7o de pinkTube) \u00e0 sua leash, quando usar a prote\u00e7\u00e3o.<\/span><\/p>\n<p><strong>Nota:<\/strong> pode ser impresso em azul ou verde, de acordo com a disponibilidade.<\/p>\n<h2><span lang=\"en-US\"><b>Baixe e imprima<\/b> ou compre a prote\u00e7\u00e3o de Leash Ring<b><\/b><\/span><\/h2>\n<p><span lang=\"en-US\">Para quem tem uma impressora 3D e a mat\u00e9ria-prima certa (TPU 85A): Voc\u00ea pode simplesmente <a href=\"https:\/\/drive.google.com\/file\/d\/1JOUpb8SLSn-jkLrg_13o-jdwQxclwfss\/view?usp=sharing\" target=\"_blank\" rel=\"noopener\">baixar o arquivo 3D<\/a> e imprimir a prote\u00e7\u00e3o do anel.<\/span><\/p>\n<p><span lang=\"en-US\">Para todos os outros: podem comprar. <\/span><\/p>\n<p><span lang=\"en-US\"><b>Download gr\u00e1tis<\/b><\/span><\/p>\n<p><span lang=\"en-US\">Sim, \u00e9 totalmente gratuito. Se voc\u00ea gostou e quiser retribuir, ficaremos felizes se avaliar um dos nossos produtos depois da sua pr\u00f3xima compra. Obrigado e agora <\/span><a href=\"https:\/\/drive.google.com\/file\/d\/1JOUpb8SLSn-jkLrg_13o-jdwQxclwfss\/view?usp=sharing\" target=\"_blank\" rel=\"noopener\">Baixe os arquivos e instru\u00e7\u00f5es aqui.<\/a><\/p>\n<p><span lang=\"en-US\"><strong>Nota:<\/strong> A impress\u00e3o 3D com filamento TPU 85A pode ser um pouco desafiadora. A vers\u00e3o single leva de 4 a 5 horas para imprimir e a vers\u00e3o dupla de 6 a 7 horas.<\/span><\/p>\n","protected":false},"excerpt":{"rendered":"<p><span lang=\"en-US\">Prote\u00e7\u00e3o em borracha para <strong>Leash Ring <\/strong><\/span><span style=\"background-color: var(--body-bg-color); color: var(--body-color); font-family: var(--body-font-family),sans-serif; font-size: 1.125rem; font-weight: var(--body-font-weight);\"><strong> <\/strong>para proteger<\/span><span lang=\"en-US\">de pancadas diretas no metal.<\/span><span style=\"background-color: var(--body-bg-color); color: var(--body-color); font-family: var(--body-font-family),sans-serif; font-size: 1.125rem; font-weight: var(--body-font-weight);\">. As vers\u00f5es single e double encaixam perfeitamente no highline ring da Slacktivity<a href=\"\/shop\/highline-ring\/\">.<\/a><\/span><\/p>\n","protected":false},"featured_media":14916,"comment_status":"open","ping_status":"closed","template":"","meta":{"_acf_changed":false,"_joinchat":[]},"product_cat":[513],"product_tag":[552],"class_list":{"0":"post-9572","1":"product","2":"type-product","3":"status-publish","4":"has-post-thumbnail","6":"product_cat-equipamento-de-highline","7":"product_tag-highline","9":"first","10":"instock","11":"sale","12":"featured","13":"taxable","14":"shipping-taxable","15":"purchasable","16":"product-type-variable","swatches":"rey-swatches","show_selected":""},"acf":[],"yoast_head":"<!-- This site is optimized with the Yoast SEO plugin v27.4 - https:\/\/yoast.com\/product\/yoast-seo-wordpress\/ -->\n<title>Leash Ring Padding | SLACKTIVITY International Shop<\/title>\n<meta name=\"description\" content=\"Prote\u00e7\u00e3o do anel da Leash Ring Padding para proteger de pancadas em leash falls. Encaixa perfeitamente nos an\u00e9is da Slacktivity.\" \/>\n<meta name=\"robots\" content=\"index, follow, max-snippet:-1, max-image-preview:large, max-video-preview:-1\" \/>\n<link rel=\"canonical\" href=\"https:\/\/slacktivity.com\/pt-pt\/shop\/protecao-para-highline-leash-ring\/\" \/>\n<meta property=\"og:locale\" content=\"pt_PT\" \/>\n<meta property=\"og:type\" content=\"article\" \/>\n<meta property=\"og:title\" content=\"Leash Ring Padding | SLACKTIVITY International Shop\" \/>\n<meta property=\"og:description\" content=\"Prote\u00e7\u00e3o do anel da Leash Ring Padding para proteger de pancadas em leash falls. Encaixa perfeitamente nos an\u00e9is da Slacktivity.\" \/>\n<meta property=\"og:url\" content=\"https:\/\/slacktivity.com\/pt-pt\/shop\/protecao-para-highline-leash-ring\/\" \/>\n<meta property=\"og:site_name\" content=\"Slacktivity Slacklines International Shop\" \/>\n<meta property=\"article:publisher\" content=\"https:\/\/www.facebook.com\/SLACKTIVITY\/\" \/>\n<meta property=\"article:modified_time\" content=\"2025-03-21T14:05:27+00:00\" \/>\n<meta property=\"og:image\" content=\"https:\/\/slacktivity.com\/wp-content\/uploads\/2021\/06\/leash-highline-ring-padding.jpg\" \/>\n\t<meta property=\"og:image:width\" content=\"1180\" \/>\n\t<meta property=\"og:image:height\" content=\"1377\" \/>\n\t<meta property=\"og:image:type\" content=\"image\/jpeg\" \/>\n<meta name=\"twitter:card\" content=\"summary_large_image\" \/>\n<meta name=\"twitter:label1\" content=\"Tempo estimado de leitura\" \/>\n\t<meta name=\"twitter:data1\" content=\"1 minuto\" \/>\n<script type=\"application\/ld+json\" class=\"yoast-schema-graph\">{\"@context\":\"https:\\\/\\\/schema.org\",\"@graph\":[{\"@type\":\"WebPage\",\"@id\":\"https:\\\/\\\/slacktivity.com\\\/pt-pt\\\/shop\\\/protecao-para-highline-leash-ring\\\/\",\"url\":\"https:\\\/\\\/slacktivity.com\\\/pt-pt\\\/shop\\\/protecao-para-highline-leash-ring\\\/\",\"name\":\"Leash Ring Padding | SLACKTIVITY International Shop\",\"isPartOf\":{\"@id\":\"https:\\\/\\\/slacktivity.com\\\/pt-pt\\\/#website\"},\"primaryImageOfPage\":{\"@id\":\"https:\\\/\\\/slacktivity.com\\\/pt-pt\\\/shop\\\/protecao-para-highline-leash-ring\\\/#primaryimage\"},\"image\":{\"@id\":\"https:\\\/\\\/slacktivity.com\\\/pt-pt\\\/shop\\\/protecao-para-highline-leash-ring\\\/#primaryimage\"},\"thumbnailUrl\":\"https:\\\/\\\/slacktivity.com\\\/wp-content\\\/uploads\\\/2023\\\/05\\\/double-leash-ring-padding.jpg\",\"datePublished\":\"2023-05-03T14:49:35+00:00\",\"dateModified\":\"2025-03-21T14:05:27+00:00\",\"description\":\"Prote\u00e7\u00e3o do anel da Leash Ring Padding para proteger de pancadas em leash falls. Encaixa perfeitamente nos an\u00e9is da Slacktivity.\",\"breadcrumb\":{\"@id\":\"https:\\\/\\\/slacktivity.com\\\/pt-pt\\\/shop\\\/protecao-para-highline-leash-ring\\\/#breadcrumb\"},\"inLanguage\":\"pt-PT\",\"potentialAction\":[{\"@type\":\"ReadAction\",\"target\":[\"https:\\\/\\\/slacktivity.com\\\/pt-pt\\\/shop\\\/protecao-para-highline-leash-ring\\\/\"]}]},{\"@type\":\"ImageObject\",\"inLanguage\":\"pt-PT\",\"@id\":\"https:\\\/\\\/slacktivity.com\\\/pt-pt\\\/shop\\\/protecao-para-highline-leash-ring\\\/#primaryimage\",\"url\":\"https:\\\/\\\/slacktivity.com\\\/wp-content\\\/uploads\\\/2023\\\/05\\\/double-leash-ring-padding.jpg\",\"contentUrl\":\"https:\\\/\\\/slacktivity.com\\\/wp-content\\\/uploads\\\/2023\\\/05\\\/double-leash-ring-padding.jpg\",\"width\":1180,\"height\":1377,\"caption\":\"double leash ring padding\"},{\"@type\":\"BreadcrumbList\",\"@id\":\"https:\\\/\\\/slacktivity.com\\\/pt-pt\\\/shop\\\/protecao-para-highline-leash-ring\\\/#breadcrumb\",\"itemListElement\":[{\"@type\":\"ListItem\",\"position\":1,\"name\":\"Home\",\"item\":\"https:\\\/\\\/slacktivity.com\\\/pt-pt\\\/\"},{\"@type\":\"ListItem\",\"position\":2,\"name\":\"loja\",\"item\":\"https:\\\/\\\/slacktivity.com\\\/pt-pt\\\/loja\\\/\"},{\"@type\":\"ListItem\",\"position\":3,\"name\":\"Prote\u00e7\u00e3o de Leash Ring\"}]},{\"@type\":\"WebSite\",\"@id\":\"https:\\\/\\\/slacktivity.com\\\/pt-pt\\\/#website\",\"url\":\"https:\\\/\\\/slacktivity.com\\\/pt-pt\\\/\",\"name\":\"Slacktivity Slacklines International Shop\",\"description\":\"Discover the innovative products of Slacktivity. Swiss designed premium slackline gear. Advice from our experts for the best and a safe slackline experience.\",\"publisher\":{\"@id\":\"https:\\\/\\\/slacktivity.com\\\/pt-pt\\\/#organization\"},\"potentialAction\":[{\"@type\":\"SearchAction\",\"target\":{\"@type\":\"EntryPoint\",\"urlTemplate\":\"https:\\\/\\\/slacktivity.com\\\/pt-pt\\\/?s={search_term_string}\"},\"query-input\":{\"@type\":\"PropertyValueSpecification\",\"valueRequired\":true,\"valueName\":\"search_term_string\"}}],\"inLanguage\":\"pt-PT\"},{\"@type\":\"Organization\",\"@id\":\"https:\\\/\\\/slacktivity.com\\\/pt-pt\\\/#organization\",\"name\":\"Slacktivity Slacklines\",\"url\":\"https:\\\/\\\/slacktivity.com\\\/pt-pt\\\/\",\"logo\":{\"@type\":\"ImageObject\",\"inLanguage\":\"pt-PT\",\"@id\":\"https:\\\/\\\/slacktivity.com\\\/pt-pt\\\/#\\\/schema\\\/logo\\\/image\\\/\",\"url\":\"https:\\\/\\\/slacktivity.com\\\/wp-content\\\/uploads\\\/2021\\\/01\\\/slacktivity-slackline-online-shop-1.png\",\"contentUrl\":\"https:\\\/\\\/slacktivity.com\\\/wp-content\\\/uploads\\\/2021\\\/01\\\/slacktivity-slackline-online-shop-1.png\",\"width\":200,\"height\":77,\"caption\":\"Slacktivity Slacklines\"},\"image\":{\"@id\":\"https:\\\/\\\/slacktivity.com\\\/pt-pt\\\/#\\\/schema\\\/logo\\\/image\\\/\"},\"sameAs\":[\"https:\\\/\\\/www.facebook.com\\\/SLACKTIVITY\\\/\",\"https:\\\/\\\/www.instagram.com\\\/slacktivity\\\/\"]}]}<\/script>\n<!-- \/ Yoast SEO plugin. -->","yoast_head_json":{"title":"Leash Ring Padding | SLACKTIVITY International Shop","description":"Prote\u00e7\u00e3o do anel da Leash Ring Padding para proteger de pancadas em leash falls. Encaixa perfeitamente nos an\u00e9is da Slacktivity.","robots":{"index":"index","follow":"follow","max-snippet":"max-snippet:-1","max-image-preview":"max-image-preview:large","max-video-preview":"max-video-preview:-1"},"canonical":"https:\/\/slacktivity.com\/pt-pt\/shop\/protecao-para-highline-leash-ring\/","og_locale":"pt_PT","og_type":"article","og_title":"Leash Ring Padding | SLACKTIVITY International Shop","og_description":"Prote\u00e7\u00e3o do anel da Leash Ring Padding para proteger de pancadas em leash falls. Encaixa perfeitamente nos an\u00e9is da Slacktivity.","og_url":"https:\/\/slacktivity.com\/pt-pt\/shop\/protecao-para-highline-leash-ring\/","og_site_name":"Slacktivity Slacklines International Shop","article_publisher":"https:\/\/www.facebook.com\/SLACKTIVITY\/","article_modified_time":"2025-03-21T14:05:27+00:00","og_image":[{"width":1180,"height":1377,"url":"https:\/\/slacktivity.com\/wp-content\/uploads\/2021\/06\/leash-highline-ring-padding.jpg","type":"image\/jpeg"}],"twitter_card":"summary_large_image","twitter_misc":{"Tempo estimado de leitura":"1 minuto"},"schema":{"@context":"https:\/\/schema.org","@graph":[{"@type":"WebPage","@id":"https:\/\/slacktivity.com\/pt-pt\/shop\/protecao-para-highline-leash-ring\/","url":"https:\/\/slacktivity.com\/pt-pt\/shop\/protecao-para-highline-leash-ring\/","name":"Leash Ring Padding | SLACKTIVITY International Shop","isPartOf":{"@id":"https:\/\/slacktivity.com\/pt-pt\/#website"},"primaryImageOfPage":{"@id":"https:\/\/slacktivity.com\/pt-pt\/shop\/protecao-para-highline-leash-ring\/#primaryimage"},"image":{"@id":"https:\/\/slacktivity.com\/pt-pt\/shop\/protecao-para-highline-leash-ring\/#primaryimage"},"thumbnailUrl":"https:\/\/slacktivity.com\/wp-content\/uploads\/2023\/05\/double-leash-ring-padding.jpg","datePublished":"2023-05-03T14:49:35+00:00","dateModified":"2025-03-21T14:05:27+00:00","description":"Prote\u00e7\u00e3o do anel da Leash Ring Padding para proteger de pancadas em leash falls. Encaixa perfeitamente nos an\u00e9is da Slacktivity.","breadcrumb":{"@id":"https:\/\/slacktivity.com\/pt-pt\/shop\/protecao-para-highline-leash-ring\/#breadcrumb"},"inLanguage":"pt-PT","potentialAction":[{"@type":"ReadAction","target":["https:\/\/slacktivity.com\/pt-pt\/shop\/protecao-para-highline-leash-ring\/"]}]},{"@type":"ImageObject","inLanguage":"pt-PT","@id":"https:\/\/slacktivity.com\/pt-pt\/shop\/protecao-para-highline-leash-ring\/#primaryimage","url":"https:\/\/slacktivity.com\/wp-content\/uploads\/2023\/05\/double-leash-ring-padding.jpg","contentUrl":"https:\/\/slacktivity.com\/wp-content\/uploads\/2023\/05\/double-leash-ring-padding.jpg","width":1180,"height":1377,"caption":"double leash ring padding"},{"@type":"BreadcrumbList","@id":"https:\/\/slacktivity.com\/pt-pt\/shop\/protecao-para-highline-leash-ring\/#breadcrumb","itemListElement":[{"@type":"ListItem","position":1,"name":"Home","item":"https:\/\/slacktivity.com\/pt-pt\/"},{"@type":"ListItem","position":2,"name":"loja","item":"https:\/\/slacktivity.com\/pt-pt\/loja\/"},{"@type":"ListItem","position":3,"name":"Prote\u00e7\u00e3o de Leash Ring"}]},{"@type":"WebSite","@id":"https:\/\/slacktivity.com\/pt-pt\/#website","url":"https:\/\/slacktivity.com\/pt-pt\/","name":"Slacktivity Slacklines International Shop","description":"Discover the innovative products of Slacktivity. Swiss designed premium slackline gear. Advice from our experts for the best and a safe slackline experience.","publisher":{"@id":"https:\/\/slacktivity.com\/pt-pt\/#organization"},"potentialAction":[{"@type":"SearchAction","target":{"@type":"EntryPoint","urlTemplate":"https:\/\/slacktivity.com\/pt-pt\/?s={search_term_string}"},"query-input":{"@type":"PropertyValueSpecification","valueRequired":true,"valueName":"search_term_string"}}],"inLanguage":"pt-PT"},{"@type":"Organization","@id":"https:\/\/slacktivity.com\/pt-pt\/#organization","name":"Slacktivity Slacklines","url":"https:\/\/slacktivity.com\/pt-pt\/","logo":{"@type":"ImageObject","inLanguage":"pt-PT","@id":"https:\/\/slacktivity.com\/pt-pt\/#\/schema\/logo\/image\/","url":"https:\/\/slacktivity.com\/wp-content\/uploads\/2021\/01\/slacktivity-slackline-online-shop-1.png","contentUrl":"https:\/\/slacktivity.com\/wp-content\/uploads\/2021\/01\/slacktivity-slackline-online-shop-1.png","width":200,"height":77,"caption":"Slacktivity Slacklines"},"image":{"@id":"https:\/\/slacktivity.com\/pt-pt\/#\/schema\/logo\/image\/"},"sameAs":["https:\/\/www.facebook.com\/SLACKTIVITY\/","https:\/\/www.instagram.com\/slacktivity\/"]}]}},"_links":{"self":[{"href":"https:\/\/slacktivity.com\/pt-pt\/wp-json\/wp\/v2\/product\/9572","targetHints":{"allow":["GET"]}}],"collection":[{"href":"https:\/\/slacktivity.com\/pt-pt\/wp-json\/wp\/v2\/product"}],"about":[{"href":"https:\/\/slacktivity.com\/pt-pt\/wp-json\/wp\/v2\/types\/product"}],"replies":[{"embeddable":true,"href":"https:\/\/slacktivity.com\/pt-pt\/wp-json\/wp\/v2\/comments?post=9572"}],"wp:featuredmedia":[{"embeddable":true,"href":"https:\/\/slacktivity.com\/pt-pt\/wp-json\/wp\/v2\/media\/14916"}],"wp:attachment":[{"href":"https:\/\/slacktivity.com\/pt-pt\/wp-json\/wp\/v2\/media?parent=9572"}],"wp:term":[{"taxonomy":"product_cat","embeddable":true,"href":"https:\/\/slacktivity.com\/pt-pt\/wp-json\/wp\/v2\/product_cat?post=9572"},{"taxonomy":"product_tag","embeddable":true,"href":"https:\/\/slacktivity.com\/pt-pt\/wp-json\/wp\/v2\/product_tag?post=9572"}],"curies":[{"name":"wp","href":"https:\/\/api.w.org\/{rel}","templated":true}]}}