{"id":9575,"date":"2021-01-16T16:11:24","date_gmt":"2022-04-18T15:59:55","guid":{"rendered":"https:\/\/slacktivity.com\/shop\/quick-link-galvanizado-de-8mm-maillon-rapide\/"},"modified":"2022-04-18T15:59:55","modified_gmt":"2022-04-18T15:59:55","slug":"quick-link-galvanizado-8mm","status":"publish","type":"product","link":"https:\/\/slacktivity.com\/pt-pt\/shop\/quick-link-galvanizado-8mm\/","title":{"rendered":"Quick Link Galvanizado de 8mm | Maillon Rapide"},"content":{"rendered":"<h2>Quick link galvanizado, de 8mm, fabricado pela Maillon Rapid<\/h2>\n<p><strong><span>Quick link 8mm Maillon Rapide<\/span><\/strong><span> &#8211; Quick Link usado para conectar linhas de slackline, slings e plaquetes, e outras combina\u00e7\u00f5es de equipamentos. Para rigs permanentes recomendamos: <\/span><a href=\"https:\/\/slacktivity.com\/shop\/8mm-quick-link\"><span>INOX version<\/span><\/a><span> .<\/span><\/p>\n<h2><span>Especifica\u00e7\u00f5es<\/span><\/h2>\n<ul>\n<li><span><strong>Screw hole:<\/strong> aprox. 10.5mm<\/span><\/li>\n<li><span><strong>Peso:<\/strong> 77g<\/span><\/li>\n<li><span><strong>Material:<\/strong> A\u00e7o galvanizado<\/span><\/li>\n<li><span><strong>Minimum breaking load longitudinal:<\/strong> 28kN<\/span><\/li>\n<li><span>made in France<\/span><\/li>\n<li><span><strong>WLL<\/strong>: 7kN<\/span><\/li>\n<\/ul>\n<p><span>A <\/span><a href=\"https:\/\/slacktivity.ch\/climbing-tool\"><span>Climbing Tool<\/span><\/a><span> foi ajustada ao tamanho deste Quick Link. Assim, a rosca pode ser apertada e aberta novamente &#8211; o que \u00e9 indispens\u00e1vel para o highlining.<\/span><\/p>\n","protected":false},"excerpt":{"rendered":"<p>Quick link aparafus\u00e1vel para conex\u00f5es entre slacklines,T-loops e backup, slings e plaquetes, e outras combina\u00e7\u00f5es de equipamentos.<\/p>\n","protected":false},"featured_media":9181,"comment_status":"open","ping_status":"closed","template":"","meta":{"_acf_changed":false,"_joinchat":[]},"product_cat":[506,892],"product_tag":[389,555],"class_list":{"0":"post-9575","1":"product","2":"type-product","3":"status-publish","4":"has-post-thumbnail","6":"product_cat-conectores-de-slackline","7":"product_cat-quicklinks-para-slackline","8":"product_tag-longline","10":"pa_brand-maillon-rapide-pt-pt","12":"first","13":"instock","14":"taxable","15":"shipping-taxable","16":"purchasable","17":"product-type-simple","swatches":"rey-swatches","show_selected":""},"acf":[],"yoast_head":"<!-- This site is optimized with the Yoast SEO plugin v27.4 - https:\/\/yoast.com\/product\/yoast-seo-wordpress\/ -->\n<title>Quick Link Galvanizado 8mm- Maillon Rapide | SLACKTIVITY<\/title>\n<meta name=\"description\" content=\"Quick link Galvanizado, de 8mm, da Maillon Rapide. Um Quick Link usado para conectar as linhas de slackline, T-loops com o backup e os slings.\" \/>\n<meta name=\"robots\" content=\"index, follow, max-snippet:-1, max-image-preview:large, max-video-preview:-1\" \/>\n<link rel=\"canonical\" href=\"https:\/\/slacktivity.com\/pt-pt\/shop\/quick-link-galvanizado-8mm\/\" \/>\n<meta property=\"og:locale\" content=\"pt_PT\" \/>\n<meta property=\"og:type\" content=\"article\" \/>\n<meta property=\"og:title\" content=\"Quick Link Galvanizado 8mm- Maillon Rapide | SLACKTIVITY\" \/>\n<meta property=\"og:description\" content=\"Quick link Galvanizado, de 8mm, da Maillon Rapide. Um Quick Link usado para conectar as linhas de slackline, T-loops com o backup e os slings.\" \/>\n<meta property=\"og:url\" content=\"https:\/\/slacktivity.com\/pt-pt\/shop\/quick-link-galvanizado-8mm\/\" \/>\n<meta property=\"og:site_name\" content=\"Slacktivity Slacklines International Shop\" \/>\n<meta property=\"article:publisher\" content=\"https:\/\/www.facebook.com\/SLACKTIVITY\/\" \/>\n<meta property=\"og:image\" content=\"https:\/\/slacktivity.com\/wp-content\/uploads\/2022\/03\/8mm-galvanized-quick-link.jpg\" \/>\n\t<meta property=\"og:image:width\" content=\"1180\" \/>\n\t<meta property=\"og:image:height\" content=\"1377\" \/>\n\t<meta property=\"og:image:type\" content=\"image\/jpeg\" \/>\n<meta name=\"twitter:card\" content=\"summary_large_image\" \/>\n<script type=\"application\/ld+json\" class=\"yoast-schema-graph\">{\"@context\":\"https:\\\/\\\/schema.org\",\"@graph\":[{\"@type\":\"WebPage\",\"@id\":\"https:\\\/\\\/slacktivity.com\\\/pt-pt\\\/shop\\\/quick-link-galvanizado-8mm\\\/\",\"url\":\"https:\\\/\\\/slacktivity.com\\\/pt-pt\\\/shop\\\/quick-link-galvanizado-8mm\\\/\",\"name\":\"Quick Link Galvanizado 8mm- Maillon Rapide | SLACKTIVITY\",\"isPartOf\":{\"@id\":\"https:\\\/\\\/slacktivity.com\\\/pt-pt\\\/#website\"},\"primaryImageOfPage\":{\"@id\":\"https:\\\/\\\/slacktivity.com\\\/pt-pt\\\/shop\\\/quick-link-galvanizado-8mm\\\/#primaryimage\"},\"image\":{\"@id\":\"https:\\\/\\\/slacktivity.com\\\/pt-pt\\\/shop\\\/quick-link-galvanizado-8mm\\\/#primaryimage\"},\"thumbnailUrl\":\"https:\\\/\\\/slacktivity.com\\\/wp-content\\\/uploads\\\/2022\\\/03\\\/8mm-galvanized-quick-link.jpg\",\"datePublished\":\"2022-04-18T15:59:55+00:00\",\"description\":\"Quick link Galvanizado, de 8mm, da Maillon Rapide. Um Quick Link usado para conectar as linhas de slackline, T-loops com o backup e os slings.\",\"breadcrumb\":{\"@id\":\"https:\\\/\\\/slacktivity.com\\\/pt-pt\\\/shop\\\/quick-link-galvanizado-8mm\\\/#breadcrumb\"},\"inLanguage\":\"pt-PT\",\"potentialAction\":[{\"@type\":\"ReadAction\",\"target\":[\"https:\\\/\\\/slacktivity.com\\\/pt-pt\\\/shop\\\/quick-link-galvanizado-8mm\\\/\"]}]},{\"@type\":\"ImageObject\",\"inLanguage\":\"pt-PT\",\"@id\":\"https:\\\/\\\/slacktivity.com\\\/pt-pt\\\/shop\\\/quick-link-galvanizado-8mm\\\/#primaryimage\",\"url\":\"https:\\\/\\\/slacktivity.com\\\/wp-content\\\/uploads\\\/2022\\\/03\\\/8mm-galvanized-quick-link.jpg\",\"contentUrl\":\"https:\\\/\\\/slacktivity.com\\\/wp-content\\\/uploads\\\/2022\\\/03\\\/8mm-galvanized-quick-link.jpg\",\"width\":1180,\"height\":1377,\"caption\":\"quick link galvanizado 8mm\"},{\"@type\":\"BreadcrumbList\",\"@id\":\"https:\\\/\\\/slacktivity.com\\\/pt-pt\\\/shop\\\/quick-link-galvanizado-8mm\\\/#breadcrumb\",\"itemListElement\":[{\"@type\":\"ListItem\",\"position\":1,\"name\":\"Home\",\"item\":\"https:\\\/\\\/slacktivity.com\\\/pt-pt\\\/\"},{\"@type\":\"ListItem\",\"position\":2,\"name\":\"loja\",\"item\":\"https:\\\/\\\/slacktivity.com\\\/pt-pt\\\/loja\\\/\"},{\"@type\":\"ListItem\",\"position\":3,\"name\":\"Quick Link Galvanizado de 8mm | Maillon Rapide\"}]},{\"@type\":\"WebSite\",\"@id\":\"https:\\\/\\\/slacktivity.com\\\/pt-pt\\\/#website\",\"url\":\"https:\\\/\\\/slacktivity.com\\\/pt-pt\\\/\",\"name\":\"Slacktivity Slacklines International Shop\",\"description\":\"Discover the innovative products of Slacktivity. Swiss designed premium slackline gear. Advice from our experts for the best and a safe slackline experience.\",\"publisher\":{\"@id\":\"https:\\\/\\\/slacktivity.com\\\/pt-pt\\\/#organization\"},\"potentialAction\":[{\"@type\":\"SearchAction\",\"target\":{\"@type\":\"EntryPoint\",\"urlTemplate\":\"https:\\\/\\\/slacktivity.com\\\/pt-pt\\\/?s={search_term_string}\"},\"query-input\":{\"@type\":\"PropertyValueSpecification\",\"valueRequired\":true,\"valueName\":\"search_term_string\"}}],\"inLanguage\":\"pt-PT\"},{\"@type\":\"Organization\",\"@id\":\"https:\\\/\\\/slacktivity.com\\\/pt-pt\\\/#organization\",\"name\":\"Slacktivity Slacklines\",\"url\":\"https:\\\/\\\/slacktivity.com\\\/pt-pt\\\/\",\"logo\":{\"@type\":\"ImageObject\",\"inLanguage\":\"pt-PT\",\"@id\":\"https:\\\/\\\/slacktivity.com\\\/pt-pt\\\/#\\\/schema\\\/logo\\\/image\\\/\",\"url\":\"https:\\\/\\\/slacktivity.com\\\/wp-content\\\/uploads\\\/2021\\\/01\\\/slacktivity-slackline-online-shop-1.png\",\"contentUrl\":\"https:\\\/\\\/slacktivity.com\\\/wp-content\\\/uploads\\\/2021\\\/01\\\/slacktivity-slackline-online-shop-1.png\",\"width\":200,\"height\":77,\"caption\":\"Slacktivity Slacklines\"},\"image\":{\"@id\":\"https:\\\/\\\/slacktivity.com\\\/pt-pt\\\/#\\\/schema\\\/logo\\\/image\\\/\"},\"sameAs\":[\"https:\\\/\\\/www.facebook.com\\\/SLACKTIVITY\\\/\",\"https:\\\/\\\/www.instagram.com\\\/slacktivity\\\/\"]}]}<\/script>\n<!-- \/ Yoast SEO plugin. -->","yoast_head_json":{"title":"Quick Link Galvanizado 8mm- Maillon Rapide | SLACKTIVITY","description":"Quick link Galvanizado, de 8mm, da Maillon Rapide. Um Quick Link usado para conectar as linhas de slackline, T-loops com o backup e os slings.","robots":{"index":"index","follow":"follow","max-snippet":"max-snippet:-1","max-image-preview":"max-image-preview:large","max-video-preview":"max-video-preview:-1"},"canonical":"https:\/\/slacktivity.com\/pt-pt\/shop\/quick-link-galvanizado-8mm\/","og_locale":"pt_PT","og_type":"article","og_title":"Quick Link Galvanizado 8mm- Maillon Rapide | SLACKTIVITY","og_description":"Quick link Galvanizado, de 8mm, da Maillon Rapide. Um Quick Link usado para conectar as linhas de slackline, T-loops com o backup e os slings.","og_url":"https:\/\/slacktivity.com\/pt-pt\/shop\/quick-link-galvanizado-8mm\/","og_site_name":"Slacktivity Slacklines International Shop","article_publisher":"https:\/\/www.facebook.com\/SLACKTIVITY\/","og_image":[{"width":1180,"height":1377,"url":"https:\/\/slacktivity.com\/wp-content\/uploads\/2022\/03\/8mm-galvanized-quick-link.jpg","type":"image\/jpeg"}],"twitter_card":"summary_large_image","schema":{"@context":"https:\/\/schema.org","@graph":[{"@type":"WebPage","@id":"https:\/\/slacktivity.com\/pt-pt\/shop\/quick-link-galvanizado-8mm\/","url":"https:\/\/slacktivity.com\/pt-pt\/shop\/quick-link-galvanizado-8mm\/","name":"Quick Link Galvanizado 8mm- Maillon Rapide | SLACKTIVITY","isPartOf":{"@id":"https:\/\/slacktivity.com\/pt-pt\/#website"},"primaryImageOfPage":{"@id":"https:\/\/slacktivity.com\/pt-pt\/shop\/quick-link-galvanizado-8mm\/#primaryimage"},"image":{"@id":"https:\/\/slacktivity.com\/pt-pt\/shop\/quick-link-galvanizado-8mm\/#primaryimage"},"thumbnailUrl":"https:\/\/slacktivity.com\/wp-content\/uploads\/2022\/03\/8mm-galvanized-quick-link.jpg","datePublished":"2022-04-18T15:59:55+00:00","description":"Quick link Galvanizado, de 8mm, da Maillon Rapide. Um Quick Link usado para conectar as linhas de slackline, T-loops com o backup e os slings.","breadcrumb":{"@id":"https:\/\/slacktivity.com\/pt-pt\/shop\/quick-link-galvanizado-8mm\/#breadcrumb"},"inLanguage":"pt-PT","potentialAction":[{"@type":"ReadAction","target":["https:\/\/slacktivity.com\/pt-pt\/shop\/quick-link-galvanizado-8mm\/"]}]},{"@type":"ImageObject","inLanguage":"pt-PT","@id":"https:\/\/slacktivity.com\/pt-pt\/shop\/quick-link-galvanizado-8mm\/#primaryimage","url":"https:\/\/slacktivity.com\/wp-content\/uploads\/2022\/03\/8mm-galvanized-quick-link.jpg","contentUrl":"https:\/\/slacktivity.com\/wp-content\/uploads\/2022\/03\/8mm-galvanized-quick-link.jpg","width":1180,"height":1377,"caption":"quick link galvanizado 8mm"},{"@type":"BreadcrumbList","@id":"https:\/\/slacktivity.com\/pt-pt\/shop\/quick-link-galvanizado-8mm\/#breadcrumb","itemListElement":[{"@type":"ListItem","position":1,"name":"Home","item":"https:\/\/slacktivity.com\/pt-pt\/"},{"@type":"ListItem","position":2,"name":"loja","item":"https:\/\/slacktivity.com\/pt-pt\/loja\/"},{"@type":"ListItem","position":3,"name":"Quick Link Galvanizado de 8mm | Maillon Rapide"}]},{"@type":"WebSite","@id":"https:\/\/slacktivity.com\/pt-pt\/#website","url":"https:\/\/slacktivity.com\/pt-pt\/","name":"Slacktivity Slacklines International Shop","description":"Discover the innovative products of Slacktivity. Swiss designed premium slackline gear. Advice from our experts for the best and a safe slackline experience.","publisher":{"@id":"https:\/\/slacktivity.com\/pt-pt\/#organization"},"potentialAction":[{"@type":"SearchAction","target":{"@type":"EntryPoint","urlTemplate":"https:\/\/slacktivity.com\/pt-pt\/?s={search_term_string}"},"query-input":{"@type":"PropertyValueSpecification","valueRequired":true,"valueName":"search_term_string"}}],"inLanguage":"pt-PT"},{"@type":"Organization","@id":"https:\/\/slacktivity.com\/pt-pt\/#organization","name":"Slacktivity Slacklines","url":"https:\/\/slacktivity.com\/pt-pt\/","logo":{"@type":"ImageObject","inLanguage":"pt-PT","@id":"https:\/\/slacktivity.com\/pt-pt\/#\/schema\/logo\/image\/","url":"https:\/\/slacktivity.com\/wp-content\/uploads\/2021\/01\/slacktivity-slackline-online-shop-1.png","contentUrl":"https:\/\/slacktivity.com\/wp-content\/uploads\/2021\/01\/slacktivity-slackline-online-shop-1.png","width":200,"height":77,"caption":"Slacktivity Slacklines"},"image":{"@id":"https:\/\/slacktivity.com\/pt-pt\/#\/schema\/logo\/image\/"},"sameAs":["https:\/\/www.facebook.com\/SLACKTIVITY\/","https:\/\/www.instagram.com\/slacktivity\/"]}]}},"_links":{"self":[{"href":"https:\/\/slacktivity.com\/pt-pt\/wp-json\/wp\/v2\/product\/9575","targetHints":{"allow":["GET"]}}],"collection":[{"href":"https:\/\/slacktivity.com\/pt-pt\/wp-json\/wp\/v2\/product"}],"about":[{"href":"https:\/\/slacktivity.com\/pt-pt\/wp-json\/wp\/v2\/types\/product"}],"replies":[{"embeddable":true,"href":"https:\/\/slacktivity.com\/pt-pt\/wp-json\/wp\/v2\/comments?post=9575"}],"wp:featuredmedia":[{"embeddable":true,"href":"https:\/\/slacktivity.com\/pt-pt\/wp-json\/wp\/v2\/media\/9181"}],"wp:attachment":[{"href":"https:\/\/slacktivity.com\/pt-pt\/wp-json\/wp\/v2\/media?parent=9575"}],"wp:term":[{"taxonomy":"product_cat","embeddable":true,"href":"https:\/\/slacktivity.com\/pt-pt\/wp-json\/wp\/v2\/product_cat?post=9575"},{"taxonomy":"product_tag","embeddable":true,"href":"https:\/\/slacktivity.com\/pt-pt\/wp-json\/wp\/v2\/product_tag?post=9575"}],"curies":[{"name":"wp","href":"https:\/\/api.w.org\/{rel}","templated":true}]}}