{"id":9576,"date":"2023-06-17T14:28:21","date_gmt":"2022-04-18T16:32:30","guid":{"rendered":"https:\/\/slacktivity.com\/shop\/traveler-lightning-slackline-de-40m\/"},"modified":"2024-06-07T12:15:25","modified_gmt":"2024-06-07T12:15:25","slug":"lightning-slackline-40m","status":"publish","type":"product","link":"https:\/\/slacktivity.com\/pt-pt\/shop\/lightning-slackline-40m\/","title":{"rendered":"Traveler Lightning | Slackline de 40m"},"content":{"rendered":"<h2>Lightning &#8211; Slackline de 40m | A lend\u00e1ria linha de Churfirsten<\/h2>\n<p>O<a href=\"https:\/\/slacktivity.com\/pt-pt\/category\/kits-de-slackline\/\">Lightning set<\/a>, com<strong>40 metros de uma linha de slackline lend\u00e1ria, <\/strong><strong>pesa apenas 2.32kg<\/strong>, com o seu sistema de tensionamento purista. O nome Lightning \u00e9 \u00f3bvio quando voc\u00ea conhece as hist\u00f3rias por tr\u00e1s dele Porque quando <a href=\"https:\/\/slacktivity.com\/slackline-team\/samuel-volery\/\">Samuel Volery<\/a> tentou cruzar o Churfirsten com um highline (Longer than Gods allow), o <strong>highline<\/strong> <strong>foi atingido por um raio e destru\u00eddo<\/strong>. Felizmente, sem que ningu\u00e9m se tivesse magoado. Os restos desta linha de highline, que foi atingida por um raio, foram dados a v\u00e1rios atletas e amigos da SLACKTIVITY para fazer uma turn\u00ea mundial com eles. E assim os<a href=\"https:\/\/slacktivity.com\/slackline-team\/\">atletas da SLACKTIVITY<\/a>, longe das montanhas su\u00ed\u00e7as, descobriram como este slackline Lightning \u00e9 adequado para praticar slackline no parque, \u00e0 beira-mar ou sobre lagos. Um <a href=\"https:\/\/slacktivity.com\/shop\/primitive-slackline-kit\/\">sistema primitivo<\/a> foi usado pelos atletas para montar esta linha. E o Lightning Set, com os seus 40m de slackline, apresenta-se hoje com v\u00e1rias otimiza\u00e7\u00f5es.<\/p>\n<p>Este set de longline ultraleve \u00e9 \u200b\u200bideal para levar consigo quando viajar ou em qualquer lugar. A montagem com sistema primitivo requer um pouco de pr\u00e1tica e experi\u00eancia. Portanto, o Lightning Set \u00e9 adequado para utilizadores avan\u00e7ados. Ou para os slackliners que mais tarde quiserem fazer highline, eles j\u00e1 ficam com um<strong> <\/strong><strong><a href=\"https:\/\/slacktivity.com\/pt-pt\/category\/pecas-de-tensionamento\/hangovers\/\">HangOver<\/a><\/strong> ao comprar este slackline de 40m <a href=\"https:\/\/slacktivity.ch\/shop\/hangover-slackline-karabiner\/\">. <\/a>Em geral, os componentes de slackline incluidos no set podem ser combinados e usados noutros sistemas de montagem.<\/p>\n<p>A inova\u00e7\u00e3o do SLACKTIVITY, onde uma fita plana de polyester de 5 cm de largura \u00e9 costurada diretamente na linha de slackline com 20 mm de largura, reduz os componentes de <a href=\"\/\">slackline<\/a> necess\u00e1rios ao m\u00ednimo absoluto. Os slings de 5 cm de largura distribuem a press\u00e3o de forma otimizada e, assim, protegem as \u00e1rvores (nota: use sempre com<strong> <\/strong><strong><a href=\"https:\/\/slacktivity.com\/pt-pt\/category\/protecoes-de-arvore\/\">prote\u00e7\u00f5es de \u00e1rvore<\/a><\/strong>).<\/p>\n<p>A linha \u00e9 fixada a uma \u00e1rvore de um lado com um loop integrado com uma manga de tecido protetora adicional (manga laranja, para otimizar a capacidade de carga). Na outra \u00e1rvore, o sistema primitivo \u00e9 preso ao <strong>sling ajust\u00e1vel,<\/strong> atrav\u00e9s de um<strong>ConnectionLoop<\/strong>. A linha de slackline de 40 metros \u00e9 fixada com um <strong>ChainLock<\/strong> de alum\u00ednio. Para que o slackline de 20mm fique perfeitamente alinhado no ChainLock, o set inclui um <strong>espa\u00e7ador.<\/strong> O<strong>HangOver<\/strong>, usado como multiplicador, \u00e9 preso ao slackline atrav\u00e9s de um D-shackle de 6mm, podendo ser f\u00e1cilmente ajustado.<\/p>\n<p>Com o sistema primitivo de montagem e o HangOver como multiplicador, o slackline poder\u00e1 ter um<strong>comprimento m\u00e1ximo de 36m<\/strong> e aproximadamente <strong>3kN de pr\u00e9-tens\u00e3o<\/strong>.<\/p>\n<p>Use sempre<strong> <\/strong><strong>prote\u00e7\u00f5es<\/strong> de <strong>\u00e1rvore<\/strong>. Por exemplo ser uma toalha dobrada v\u00e1rias vezes. Que ter\u00e1 consigo em qualquer viagem.<\/p>\n<h3>Especif\u00edca\u00e7\u00f5es<\/h3>\n<ul>\n<li><strong>Comprimento:<\/strong> slackline de 40m(+ 2m de sling integrado)<\/li>\n<li><strong>Prote\u00e7\u00e3o de \u00e1rvore<\/strong>: tree loops com 5cm de largura<\/li>\n<li><strong>Minimum breaking load<\/strong>: 11kN (Linha falha no ChainLock, com Kingpin-Weblock 16kN)<\/li>\n<li><strong>Elasticidade<\/strong>: aprox. 8% aos 10kN<\/li>\n<li><strong>WLL (Working Load Limit)<\/strong>: 4kN<\/li>\n<li><strong>Peso<\/strong>: 2316g<\/li>\n<\/ul>\n<h3>O que inclui<\/h3>\n<ul>\n<li>Slackline de 40m feito polyester (20mm de largura, com extremidades em preto), com loops em ambos os lados.<\/li>\n<li>5cm de largura e aproximadamente 2m de comprimento.<\/li>\n<li><a href=\"https:\/\/slacktivity.ch\/shop\/slackline-baumschlinge-2-5m\/\">Slackline ajust\u00e1vel<\/a> de 2,5m.<\/li>\n<li>3x mosquet\u00f5es de slackline em a\u00e7o<\/li>\n<li>ChainLock de alum\u00ednio e espa\u00e7ador<\/li>\n<li>ConnectionLoop<\/li>\n<li>Hangover<\/li>\n<li>D-shackle de 6mm (para fixar o Hangover com multiplicador)<\/li>\n<\/ul>\n<h3>Como montar este slackline de 40 metros<\/h3>\n<div class=\"iframe-container\"><iframe title=\"YouTube video player\" src=\"https:\/\/www.youtube.com\/embed\/80MCFrn-DUs\" width=\"560\" height=\"315\" frameborder=\"0\" allowfullscreen=\"allowfullscreen\"><\/iframe><\/div>\n<p><strong>Check &#8220;Zeus Line&#8221; Project Video<\/strong><\/p>\n<div class=\"iframe-container\"><iframe title=\"YouTube video player\" src=\"https:\/\/www.youtube.com\/embed\/iZAmoZvZMqE\" width=\"560\" height=\"315\" frameborder=\"0\" allowfullscreen=\"allowfullscreen\"><\/iframe><\/div>\n<div class=\"iframe-container\"><iframe title=\"YouTube video player\" src=\"https:\/\/www.youtube.com\/embed\/YHDSFHsjrjI\" width=\"560\" height=\"315\" frameborder=\"0\" allowfullscreen=\"allowfullscreen\"><\/iframe><\/div>\n","protected":false},"excerpt":{"rendered":"<p>Um peso de apenas 2,32kg e um slackline de 40m fazem do Lightning Set o mais leve conjunto de longline para viajar e levar consigo para qualquer lugar. A lend\u00e1ria teia Lightning \u00e9 tensionada com um sistema primitivo e um HangOver como multiplicador.<\/p>\n","protected":false},"featured_media":12451,"comment_status":"open","ping_status":"closed","template":"","meta":{"_acf_changed":false,"_joinchat":[]},"product_cat":[524,520,521],"product_tag":[960,555,560,911],"class_list":{"0":"post-9576","1":"product","2":"type-product","3":"status-publish","4":"has-post-thumbnail","6":"product_cat-kits-de-longline","7":"product_cat-kits-de-slackline","8":"product_cat-kits-de-slackline-avancados","9":"product_tag-kits-primitivos","10":"product_tag-longline","11":"product_tag-para-viajar","12":"product_tag-polyester-pt-pt","13":"pa_brand-slacktivity-pt-pt","14":"pa_stretch-medium","15":"pa_webbing-material-poliester","17":"first","18":"instock","19":"featured","20":"taxable","21":"shipping-taxable","22":"purchasable","23":"product-type-variable","24":"has-default-attributes","swatches":"rey-swatches","show_selected":""},"acf":[],"yoast_head":"<!-- This site is optimized with the Yoast SEO plugin v27.5 - https:\/\/yoast.com\/product\/yoast-seo-wordpress\/ -->\n<title>Traveler Lightning | Slackline de 40m com setup Primitivo<\/title>\n<meta name=\"description\" content=\"O Lightning set, com 40 metros de uma linha de slackline lend\u00e1ria, pesa apenas 2.32kg, com o seu sistema de tensionamento purista.\" \/>\n<meta name=\"robots\" content=\"index, follow, max-snippet:-1, max-image-preview:large, max-video-preview:-1\" \/>\n<link rel=\"canonical\" href=\"https:\/\/slacktivity.com\/pt-pt\/shop\/lightning-slackline-40m\/\" \/>\n<meta property=\"og:locale\" content=\"pt_PT\" \/>\n<meta property=\"og:type\" content=\"article\" \/>\n<meta property=\"og:title\" content=\"Traveler Lightning | Slackline de 40m com setup Primitivo\" \/>\n<meta property=\"og:description\" content=\"O Lightning set, com 40 metros de uma linha de slackline lend\u00e1ria, pesa apenas 2.32kg, com o seu sistema de tensionamento purista.\" \/>\n<meta property=\"og:url\" content=\"https:\/\/slacktivity.com\/pt-pt\/shop\/lightning-slackline-40m\/\" \/>\n<meta property=\"og:site_name\" content=\"Slacktivity Slacklines International Shop\" \/>\n<meta property=\"article:publisher\" content=\"https:\/\/www.facebook.com\/SLACKTIVITY\/\" \/>\n<meta property=\"article:modified_time\" content=\"2024-06-07T12:15:25+00:00\" \/>\n<meta property=\"og:image\" content=\"https:\/\/slacktivity.com\/wp-content\/uploads\/2021\/09\/40m-slackline.jpg\" \/>\n<meta name=\"twitter:card\" content=\"summary_large_image\" \/>\n<meta name=\"twitter:label1\" content=\"Tempo estimado de leitura\" \/>\n\t<meta name=\"twitter:data1\" content=\"3 minutos\" \/>\n<script type=\"application\/ld+json\" class=\"yoast-schema-graph\">{\"@context\":\"https:\\\/\\\/schema.org\",\"@graph\":[{\"@type\":\"WebPage\",\"@id\":\"https:\\\/\\\/slacktivity.com\\\/pt-pt\\\/shop\\\/lightning-slackline-40m\\\/\",\"url\":\"https:\\\/\\\/slacktivity.com\\\/pt-pt\\\/shop\\\/lightning-slackline-40m\\\/\",\"name\":\"Traveler Lightning | Slackline de 40m com setup Primitivo\",\"isPartOf\":{\"@id\":\"https:\\\/\\\/slacktivity.com\\\/pt-pt\\\/#website\"},\"primaryImageOfPage\":{\"@id\":\"https:\\\/\\\/slacktivity.com\\\/pt-pt\\\/shop\\\/lightning-slackline-40m\\\/#primaryimage\"},\"image\":{\"@id\":\"https:\\\/\\\/slacktivity.com\\\/pt-pt\\\/shop\\\/lightning-slackline-40m\\\/#primaryimage\"},\"thumbnailUrl\":\"https:\\\/\\\/slacktivity.com\\\/wp-content\\\/uploads\\\/2023\\\/06\\\/40m-slackline-primitive.webp\",\"datePublished\":\"2022-04-18T16:32:30+00:00\",\"dateModified\":\"2024-06-07T12:15:25+00:00\",\"description\":\"O Lightning set, com 40 metros de uma linha de slackline lend\u00e1ria, pesa apenas 2.32kg, com o seu sistema de tensionamento purista.\",\"breadcrumb\":{\"@id\":\"https:\\\/\\\/slacktivity.com\\\/pt-pt\\\/shop\\\/lightning-slackline-40m\\\/#breadcrumb\"},\"inLanguage\":\"pt-PT\",\"potentialAction\":[{\"@type\":\"ReadAction\",\"target\":[\"https:\\\/\\\/slacktivity.com\\\/pt-pt\\\/shop\\\/lightning-slackline-40m\\\/\"]}]},{\"@type\":\"ImageObject\",\"inLanguage\":\"pt-PT\",\"@id\":\"https:\\\/\\\/slacktivity.com\\\/pt-pt\\\/shop\\\/lightning-slackline-40m\\\/#primaryimage\",\"url\":\"https:\\\/\\\/slacktivity.com\\\/wp-content\\\/uploads\\\/2023\\\/06\\\/40m-slackline-primitive.webp\",\"contentUrl\":\"https:\\\/\\\/slacktivity.com\\\/wp-content\\\/uploads\\\/2023\\\/06\\\/40m-slackline-primitive.webp\",\"width\":1180,\"height\":1377,\"caption\":\"40m slackline primitive\"},{\"@type\":\"BreadcrumbList\",\"@id\":\"https:\\\/\\\/slacktivity.com\\\/pt-pt\\\/shop\\\/lightning-slackline-40m\\\/#breadcrumb\",\"itemListElement\":[{\"@type\":\"ListItem\",\"position\":1,\"name\":\"Home\",\"item\":\"https:\\\/\\\/slacktivity.com\\\/pt-pt\\\/\"},{\"@type\":\"ListItem\",\"position\":2,\"name\":\"loja\",\"item\":\"https:\\\/\\\/slacktivity.com\\\/pt-pt\\\/loja\\\/\"},{\"@type\":\"ListItem\",\"position\":3,\"name\":\"Traveler Lightning | Slackline de 40m\"}]},{\"@type\":\"WebSite\",\"@id\":\"https:\\\/\\\/slacktivity.com\\\/pt-pt\\\/#website\",\"url\":\"https:\\\/\\\/slacktivity.com\\\/pt-pt\\\/\",\"name\":\"Slacktivity Slacklines International Shop\",\"description\":\"Discover the innovative products of Slacktivity. Swiss designed premium slackline gear. Advice from our experts for the best and a safe slackline experience.\",\"publisher\":{\"@id\":\"https:\\\/\\\/slacktivity.com\\\/pt-pt\\\/#organization\"},\"potentialAction\":[{\"@type\":\"SearchAction\",\"target\":{\"@type\":\"EntryPoint\",\"urlTemplate\":\"https:\\\/\\\/slacktivity.com\\\/pt-pt\\\/?s={search_term_string}\"},\"query-input\":{\"@type\":\"PropertyValueSpecification\",\"valueRequired\":true,\"valueName\":\"search_term_string\"}}],\"inLanguage\":\"pt-PT\"},{\"@type\":\"Organization\",\"@id\":\"https:\\\/\\\/slacktivity.com\\\/pt-pt\\\/#organization\",\"name\":\"Slacktivity Slacklines\",\"url\":\"https:\\\/\\\/slacktivity.com\\\/pt-pt\\\/\",\"logo\":{\"@type\":\"ImageObject\",\"inLanguage\":\"pt-PT\",\"@id\":\"https:\\\/\\\/slacktivity.com\\\/pt-pt\\\/#\\\/schema\\\/logo\\\/image\\\/\",\"url\":\"https:\\\/\\\/slacktivity.com\\\/wp-content\\\/uploads\\\/2021\\\/01\\\/slacktivity-slackline-online-shop-1.png\",\"contentUrl\":\"https:\\\/\\\/slacktivity.com\\\/wp-content\\\/uploads\\\/2021\\\/01\\\/slacktivity-slackline-online-shop-1.png\",\"width\":200,\"height\":77,\"caption\":\"Slacktivity Slacklines\"},\"image\":{\"@id\":\"https:\\\/\\\/slacktivity.com\\\/pt-pt\\\/#\\\/schema\\\/logo\\\/image\\\/\"},\"sameAs\":[\"https:\\\/\\\/www.facebook.com\\\/SLACKTIVITY\\\/\",\"https:\\\/\\\/www.instagram.com\\\/slacktivity\\\/\"]}]}<\/script>\n<!-- \/ Yoast SEO plugin. -->","yoast_head_json":{"title":"Traveler Lightning | Slackline de 40m com setup Primitivo","description":"O Lightning set, com 40 metros de uma linha de slackline lend\u00e1ria, pesa apenas 2.32kg, com o seu sistema de tensionamento purista.","robots":{"index":"index","follow":"follow","max-snippet":"max-snippet:-1","max-image-preview":"max-image-preview:large","max-video-preview":"max-video-preview:-1"},"canonical":"https:\/\/slacktivity.com\/pt-pt\/shop\/lightning-slackline-40m\/","og_locale":"pt_PT","og_type":"article","og_title":"Traveler Lightning | Slackline de 40m com setup Primitivo","og_description":"O Lightning set, com 40 metros de uma linha de slackline lend\u00e1ria, pesa apenas 2.32kg, com o seu sistema de tensionamento purista.","og_url":"https:\/\/slacktivity.com\/pt-pt\/shop\/lightning-slackline-40m\/","og_site_name":"Slacktivity Slacklines International Shop","article_publisher":"https:\/\/www.facebook.com\/SLACKTIVITY\/","article_modified_time":"2024-06-07T12:15:25+00:00","og_image":[{"url":"https:\/\/slacktivity.com\/wp-content\/uploads\/2021\/09\/40m-slackline.jpg","type":"","width":"","height":""}],"twitter_card":"summary_large_image","twitter_misc":{"Tempo estimado de leitura":"3 minutos"},"schema":{"@context":"https:\/\/schema.org","@graph":[{"@type":"WebPage","@id":"https:\/\/slacktivity.com\/pt-pt\/shop\/lightning-slackline-40m\/","url":"https:\/\/slacktivity.com\/pt-pt\/shop\/lightning-slackline-40m\/","name":"Traveler Lightning | Slackline de 40m com setup Primitivo","isPartOf":{"@id":"https:\/\/slacktivity.com\/pt-pt\/#website"},"primaryImageOfPage":{"@id":"https:\/\/slacktivity.com\/pt-pt\/shop\/lightning-slackline-40m\/#primaryimage"},"image":{"@id":"https:\/\/slacktivity.com\/pt-pt\/shop\/lightning-slackline-40m\/#primaryimage"},"thumbnailUrl":"https:\/\/slacktivity.com\/wp-content\/uploads\/2023\/06\/40m-slackline-primitive.webp","datePublished":"2022-04-18T16:32:30+00:00","dateModified":"2024-06-07T12:15:25+00:00","description":"O Lightning set, com 40 metros de uma linha de slackline lend\u00e1ria, pesa apenas 2.32kg, com o seu sistema de tensionamento purista.","breadcrumb":{"@id":"https:\/\/slacktivity.com\/pt-pt\/shop\/lightning-slackline-40m\/#breadcrumb"},"inLanguage":"pt-PT","potentialAction":[{"@type":"ReadAction","target":["https:\/\/slacktivity.com\/pt-pt\/shop\/lightning-slackline-40m\/"]}]},{"@type":"ImageObject","inLanguage":"pt-PT","@id":"https:\/\/slacktivity.com\/pt-pt\/shop\/lightning-slackline-40m\/#primaryimage","url":"https:\/\/slacktivity.com\/wp-content\/uploads\/2023\/06\/40m-slackline-primitive.webp","contentUrl":"https:\/\/slacktivity.com\/wp-content\/uploads\/2023\/06\/40m-slackline-primitive.webp","width":1180,"height":1377,"caption":"40m slackline primitive"},{"@type":"BreadcrumbList","@id":"https:\/\/slacktivity.com\/pt-pt\/shop\/lightning-slackline-40m\/#breadcrumb","itemListElement":[{"@type":"ListItem","position":1,"name":"Home","item":"https:\/\/slacktivity.com\/pt-pt\/"},{"@type":"ListItem","position":2,"name":"loja","item":"https:\/\/slacktivity.com\/pt-pt\/loja\/"},{"@type":"ListItem","position":3,"name":"Traveler Lightning | Slackline de 40m"}]},{"@type":"WebSite","@id":"https:\/\/slacktivity.com\/pt-pt\/#website","url":"https:\/\/slacktivity.com\/pt-pt\/","name":"Slacktivity Slacklines International Shop","description":"Discover the innovative products of Slacktivity. Swiss designed premium slackline gear. Advice from our experts for the best and a safe slackline experience.","publisher":{"@id":"https:\/\/slacktivity.com\/pt-pt\/#organization"},"potentialAction":[{"@type":"SearchAction","target":{"@type":"EntryPoint","urlTemplate":"https:\/\/slacktivity.com\/pt-pt\/?s={search_term_string}"},"query-input":{"@type":"PropertyValueSpecification","valueRequired":true,"valueName":"search_term_string"}}],"inLanguage":"pt-PT"},{"@type":"Organization","@id":"https:\/\/slacktivity.com\/pt-pt\/#organization","name":"Slacktivity Slacklines","url":"https:\/\/slacktivity.com\/pt-pt\/","logo":{"@type":"ImageObject","inLanguage":"pt-PT","@id":"https:\/\/slacktivity.com\/pt-pt\/#\/schema\/logo\/image\/","url":"https:\/\/slacktivity.com\/wp-content\/uploads\/2021\/01\/slacktivity-slackline-online-shop-1.png","contentUrl":"https:\/\/slacktivity.com\/wp-content\/uploads\/2021\/01\/slacktivity-slackline-online-shop-1.png","width":200,"height":77,"caption":"Slacktivity Slacklines"},"image":{"@id":"https:\/\/slacktivity.com\/pt-pt\/#\/schema\/logo\/image\/"},"sameAs":["https:\/\/www.facebook.com\/SLACKTIVITY\/","https:\/\/www.instagram.com\/slacktivity\/"]}]}},"_links":{"self":[{"href":"https:\/\/slacktivity.com\/pt-pt\/wp-json\/wp\/v2\/product\/9576","targetHints":{"allow":["GET"]}}],"collection":[{"href":"https:\/\/slacktivity.com\/pt-pt\/wp-json\/wp\/v2\/product"}],"about":[{"href":"https:\/\/slacktivity.com\/pt-pt\/wp-json\/wp\/v2\/types\/product"}],"replies":[{"embeddable":true,"href":"https:\/\/slacktivity.com\/pt-pt\/wp-json\/wp\/v2\/comments?post=9576"}],"wp:featuredmedia":[{"embeddable":true,"href":"https:\/\/slacktivity.com\/pt-pt\/wp-json\/wp\/v2\/media\/12451"}],"wp:attachment":[{"href":"https:\/\/slacktivity.com\/pt-pt\/wp-json\/wp\/v2\/media?parent=9576"}],"wp:term":[{"taxonomy":"product_cat","embeddable":true,"href":"https:\/\/slacktivity.com\/pt-pt\/wp-json\/wp\/v2\/product_cat?post=9576"},{"taxonomy":"product_tag","embeddable":true,"href":"https:\/\/slacktivity.com\/pt-pt\/wp-json\/wp\/v2\/product_tag?post=9576"}],"curies":[{"name":"wp","href":"https:\/\/api.w.org\/{rel}","templated":true}]}}