{"id":9581,"date":"2021-03-04T16:04:56","date_gmt":"2022-04-19T10:51:41","guid":{"rendered":"https:\/\/slacktivity.com\/shop\/tttm-king-size-hammock-para-slackline\/"},"modified":"2023-12-18T22:27:28","modified_gmt":"2023-12-18T22:27:28","slug":"king-size-hammock-slackline","status":"publish","type":"product","link":"https:\/\/slacktivity.com\/pt-pt\/shop\/king-size-hammock-slackline\/","title":{"rendered":"TTTM King Size | Hammock para slackline"},"content":{"rendered":"<p>Sim&#8230; Sim, a <strong>King Size<\/strong> \u00e9 a <strong>Hammock para slackline<\/strong> que viste em fotos de highline incr\u00edveis. Voc\u00ea pode prendar a Hammock ao slackline e adicionar um sabor extra \u00e0 sua slacklife. Numa linha no parque, numa waterline ou numa highline, vai permitir-lhe relaxar entre sess\u00f5es ou sentar-se e contemplar confortavelmente aquela vista que nunca mais vai querer esquecer!<\/p>\n<h2>Por que raz\u00e3o \u00e9 a King Size \u00e9 a cama de rede perfeita para slackline?<\/h2>\n<p>\u2022 Compacta e leve- (3.2 * 2.3m da melhor seda para p\u00e1ra-quedas, com apenas 700g)<br \/>\n\u2022 Feita \u00e0 m\u00e3o &#8211; certificada de acordo com o OEKO-TEX\u00ae standard<br \/>\n\u2022 F\u00e1cil de Montar &#8211; (em &lt;1min.)<br \/>\n\u2022 Sustent\u00e1vel &#8211; Nada \u00e9 desperdi\u00e7ado!<\/p>\n<p>Bestseller da Ticket to the Moon&#8217;s bestseller, a &#8220;King Size Hammock&#8221; vai mudar a sua Slacklife! Quer relaxar e apreciar as vistas durante as sess\u00f5es de slack? Ent\u00e3o esta \u00e9 escolha certa para si! A hammock \u00e9 extremamente resistente, leve e perfeita para levar para todo o lado. Leve-a para o parque, nas f\u00e9rias e para o projetos de slackline, use-a em qualquer lugar, num acampamento, em casa&#8230;<\/p>\n<p>A Hammock para slackline perfeita estar\u00e1 com voc\u00ea nos pr\u00f3ximos anos Tem uma agrad\u00e1vel \u00e1rea de descanso de 3,00 mx 2,30 m, oferece espa\u00e7o suficiente para um sono tranquilo e pode realmente lev\u00e1-la consigo para todo o lado. Se voc\u00ea a tiver com voc\u00ea quando estiver viajando, ele pode at\u00e9 ser usado como uma almofada de assento. Para garantir que nada se perde, tem um bolso lateral para chaves, telefones, etc.<\/p>\n<p><strong>Como prender a Hammock ao slackline?<\/strong><\/p>\n<p>Necessitas apenas de um T-Grip . Conecte-o com um mosquet\u00e3o \u00e0 Hammock. Agora repita o processo do outro lado da rede e deslize o T-Grip para obter a tens\u00e3o desejada. Tamb\u00e9m os T-Loops (da<a href=\"https:\/\/slacktivity.com\/shop\/pinktube-slackline-tubular-webbing\/\">pinkTube<\/a> ou<a href=\"https:\/\/slacktivity.com\/shop\/redtube-30m-200m\/\">redTube<\/a>) podem ser usados para fixar a esta cama de rede.<\/p>\n<p><strong>Nota:<\/strong> O <a href=\"https:\/\/slacktivity.com\/shop\/t-grip-webbing-grip-tool\/\">T-Grip<\/a> n\u00e3o est\u00e1 inclu\u00eddo na Hammock.<\/p>\n<p><strong>Nota sobre uso em highlines:<\/strong> Estahammock n\u00e3o constitui um elemento\/equipamento de seguran\u00e7a. Todas as regras de seguran\u00e7a e boas pr\u00e1ticas para highline devem ser seguidas (o highliner deve estar sempre conectado com seguran\u00e7a \u00e0 linha principal e de backup, por uma leash de highline)<\/p>\n<h4 style=\"text-align: center;\"><strong>Extreme Hammocking<\/strong><\/h4>\n<p><iframe src=\"https:\/\/www.youtube.com\/embed\/kocYZWTXwok\" width=\"560\" height=\"315\" frameborder=\"0\" allowfullscreen=\"allowfullscreen\"><span data-mce-type=\"bookmark\" style=\"display: inline-block; width: 0px; overflow: hidden; line-height: 0;\" class=\"mce_SELRES_start\">\ufeff<\/span><\/iframe><\/p>\n","protected":false},"excerpt":{"rendered":"<p>Sim&#8230; Sim, a King Size \u00e9 a<strong>Hammock para slackline<\/strong> que viste em fotos de highline incr\u00edveis. Pode prend\u00ea-la \u00e0 linha de slackline e adicionar um sabor extra \u00e0 sua slacklife.<\/p>\n","protected":false},"featured_media":7470,"comment_status":"open","ping_status":"closed","template":"","meta":{"_acf_changed":false,"_joinchat":[]},"product_cat":[895],"product_tag":[],"class_list":{"0":"post-9581","1":"product","2":"type-product","3":"status-publish","4":"has-post-thumbnail","6":"product_cat-hammocks-pt-pt","7":"pa_brand-tttm-pt-pt","9":"first","10":"outofstock","11":"taxable","12":"shipping-taxable","13":"purchasable","14":"product-type-variable","15":"has-default-attributes","swatches":"rey-swatches","show_selected":""},"acf":[],"yoast_head":"<!-- This site is optimized with the Yoast SEO plugin v27.4 - https:\/\/yoast.com\/product\/yoast-seo-wordpress\/ -->\n<title>Hammock para slackline: TTTM Original King Size | SLACKTIVITY<\/title>\n<meta name=\"description\" content=\"Sim, a King Size \u00e9 a Hammock para slackline que viste em fotos de highline incr\u00edveis. Faz um update \u00e0 tua slacklife juntando uma ao teu equipamento.\" \/>\n<meta name=\"robots\" content=\"index, follow, max-snippet:-1, max-image-preview:large, max-video-preview:-1\" \/>\n<link rel=\"canonical\" href=\"https:\/\/slacktivity.com\/pt-pt\/shop\/king-size-hammock-slackline\/\" \/>\n<meta property=\"og:locale\" content=\"pt_PT\" \/>\n<meta property=\"og:type\" content=\"article\" \/>\n<meta property=\"og:title\" content=\"Hammock para slackline: TTTM Original King Size | SLACKTIVITY\" \/>\n<meta property=\"og:description\" content=\"Sim, a King Size \u00e9 a Hammock para slackline que viste em fotos de highline incr\u00edveis. Faz um update \u00e0 tua slacklife juntando uma ao teu equipamento.\" \/>\n<meta property=\"og:url\" content=\"https:\/\/slacktivity.com\/pt-pt\/shop\/king-size-hammock-slackline\/\" \/>\n<meta property=\"og:site_name\" content=\"Slacktivity Slacklines International Shop\" \/>\n<meta property=\"article:publisher\" content=\"https:\/\/www.facebook.com\/SLACKTIVITY\/\" \/>\n<meta property=\"article:modified_time\" content=\"2023-12-18T22:27:28+00:00\" \/>\n<meta property=\"og:image\" content=\"https:\/\/slacktivity.com\/wp-content\/uploads\/2021\/08\/slackline-hammock-aqua-dark-grey.jpg\" \/>\n\t<meta property=\"og:image:width\" content=\"1180\" \/>\n\t<meta property=\"og:image:height\" content=\"1377\" \/>\n\t<meta property=\"og:image:type\" content=\"image\/jpeg\" \/>\n<meta name=\"twitter:card\" content=\"summary_large_image\" \/>\n<meta name=\"twitter:label1\" content=\"Tempo estimado de leitura\" \/>\n\t<meta name=\"twitter:data1\" content=\"2 minutos\" \/>\n<script type=\"application\/ld+json\" class=\"yoast-schema-graph\">{\"@context\":\"https:\\\/\\\/schema.org\",\"@graph\":[{\"@type\":\"WebPage\",\"@id\":\"https:\\\/\\\/slacktivity.com\\\/pt-pt\\\/shop\\\/king-size-hammock-slackline\\\/\",\"url\":\"https:\\\/\\\/slacktivity.com\\\/pt-pt\\\/shop\\\/king-size-hammock-slackline\\\/\",\"name\":\"Hammock para slackline: TTTM Original King Size | SLACKTIVITY\",\"isPartOf\":{\"@id\":\"https:\\\/\\\/slacktivity.com\\\/pt-pt\\\/#website\"},\"primaryImageOfPage\":{\"@id\":\"https:\\\/\\\/slacktivity.com\\\/pt-pt\\\/shop\\\/king-size-hammock-slackline\\\/#primaryimage\"},\"image\":{\"@id\":\"https:\\\/\\\/slacktivity.com\\\/pt-pt\\\/shop\\\/king-size-hammock-slackline\\\/#primaryimage\"},\"thumbnailUrl\":\"https:\\\/\\\/slacktivity.com\\\/wp-content\\\/uploads\\\/2021\\\/08\\\/slackline-hammock-aqua-dark-grey.jpg\",\"datePublished\":\"2022-04-19T10:51:41+00:00\",\"dateModified\":\"2023-12-18T22:27:28+00:00\",\"description\":\"Sim, a King Size \u00e9 a Hammock para slackline que viste em fotos de highline incr\u00edveis. Faz um update \u00e0 tua slacklife juntando uma ao teu equipamento.\",\"breadcrumb\":{\"@id\":\"https:\\\/\\\/slacktivity.com\\\/pt-pt\\\/shop\\\/king-size-hammock-slackline\\\/#breadcrumb\"},\"inLanguage\":\"pt-PT\",\"potentialAction\":[{\"@type\":\"ReadAction\",\"target\":[\"https:\\\/\\\/slacktivity.com\\\/pt-pt\\\/shop\\\/king-size-hammock-slackline\\\/\"]}]},{\"@type\":\"ImageObject\",\"inLanguage\":\"pt-PT\",\"@id\":\"https:\\\/\\\/slacktivity.com\\\/pt-pt\\\/shop\\\/king-size-hammock-slackline\\\/#primaryimage\",\"url\":\"https:\\\/\\\/slacktivity.com\\\/wp-content\\\/uploads\\\/2021\\\/08\\\/slackline-hammock-aqua-dark-grey.jpg\",\"contentUrl\":\"https:\\\/\\\/slacktivity.com\\\/wp-content\\\/uploads\\\/2021\\\/08\\\/slackline-hammock-aqua-dark-grey.jpg\",\"width\":1180,\"height\":1377,\"caption\":\"hammock para slackline aqua dark grey\"},{\"@type\":\"BreadcrumbList\",\"@id\":\"https:\\\/\\\/slacktivity.com\\\/pt-pt\\\/shop\\\/king-size-hammock-slackline\\\/#breadcrumb\",\"itemListElement\":[{\"@type\":\"ListItem\",\"position\":1,\"name\":\"Home\",\"item\":\"https:\\\/\\\/slacktivity.com\\\/pt-pt\\\/\"},{\"@type\":\"ListItem\",\"position\":2,\"name\":\"loja\",\"item\":\"https:\\\/\\\/slacktivity.com\\\/pt-pt\\\/loja\\\/\"},{\"@type\":\"ListItem\",\"position\":3,\"name\":\"TTTM King Size | Hammock para slackline\"}]},{\"@type\":\"WebSite\",\"@id\":\"https:\\\/\\\/slacktivity.com\\\/pt-pt\\\/#website\",\"url\":\"https:\\\/\\\/slacktivity.com\\\/pt-pt\\\/\",\"name\":\"Slacktivity Slacklines International Shop\",\"description\":\"Discover the innovative products of Slacktivity. Swiss designed premium slackline gear. Advice from our experts for the best and a safe slackline experience.\",\"publisher\":{\"@id\":\"https:\\\/\\\/slacktivity.com\\\/pt-pt\\\/#organization\"},\"potentialAction\":[{\"@type\":\"SearchAction\",\"target\":{\"@type\":\"EntryPoint\",\"urlTemplate\":\"https:\\\/\\\/slacktivity.com\\\/pt-pt\\\/?s={search_term_string}\"},\"query-input\":{\"@type\":\"PropertyValueSpecification\",\"valueRequired\":true,\"valueName\":\"search_term_string\"}}],\"inLanguage\":\"pt-PT\"},{\"@type\":\"Organization\",\"@id\":\"https:\\\/\\\/slacktivity.com\\\/pt-pt\\\/#organization\",\"name\":\"Slacktivity Slacklines\",\"url\":\"https:\\\/\\\/slacktivity.com\\\/pt-pt\\\/\",\"logo\":{\"@type\":\"ImageObject\",\"inLanguage\":\"pt-PT\",\"@id\":\"https:\\\/\\\/slacktivity.com\\\/pt-pt\\\/#\\\/schema\\\/logo\\\/image\\\/\",\"url\":\"https:\\\/\\\/slacktivity.com\\\/wp-content\\\/uploads\\\/2021\\\/01\\\/slacktivity-slackline-online-shop-1.png\",\"contentUrl\":\"https:\\\/\\\/slacktivity.com\\\/wp-content\\\/uploads\\\/2021\\\/01\\\/slacktivity-slackline-online-shop-1.png\",\"width\":200,\"height\":77,\"caption\":\"Slacktivity Slacklines\"},\"image\":{\"@id\":\"https:\\\/\\\/slacktivity.com\\\/pt-pt\\\/#\\\/schema\\\/logo\\\/image\\\/\"},\"sameAs\":[\"https:\\\/\\\/www.facebook.com\\\/SLACKTIVITY\\\/\",\"https:\\\/\\\/www.instagram.com\\\/slacktivity\\\/\"]}]}<\/script>\n<!-- \/ Yoast SEO plugin. -->","yoast_head_json":{"title":"Hammock para slackline: TTTM Original King Size | SLACKTIVITY","description":"Sim, a King Size \u00e9 a Hammock para slackline que viste em fotos de highline incr\u00edveis. Faz um update \u00e0 tua slacklife juntando uma ao teu equipamento.","robots":{"index":"index","follow":"follow","max-snippet":"max-snippet:-1","max-image-preview":"max-image-preview:large","max-video-preview":"max-video-preview:-1"},"canonical":"https:\/\/slacktivity.com\/pt-pt\/shop\/king-size-hammock-slackline\/","og_locale":"pt_PT","og_type":"article","og_title":"Hammock para slackline: TTTM Original King Size | SLACKTIVITY","og_description":"Sim, a King Size \u00e9 a Hammock para slackline que viste em fotos de highline incr\u00edveis. Faz um update \u00e0 tua slacklife juntando uma ao teu equipamento.","og_url":"https:\/\/slacktivity.com\/pt-pt\/shop\/king-size-hammock-slackline\/","og_site_name":"Slacktivity Slacklines International Shop","article_publisher":"https:\/\/www.facebook.com\/SLACKTIVITY\/","article_modified_time":"2023-12-18T22:27:28+00:00","og_image":[{"width":1180,"height":1377,"url":"https:\/\/slacktivity.com\/wp-content\/uploads\/2021\/08\/slackline-hammock-aqua-dark-grey.jpg","type":"image\/jpeg"}],"twitter_card":"summary_large_image","twitter_misc":{"Tempo estimado de leitura":"2 minutos"},"schema":{"@context":"https:\/\/schema.org","@graph":[{"@type":"WebPage","@id":"https:\/\/slacktivity.com\/pt-pt\/shop\/king-size-hammock-slackline\/","url":"https:\/\/slacktivity.com\/pt-pt\/shop\/king-size-hammock-slackline\/","name":"Hammock para slackline: TTTM Original King Size | SLACKTIVITY","isPartOf":{"@id":"https:\/\/slacktivity.com\/pt-pt\/#website"},"primaryImageOfPage":{"@id":"https:\/\/slacktivity.com\/pt-pt\/shop\/king-size-hammock-slackline\/#primaryimage"},"image":{"@id":"https:\/\/slacktivity.com\/pt-pt\/shop\/king-size-hammock-slackline\/#primaryimage"},"thumbnailUrl":"https:\/\/slacktivity.com\/wp-content\/uploads\/2021\/08\/slackline-hammock-aqua-dark-grey.jpg","datePublished":"2022-04-19T10:51:41+00:00","dateModified":"2023-12-18T22:27:28+00:00","description":"Sim, a King Size \u00e9 a Hammock para slackline que viste em fotos de highline incr\u00edveis. Faz um update \u00e0 tua slacklife juntando uma ao teu equipamento.","breadcrumb":{"@id":"https:\/\/slacktivity.com\/pt-pt\/shop\/king-size-hammock-slackline\/#breadcrumb"},"inLanguage":"pt-PT","potentialAction":[{"@type":"ReadAction","target":["https:\/\/slacktivity.com\/pt-pt\/shop\/king-size-hammock-slackline\/"]}]},{"@type":"ImageObject","inLanguage":"pt-PT","@id":"https:\/\/slacktivity.com\/pt-pt\/shop\/king-size-hammock-slackline\/#primaryimage","url":"https:\/\/slacktivity.com\/wp-content\/uploads\/2021\/08\/slackline-hammock-aqua-dark-grey.jpg","contentUrl":"https:\/\/slacktivity.com\/wp-content\/uploads\/2021\/08\/slackline-hammock-aqua-dark-grey.jpg","width":1180,"height":1377,"caption":"hammock para slackline aqua dark grey"},{"@type":"BreadcrumbList","@id":"https:\/\/slacktivity.com\/pt-pt\/shop\/king-size-hammock-slackline\/#breadcrumb","itemListElement":[{"@type":"ListItem","position":1,"name":"Home","item":"https:\/\/slacktivity.com\/pt-pt\/"},{"@type":"ListItem","position":2,"name":"loja","item":"https:\/\/slacktivity.com\/pt-pt\/loja\/"},{"@type":"ListItem","position":3,"name":"TTTM King Size | Hammock para slackline"}]},{"@type":"WebSite","@id":"https:\/\/slacktivity.com\/pt-pt\/#website","url":"https:\/\/slacktivity.com\/pt-pt\/","name":"Slacktivity Slacklines International Shop","description":"Discover the innovative products of Slacktivity. Swiss designed premium slackline gear. Advice from our experts for the best and a safe slackline experience.","publisher":{"@id":"https:\/\/slacktivity.com\/pt-pt\/#organization"},"potentialAction":[{"@type":"SearchAction","target":{"@type":"EntryPoint","urlTemplate":"https:\/\/slacktivity.com\/pt-pt\/?s={search_term_string}"},"query-input":{"@type":"PropertyValueSpecification","valueRequired":true,"valueName":"search_term_string"}}],"inLanguage":"pt-PT"},{"@type":"Organization","@id":"https:\/\/slacktivity.com\/pt-pt\/#organization","name":"Slacktivity Slacklines","url":"https:\/\/slacktivity.com\/pt-pt\/","logo":{"@type":"ImageObject","inLanguage":"pt-PT","@id":"https:\/\/slacktivity.com\/pt-pt\/#\/schema\/logo\/image\/","url":"https:\/\/slacktivity.com\/wp-content\/uploads\/2021\/01\/slacktivity-slackline-online-shop-1.png","contentUrl":"https:\/\/slacktivity.com\/wp-content\/uploads\/2021\/01\/slacktivity-slackline-online-shop-1.png","width":200,"height":77,"caption":"Slacktivity Slacklines"},"image":{"@id":"https:\/\/slacktivity.com\/pt-pt\/#\/schema\/logo\/image\/"},"sameAs":["https:\/\/www.facebook.com\/SLACKTIVITY\/","https:\/\/www.instagram.com\/slacktivity\/"]}]}},"_links":{"self":[{"href":"https:\/\/slacktivity.com\/pt-pt\/wp-json\/wp\/v2\/product\/9581","targetHints":{"allow":["GET"]}}],"collection":[{"href":"https:\/\/slacktivity.com\/pt-pt\/wp-json\/wp\/v2\/product"}],"about":[{"href":"https:\/\/slacktivity.com\/pt-pt\/wp-json\/wp\/v2\/types\/product"}],"replies":[{"embeddable":true,"href":"https:\/\/slacktivity.com\/pt-pt\/wp-json\/wp\/v2\/comments?post=9581"}],"wp:featuredmedia":[{"embeddable":true,"href":"https:\/\/slacktivity.com\/pt-pt\/wp-json\/wp\/v2\/media\/7470"}],"wp:attachment":[{"href":"https:\/\/slacktivity.com\/pt-pt\/wp-json\/wp\/v2\/media?parent=9581"}],"wp:term":[{"taxonomy":"product_cat","embeddable":true,"href":"https:\/\/slacktivity.com\/pt-pt\/wp-json\/wp\/v2\/product_cat?post=9581"},{"taxonomy":"product_tag","embeddable":true,"href":"https:\/\/slacktivity.com\/pt-pt\/wp-json\/wp\/v2\/product_tag?post=9581"}],"curies":[{"name":"wp","href":"https:\/\/api.w.org\/{rel}","templated":true}]}}