{"id":9586,"date":"2021-01-16T15:23:43","date_gmt":"2022-04-19T11:07:09","guid":{"rendered":"https:\/\/slacktivity.com\/shop\/inox-power-ratchet-para-slacklines-de-37mm\/"},"modified":"2022-04-19T11:07:09","modified_gmt":"2022-04-19T11:07:09","slug":"inox-power-ratchet-catraca-de-slackline","status":"publish","type":"product","link":"https:\/\/slacktivity.com\/pt-pt\/shop\/inox-power-ratchet-catraca-de-slackline\/","title":{"rendered":"INOX Power Ratchet | Para slacklines de 37mm"},"content":{"rendered":"<h2><span>INOX Power Ratchet | Para slacklines de 37mm<\/span><\/h2>\n<p><span>A SLACKTIVITY desenvolveu a primeira catraca que n\u00e3o \u00e9 para cintas de carga, mas especificamente para slackline:<strong> a INOX Power Ratchet<\/strong>. Esta nova catraca \u00e9 feita inteiramente <\/span><strong><span>de a\u00e7o inoxid\u00e1vel<\/span><\/strong><span>  . N\u00e3o h\u00e1 mais ferrugem &#8211; mesmo com uso permanente ao ar livre. O desempenho tamb\u00e9m foi melhorado significativamente. Esta catraca de slackline agora pode ser operada com ainda mais precis\u00e3o porque as pe\u00e7as de a\u00e7o inoxid\u00e1vel deslizam melhor do que as superf\u00edcies de metal cromado ou galvanizado. Em termos de sustentabilidade, esta catraca de slackline de a\u00e7o inoxid\u00e1vel \u00e9 um marco em rela\u00e7\u00e3o \u00e0s catracas de slackline convencionais.<\/span><\/p>\n<p><span>Ao abrir o slackline, muita energia \u00e9 liberada de repente. A catraca \u00e9 puxada em dire\u00e7\u00e3o \u00e0 \u00e1rvore. Para tornar a abertura o mais confort\u00e1vel e segura poss\u00edvel, a al\u00e7a da alavanca de abertura \u00e9 especialmente ergon\u00f4mica, o que torna a abertura uma brincadeira de crian\u00e7as, mesmo para pessoas ansiosas.<\/span><\/p>\n<p><span>Com um peso de 1020 gramas, esta \u00e9 uma das catracas de slackline mais leves, com uma carga de ruptura de 50kN (5 toneladas). \u00c9 adequado para slacklines de 35-38 mm.<\/span><\/p>\n<h3><span>Especifica\u00e7\u00f5es da catraca<\/span><\/h3>\n<ul>\n<li><span>Para larguras de slackline de 35-38mm (com espa\u00e7ador tamb\u00e9m adequado para 25-27mm)<\/span><\/li>\n<li><span>Comprimento da alavanca da catraca: 17cm<\/span><\/li>\n<li><span>Peso: 1020g<\/span><\/li>\n<li><span>Material: <\/span><strong><span>a\u00e7o inoxid\u00e1vel<\/span><\/strong><\/li>\n<li><span>Carga de ruptura: 50kN<\/span><\/li>\n<li><span>WLL: 12kN<\/span><\/li>\n<li><span>Mecanismo de seguran\u00e7a dupla<\/span><\/li>\n<\/ul>\n<h3><span>Destaques (USP)<\/span><\/h3>\n<ul>\n<li><span>Catraca de 50kN mais leve de todos os tempos<\/span><\/li>\n<li><span>Toda a catraca de slackline \u00e9 feita de a\u00e7o inoxid\u00e1vel INOX<\/span><\/li>\n<li><span>Alavanca de abertura ergon\u00f4mica &#8211; Abertura f\u00e1cil<\/span><\/li>\n<li><span>V-Loop oferece uma variedade de op\u00e7\u00f5es de fixa\u00e7\u00e3o<\/span><\/li>\n<\/ul>\n<h3><span>Catraca para <a href=\"https:\/\/slacktivity.com\/category\/slackline-webbing\">slackline<\/a>de 25 mm<\/span><\/h3>\n<p><span>Esta catraca de slackline tamb\u00e9m pode ser usada com dois espa\u00e7adores para linhas de slackline de 25 mm de largura. <\/span><a href=\"https:\/\/slacktivity.com\/shop\/25mm-slackline-ratchet\"><span>Clique aqui para a catraca de slackline com espa\u00e7adores<\/span><\/a><span> ou<\/span><a href=\"https:\/\/www.thingiverse.com\/thing:3314667\" target=\"_blank\" rel=\"noopener\"><span>fa\u00e7a o download gratuito dos ficheiros para impress\u00e3o 3D.<\/span><\/a><\/p>\n<h3><span>Outras informa\u00e7\u00f5es<\/span><\/h3>\n<p><span>Al\u00e9m dos testes de carga de ruptura dos fornecedores SLACKTIVITY, esta informa\u00e7\u00e3o tamb\u00e9m \u00e9 verificada pela SLACKTIVITY Su\u00ed\u00e7a. A catraca foi sujeita a 46kN (4,6t). N\u00e3o quebrou e ainda permaneceu totalmente funcional. Apenas a haste \u00e0 qual o la\u00e7o final est\u00e1 preso e o fuso foram levemente dobrados. Com uma carga de 30kN, n\u00e3o foram encontradas defici\u00eancias na catraca.<\/span><\/p>\n","protected":false},"excerpt":{"rendered":"<p><span>A Inox Power Ratchet \u00e9 super eficiente com peso m\u00ednimo, alta precis\u00e3o e de f\u00e1cil utiliza\u00e7\u00e3o. <\/span><span>Ideal como uma alternativa econ\u00f3mica a um HangOver pulley system, para tensionar slacklines de 37 mm de largura, at\u00e9 50 m.<\/span><\/p>\n","protected":false},"featured_media":9170,"comment_status":"open","ping_status":"closed","template":"","meta":{"_acf_changed":false,"_joinchat":[]},"product_cat":[902,528],"product_tag":[],"class_list":{"0":"post-9586","1":"product","2":"type-product","3":"status-publish","4":"has-post-thumbnail","6":"product_cat-catracas-para-slackline","7":"product_cat-pecas-de-tensionamento","8":"pa_brand-slacktivity-pt-pt","10":"first","11":"instock","12":"taxable","13":"shipping-taxable","14":"purchasable","15":"product-type-simple","swatches":"rey-swatches","show_selected":""},"acf":[],"yoast_head":"<!-- This site is optimized with the Yoast SEO plugin v27.4 - https:\/\/yoast.com\/product\/yoast-seo-wordpress\/ -->\n<title>INOX Power Ratchet: para slacklines de 37mm | Slacktivity<\/title>\n<meta name=\"description\" content=\"A Catraca Inox Power Ratchet, \u00e9 super eficiente, leve, precisa e f\u00e1cil de usar. Uma excelente rela\u00e7\u00e3o pre\u00e7o-qualidade.\" \/>\n<meta name=\"robots\" content=\"index, follow, max-snippet:-1, max-image-preview:large, max-video-preview:-1\" \/>\n<link rel=\"canonical\" href=\"https:\/\/slacktivity.com\/pt-pt\/shop\/inox-power-ratchet-catraca-de-slackline\/\" \/>\n<meta property=\"og:locale\" content=\"pt_PT\" \/>\n<meta property=\"og:type\" content=\"article\" \/>\n<meta property=\"og:title\" content=\"INOX Power Ratchet: para slacklines de 37mm | Slacktivity\" \/>\n<meta property=\"og:description\" content=\"A Catraca Inox Power Ratchet, \u00e9 super eficiente, leve, precisa e f\u00e1cil de usar. Uma excelente rela\u00e7\u00e3o pre\u00e7o-qualidade.\" \/>\n<meta property=\"og:url\" content=\"https:\/\/slacktivity.com\/pt-pt\/shop\/inox-power-ratchet-catraca-de-slackline\/\" \/>\n<meta property=\"og:site_name\" content=\"Slacktivity Slacklines International Shop\" \/>\n<meta property=\"article:publisher\" content=\"https:\/\/www.facebook.com\/SLACKTIVITY\/\" \/>\n<meta property=\"og:image\" content=\"https:\/\/slacktivity.com\/wp-content\/uploads\/2022\/03\/inox-power-ratchet.jpg\" \/>\n\t<meta property=\"og:image:width\" content=\"1180\" \/>\n\t<meta property=\"og:image:height\" content=\"1377\" \/>\n\t<meta property=\"og:image:type\" content=\"image\/jpeg\" \/>\n<meta name=\"twitter:card\" content=\"summary_large_image\" \/>\n<meta name=\"twitter:label1\" content=\"Tempo estimado de leitura\" \/>\n\t<meta name=\"twitter:data1\" content=\"2 minutos\" \/>\n<script type=\"application\/ld+json\" class=\"yoast-schema-graph\">{\"@context\":\"https:\\\/\\\/schema.org\",\"@graph\":[{\"@type\":\"WebPage\",\"@id\":\"https:\\\/\\\/slacktivity.com\\\/pt-pt\\\/shop\\\/inox-power-ratchet-catraca-de-slackline\\\/\",\"url\":\"https:\\\/\\\/slacktivity.com\\\/pt-pt\\\/shop\\\/inox-power-ratchet-catraca-de-slackline\\\/\",\"name\":\"INOX Power Ratchet: para slacklines de 37mm | Slacktivity\",\"isPartOf\":{\"@id\":\"https:\\\/\\\/slacktivity.com\\\/pt-pt\\\/#website\"},\"primaryImageOfPage\":{\"@id\":\"https:\\\/\\\/slacktivity.com\\\/pt-pt\\\/shop\\\/inox-power-ratchet-catraca-de-slackline\\\/#primaryimage\"},\"image\":{\"@id\":\"https:\\\/\\\/slacktivity.com\\\/pt-pt\\\/shop\\\/inox-power-ratchet-catraca-de-slackline\\\/#primaryimage\"},\"thumbnailUrl\":\"https:\\\/\\\/slacktivity.com\\\/wp-content\\\/uploads\\\/2022\\\/03\\\/inox-power-ratchet.jpg\",\"datePublished\":\"2022-04-19T11:07:09+00:00\",\"description\":\"A Catraca Inox Power Ratchet, \u00e9 super eficiente, leve, precisa e f\u00e1cil de usar. Uma excelente rela\u00e7\u00e3o pre\u00e7o-qualidade.\",\"breadcrumb\":{\"@id\":\"https:\\\/\\\/slacktivity.com\\\/pt-pt\\\/shop\\\/inox-power-ratchet-catraca-de-slackline\\\/#breadcrumb\"},\"inLanguage\":\"pt-PT\",\"potentialAction\":[{\"@type\":\"ReadAction\",\"target\":[\"https:\\\/\\\/slacktivity.com\\\/pt-pt\\\/shop\\\/inox-power-ratchet-catraca-de-slackline\\\/\"]}]},{\"@type\":\"ImageObject\",\"inLanguage\":\"pt-PT\",\"@id\":\"https:\\\/\\\/slacktivity.com\\\/pt-pt\\\/shop\\\/inox-power-ratchet-catraca-de-slackline\\\/#primaryimage\",\"url\":\"https:\\\/\\\/slacktivity.com\\\/wp-content\\\/uploads\\\/2022\\\/03\\\/inox-power-ratchet.jpg\",\"contentUrl\":\"https:\\\/\\\/slacktivity.com\\\/wp-content\\\/uploads\\\/2022\\\/03\\\/inox-power-ratchet.jpg\",\"width\":1180,\"height\":1377,\"caption\":\"inox power ratchet catraca de slackline\"},{\"@type\":\"BreadcrumbList\",\"@id\":\"https:\\\/\\\/slacktivity.com\\\/pt-pt\\\/shop\\\/inox-power-ratchet-catraca-de-slackline\\\/#breadcrumb\",\"itemListElement\":[{\"@type\":\"ListItem\",\"position\":1,\"name\":\"Home\",\"item\":\"https:\\\/\\\/slacktivity.com\\\/pt-pt\\\/\"},{\"@type\":\"ListItem\",\"position\":2,\"name\":\"loja\",\"item\":\"https:\\\/\\\/slacktivity.com\\\/pt-pt\\\/loja\\\/\"},{\"@type\":\"ListItem\",\"position\":3,\"name\":\"INOX Power Ratchet | Para slacklines de 37mm\"}]},{\"@type\":\"WebSite\",\"@id\":\"https:\\\/\\\/slacktivity.com\\\/pt-pt\\\/#website\",\"url\":\"https:\\\/\\\/slacktivity.com\\\/pt-pt\\\/\",\"name\":\"Slacktivity Slacklines International Shop\",\"description\":\"Discover the innovative products of Slacktivity. Swiss designed premium slackline gear. Advice from our experts for the best and a safe slackline experience.\",\"publisher\":{\"@id\":\"https:\\\/\\\/slacktivity.com\\\/pt-pt\\\/#organization\"},\"potentialAction\":[{\"@type\":\"SearchAction\",\"target\":{\"@type\":\"EntryPoint\",\"urlTemplate\":\"https:\\\/\\\/slacktivity.com\\\/pt-pt\\\/?s={search_term_string}\"},\"query-input\":{\"@type\":\"PropertyValueSpecification\",\"valueRequired\":true,\"valueName\":\"search_term_string\"}}],\"inLanguage\":\"pt-PT\"},{\"@type\":\"Organization\",\"@id\":\"https:\\\/\\\/slacktivity.com\\\/pt-pt\\\/#organization\",\"name\":\"Slacktivity Slacklines\",\"url\":\"https:\\\/\\\/slacktivity.com\\\/pt-pt\\\/\",\"logo\":{\"@type\":\"ImageObject\",\"inLanguage\":\"pt-PT\",\"@id\":\"https:\\\/\\\/slacktivity.com\\\/pt-pt\\\/#\\\/schema\\\/logo\\\/image\\\/\",\"url\":\"https:\\\/\\\/slacktivity.com\\\/wp-content\\\/uploads\\\/2021\\\/01\\\/slacktivity-slackline-online-shop-1.png\",\"contentUrl\":\"https:\\\/\\\/slacktivity.com\\\/wp-content\\\/uploads\\\/2021\\\/01\\\/slacktivity-slackline-online-shop-1.png\",\"width\":200,\"height\":77,\"caption\":\"Slacktivity Slacklines\"},\"image\":{\"@id\":\"https:\\\/\\\/slacktivity.com\\\/pt-pt\\\/#\\\/schema\\\/logo\\\/image\\\/\"},\"sameAs\":[\"https:\\\/\\\/www.facebook.com\\\/SLACKTIVITY\\\/\",\"https:\\\/\\\/www.instagram.com\\\/slacktivity\\\/\"]}]}<\/script>\n<!-- \/ Yoast SEO plugin. -->","yoast_head_json":{"title":"INOX Power Ratchet: para slacklines de 37mm | Slacktivity","description":"A Catraca Inox Power Ratchet, \u00e9 super eficiente, leve, precisa e f\u00e1cil de usar. Uma excelente rela\u00e7\u00e3o pre\u00e7o-qualidade.","robots":{"index":"index","follow":"follow","max-snippet":"max-snippet:-1","max-image-preview":"max-image-preview:large","max-video-preview":"max-video-preview:-1"},"canonical":"https:\/\/slacktivity.com\/pt-pt\/shop\/inox-power-ratchet-catraca-de-slackline\/","og_locale":"pt_PT","og_type":"article","og_title":"INOX Power Ratchet: para slacklines de 37mm | Slacktivity","og_description":"A Catraca Inox Power Ratchet, \u00e9 super eficiente, leve, precisa e f\u00e1cil de usar. Uma excelente rela\u00e7\u00e3o pre\u00e7o-qualidade.","og_url":"https:\/\/slacktivity.com\/pt-pt\/shop\/inox-power-ratchet-catraca-de-slackline\/","og_site_name":"Slacktivity Slacklines International Shop","article_publisher":"https:\/\/www.facebook.com\/SLACKTIVITY\/","og_image":[{"width":1180,"height":1377,"url":"https:\/\/slacktivity.com\/wp-content\/uploads\/2022\/03\/inox-power-ratchet.jpg","type":"image\/jpeg"}],"twitter_card":"summary_large_image","twitter_misc":{"Tempo estimado de leitura":"2 minutos"},"schema":{"@context":"https:\/\/schema.org","@graph":[{"@type":"WebPage","@id":"https:\/\/slacktivity.com\/pt-pt\/shop\/inox-power-ratchet-catraca-de-slackline\/","url":"https:\/\/slacktivity.com\/pt-pt\/shop\/inox-power-ratchet-catraca-de-slackline\/","name":"INOX Power Ratchet: para slacklines de 37mm | Slacktivity","isPartOf":{"@id":"https:\/\/slacktivity.com\/pt-pt\/#website"},"primaryImageOfPage":{"@id":"https:\/\/slacktivity.com\/pt-pt\/shop\/inox-power-ratchet-catraca-de-slackline\/#primaryimage"},"image":{"@id":"https:\/\/slacktivity.com\/pt-pt\/shop\/inox-power-ratchet-catraca-de-slackline\/#primaryimage"},"thumbnailUrl":"https:\/\/slacktivity.com\/wp-content\/uploads\/2022\/03\/inox-power-ratchet.jpg","datePublished":"2022-04-19T11:07:09+00:00","description":"A Catraca Inox Power Ratchet, \u00e9 super eficiente, leve, precisa e f\u00e1cil de usar. Uma excelente rela\u00e7\u00e3o pre\u00e7o-qualidade.","breadcrumb":{"@id":"https:\/\/slacktivity.com\/pt-pt\/shop\/inox-power-ratchet-catraca-de-slackline\/#breadcrumb"},"inLanguage":"pt-PT","potentialAction":[{"@type":"ReadAction","target":["https:\/\/slacktivity.com\/pt-pt\/shop\/inox-power-ratchet-catraca-de-slackline\/"]}]},{"@type":"ImageObject","inLanguage":"pt-PT","@id":"https:\/\/slacktivity.com\/pt-pt\/shop\/inox-power-ratchet-catraca-de-slackline\/#primaryimage","url":"https:\/\/slacktivity.com\/wp-content\/uploads\/2022\/03\/inox-power-ratchet.jpg","contentUrl":"https:\/\/slacktivity.com\/wp-content\/uploads\/2022\/03\/inox-power-ratchet.jpg","width":1180,"height":1377,"caption":"inox power ratchet catraca de slackline"},{"@type":"BreadcrumbList","@id":"https:\/\/slacktivity.com\/pt-pt\/shop\/inox-power-ratchet-catraca-de-slackline\/#breadcrumb","itemListElement":[{"@type":"ListItem","position":1,"name":"Home","item":"https:\/\/slacktivity.com\/pt-pt\/"},{"@type":"ListItem","position":2,"name":"loja","item":"https:\/\/slacktivity.com\/pt-pt\/loja\/"},{"@type":"ListItem","position":3,"name":"INOX Power Ratchet | Para slacklines de 37mm"}]},{"@type":"WebSite","@id":"https:\/\/slacktivity.com\/pt-pt\/#website","url":"https:\/\/slacktivity.com\/pt-pt\/","name":"Slacktivity Slacklines International Shop","description":"Discover the innovative products of Slacktivity. Swiss designed premium slackline gear. Advice from our experts for the best and a safe slackline experience.","publisher":{"@id":"https:\/\/slacktivity.com\/pt-pt\/#organization"},"potentialAction":[{"@type":"SearchAction","target":{"@type":"EntryPoint","urlTemplate":"https:\/\/slacktivity.com\/pt-pt\/?s={search_term_string}"},"query-input":{"@type":"PropertyValueSpecification","valueRequired":true,"valueName":"search_term_string"}}],"inLanguage":"pt-PT"},{"@type":"Organization","@id":"https:\/\/slacktivity.com\/pt-pt\/#organization","name":"Slacktivity Slacklines","url":"https:\/\/slacktivity.com\/pt-pt\/","logo":{"@type":"ImageObject","inLanguage":"pt-PT","@id":"https:\/\/slacktivity.com\/pt-pt\/#\/schema\/logo\/image\/","url":"https:\/\/slacktivity.com\/wp-content\/uploads\/2021\/01\/slacktivity-slackline-online-shop-1.png","contentUrl":"https:\/\/slacktivity.com\/wp-content\/uploads\/2021\/01\/slacktivity-slackline-online-shop-1.png","width":200,"height":77,"caption":"Slacktivity Slacklines"},"image":{"@id":"https:\/\/slacktivity.com\/pt-pt\/#\/schema\/logo\/image\/"},"sameAs":["https:\/\/www.facebook.com\/SLACKTIVITY\/","https:\/\/www.instagram.com\/slacktivity\/"]}]}},"_links":{"self":[{"href":"https:\/\/slacktivity.com\/pt-pt\/wp-json\/wp\/v2\/product\/9586","targetHints":{"allow":["GET"]}}],"collection":[{"href":"https:\/\/slacktivity.com\/pt-pt\/wp-json\/wp\/v2\/product"}],"about":[{"href":"https:\/\/slacktivity.com\/pt-pt\/wp-json\/wp\/v2\/types\/product"}],"replies":[{"embeddable":true,"href":"https:\/\/slacktivity.com\/pt-pt\/wp-json\/wp\/v2\/comments?post=9586"}],"wp:featuredmedia":[{"embeddable":true,"href":"https:\/\/slacktivity.com\/pt-pt\/wp-json\/wp\/v2\/media\/9170"}],"wp:attachment":[{"href":"https:\/\/slacktivity.com\/pt-pt\/wp-json\/wp\/v2\/media?parent=9586"}],"wp:term":[{"taxonomy":"product_cat","embeddable":true,"href":"https:\/\/slacktivity.com\/pt-pt\/wp-json\/wp\/v2\/product_cat?post=9586"},{"taxonomy":"product_tag","embeddable":true,"href":"https:\/\/slacktivity.com\/pt-pt\/wp-json\/wp\/v2\/product_tag?post=9586"}],"curies":[{"name":"wp","href":"https:\/\/api.w.org\/{rel}","templated":true}]}}